{"id":9626,"date":"2025-07-09T07:58:52","date_gmt":"2025-07-09T06:58:52","guid":{"rendered":"https:\/\/espacetechnologie.ma\/product\/telecommande-de-television-pour-lifemaxxtoshibasanyohitachi\/"},"modified":"2025-08-03T07:50:38","modified_gmt":"2025-08-03T06:50:38","slug":"telecommande-de-television-pour-lifemaxxtoshibasanyohitachi","status":"publish","type":"product","link":"https:\/\/espacetechnologie.ma\/ar\/product\/telecommande-de-television-pour-lifemaxxtoshibasanyohitachi\/","title":{"rendered":"T\u00e9l\u00e9commande de t\u00e9l\u00e9vision pour lifemaxx,Toshiba,SANYO,Hitachi"},"content":{"rendered":"<p>Caract\u00e9ristique:<br \/>\nFabriqu\u00e9 en ABS de haute qualit\u00e9, r\u00e9sistant \u00e0 l&rsquo;usure et durable, vous donnant une sensation de main confortable.<br \/>\nNouvelle t\u00e9l\u00e9commande de remplacement, pr\u00eate \u00e0 l&#8217;emploi sans r\u00e9glage.<br \/>\nAcc\u00e8s facile et complet \u00e0 tous les boutons.<br \/>\nAucune programmation requise, mettez des piles et cela peut bien fonctionner. (batterie non incluse)<br \/>\nT\u00e9l\u00e9commande uniquement, les autres accessoires de d\u00e9monstration sur la photo ne sont pas inclus!<\/p>\n<p>Mod\u00e8le Compatible:<br \/>\nPour lifemaxx Toshiba Sharp POLAROID LUXOR BUSH CELCUS DIGIHOME FINLUX Hitachi TVs 22D1333B<br \/>\nPour Toshiba RC1910 Contr\u00f4leur<br \/>\nPour SANYO Mod\u00e8les: LCD19VT11DVD, LCD22VT11DVD.<\/p>\n<p>Sp\u00e9cifications:<br \/>\nType d&rsquo;article: t\u00e9l\u00e9commande<br \/>\nMat\u00e9riel: ABS<br \/>\nTaille: 200mm x 44mm x 20mm\/7.8&#215;1.7&#215;0.7in<br \/>\nCouleur: Noir<br \/>\nMod\u00e8le de batterie: 2 piles AAA (non incluses)<br \/>\nQuantit\u00e9: 1 PC<\/p>\n<p>Le forfait Comprend:<br \/>\n1 x T\u00e9l\u00e9commande<\/p>","protected":false},"excerpt":{"rendered":"<p>Type d&rsquo;article: t\u00e9l\u00e9commande<br \/>\nMat\u00e9riel: ABS<br \/>\nTaille: 200mm x 44mm x 20mm\/7.8&#215;1.7&#215;0.7in<br \/>\nCouleur: Noir<br \/>\nMod\u00e8le de batterie: 2 piles AAA (non incluses)<br \/>\nQuantit\u00e9: 1 PC<\/p>","protected":false},"featured_media":9625,"comment_status":"open","ping_status":"closed","template":"","meta":{"event_title":"","event_details":"","event_timezone":"","event_gmap":"","event_image":"","event_image_url":"","event_calendar_link":"","event_location":"","event_datetime_with_summary":"","event_datetime":"","event_date_type":"","event_rulesummary":"","event_ticket_rsvp":"","_gspb_post_css":""},"product_brand":[],"product_cat":[125,123],"product_tag":[],"class_list":{"0":"post-9626","1":"product","2":"type-product","3":"status-publish","4":"has-post-thumbnail","6":"product_cat-autres-accessoires-tv","7":"product_cat-tv","9":"first","10":"instock","11":"sale","12":"shipping-taxable","13":"purchasable","14":"product-type-simple"},"jetpack_sharing_enabled":true,"_links":{"self":[{"href":"https:\/\/espacetechnologie.ma\/ar\/wp-json\/wp\/v2\/product\/9626","targetHints":{"allow":["GET"]}}],"collection":[{"href":"https:\/\/espacetechnologie.ma\/ar\/wp-json\/wp\/v2\/product"}],"about":[{"href":"https:\/\/espacetechnologie.ma\/ar\/wp-json\/wp\/v2\/types\/product"}],"replies":[{"embeddable":true,"href":"https:\/\/espacetechnologie.ma\/ar\/wp-json\/wp\/v2\/comments?post=9626"}],"wp:featuredmedia":[{"embeddable":true,"href":"https:\/\/espacetechnologie.ma\/ar\/wp-json\/wp\/v2\/media\/9625"}],"wp:attachment":[{"href":"https:\/\/espacetechnologie.ma\/ar\/wp-json\/wp\/v2\/media?parent=9626"}],"wp:term":[{"taxonomy":"product_brand","embeddable":true,"href":"https:\/\/espacetechnologie.ma\/ar\/wp-json\/wp\/v2\/product_brand?post=9626"},{"taxonomy":"product_cat","embeddable":true,"href":"https:\/\/espacetechnologie.ma\/ar\/wp-json\/wp\/v2\/product_cat?post=9626"},{"taxonomy":"product_tag","embeddable":true,"href":"https:\/\/espacetechnologie.ma\/ar\/wp-json\/wp\/v2\/product_tag?post=9626"}],"curies":[{"name":"wp","href":"https:\/\/api.w.org\/{rel}","templated":true}]}}