{"id":9617,"date":"2025-07-09T07:58:50","date_gmt":"2025-07-09T06:58:50","guid":{"rendered":"https:\/\/espacetechnologie.ma\/product\/carte-dacquisition-video-hdmi-usb-2-0-3-0-pour-jeux-video-ps4-dvd-camescope-camera\/"},"modified":"2025-08-02T15:58:47","modified_gmt":"2025-08-02T14:58:47","slug":"carte-dacquisition-video-hdmi-usb-2-0-3-0-pour-jeux-video-ps4-dvd-camescope-camera","status":"publish","type":"product","link":"https:\/\/espacetechnologie.ma\/ar\/product\/carte-dacquisition-video-hdmi-usb-2-0-3-0-pour-jeux-video-ps4-dvd-camescope-camera\/","title":{"rendered":"carte d&rsquo;acquisition vid\u00e9o, HDMI \/ USB 2.0 3.0, pour jeux vid\u00e9o PS4, DVD, cam\u00e9scope, cam\u00e9ra"},"content":{"rendered":"<p>R\u00e9solution compatible HDMI: l&rsquo;entr\u00e9e la plus \u00e9lev\u00e9e peut supporter 3840&#215;2160 @ 60Hz<br \/>\nFormat d&rsquo;entr\u00e9e vid\u00e9o: profondeur de couleur 8\/10\/12 bits<br \/>\nMode de sortie vid\u00e9o: YUV, JPEG<br \/>\nR\u00e9solution de sortie vid\u00e9o: r\u00e9solution de sortie maximale 1920&#215;1080 @ 60Hz<br \/>\nLongueur du c\u00e2ble d&rsquo;entr\u00e9e: \u2264 15m, c\u00e2ble standard compatible HDMI AWG26<br \/>\nCourant de fonctionnement Maximum: 0,4a\/5VDC<br \/>\nPlage de temp\u00e9rature de fonctionnement: -10 \u2103 ~ + 55 \u2103<br \/>\n1x Carte de capture vid\u00e9o<br \/>\n1x manuel d&rsquo;utilisation<\/p>","protected":false},"excerpt":{"rendered":"<p>R\u00e9solution compatible HDMI: l&rsquo;entr\u00e9e la plus \u00e9lev\u00e9e peut supporter 3840&#215;2160 @ 60Hz Format d&rsquo;entr\u00e9e vid\u00e9o: profondeur de couleur 8\/10\/12 bits Mode de sortie vid\u00e9o: YUV, JPEG R\u00e9solution de sortie vid\u00e9o: r\u00e9solution de sortie maximale 1920&#215;1080 @ 60Hz Longueur du c\u00e2ble d&rsquo;entr\u00e9e: \u2264 15m, c\u00e2ble standard compatible HDMI AWG26 Courant de fonctionnement Maximum: 0,4a\/5VDC Plage de [&hellip;]<\/p>\n","protected":false},"featured_media":9616,"comment_status":"open","ping_status":"closed","template":"","meta":{"event_title":"","event_details":"","event_timezone":"","event_gmap":"","event_image":"","event_image_url":"","event_calendar_link":"","event_location":"","event_datetime_with_summary":"","event_datetime":"","event_date_type":"","event_rulesummary":"","event_ticket_rsvp":"","_gspb_post_css":""},"product_brand":[],"product_cat":[125,82,89,101,96,84,123],"product_tag":[],"class_list":{"0":"post-9617","1":"product","2":"type-product","3":"status-publish","4":"has-post-thumbnail","6":"product_cat-autres-accessoires-tv","7":"product_cat-gadgets","8":"product_cat-hubs-et-otg","9":"product_cat-hubs-pc","10":"product_cat-pc","11":"product_cat-smartphone","12":"product_cat-tv","14":"first","15":"instock","16":"sale","17":"shipping-taxable","18":"purchasable","19":"product-type-simple"},"jetpack_sharing_enabled":true,"_links":{"self":[{"href":"https:\/\/espacetechnologie.ma\/ar\/wp-json\/wp\/v2\/product\/9617","targetHints":{"allow":["GET"]}}],"collection":[{"href":"https:\/\/espacetechnologie.ma\/ar\/wp-json\/wp\/v2\/product"}],"about":[{"href":"https:\/\/espacetechnologie.ma\/ar\/wp-json\/wp\/v2\/types\/product"}],"replies":[{"embeddable":true,"href":"https:\/\/espacetechnologie.ma\/ar\/wp-json\/wp\/v2\/comments?post=9617"}],"wp:featuredmedia":[{"embeddable":true,"href":"https:\/\/espacetechnologie.ma\/ar\/wp-json\/wp\/v2\/media\/9616"}],"wp:attachment":[{"href":"https:\/\/espacetechnologie.ma\/ar\/wp-json\/wp\/v2\/media?parent=9617"}],"wp:term":[{"taxonomy":"product_brand","embeddable":true,"href":"https:\/\/espacetechnologie.ma\/ar\/wp-json\/wp\/v2\/product_brand?post=9617"},{"taxonomy":"product_cat","embeddable":true,"href":"https:\/\/espacetechnologie.ma\/ar\/wp-json\/wp\/v2\/product_cat?post=9617"},{"taxonomy":"product_tag","embeddable":true,"href":"https:\/\/espacetechnologie.ma\/ar\/wp-json\/wp\/v2\/product_tag?post=9617"}],"curies":[{"name":"wp","href":"https:\/\/api.w.org\/{rel}","templated":true}]}}