{"id":9613,"date":"2025-07-09T07:58:49","date_gmt":"2025-07-09T06:58:49","guid":{"rendered":"https:\/\/espacetechnologie.ma\/product\/telecommande-adaptee-pour-television-elexia\/"},"modified":"2026-01-24T18:37:14","modified_gmt":"2026-01-24T17:37:14","slug":"telecommande-adaptee-pour-television-elexia","status":"publish","type":"product","link":"https:\/\/espacetechnologie.ma\/ar\/product\/telecommande-adaptee-pour-television-elexia\/","title":{"rendered":"T\u00e9l\u00e9commande adapt\u00e9e pour t\u00e9l\u00e9vision elexia"},"content":{"rendered":"<p>Acc\u00e8s facile et complet \u00e0 tous les boutons<br \/>\nExp\u00e9dition plus rapide et excellent service<br \/>\nIl s&rsquo;agit d&rsquo;une t\u00e9l\u00e9commande de haute qualit\u00e9<br \/>\nAucun programme n\u00e9cessaire, juste besoin d&rsquo;installer une nouvelle batterie pour fonctionner<br \/>\nLa t\u00e9l\u00e9commande est compatible avec certains mod\u00e8les connus:RM-C3369 RM-C3329 32H31A 40H33A 43U55A 50Q75A50U55A 55Q75A 55U55A 65Q75A 65U55A 75Q75A 75U55ACR-42A-KT1942-111 HY-TVSAND32-001 HY-TVSAND43-003<br \/>\nAlimentation \u00e9lectrique: 2X pile alcaline 1.5V AAA<\/p>","protected":false},"excerpt":{"rendered":"<p>Acc\u00e8s facile et complet \u00e0 tous les boutons Exp\u00e9dition plus rapide et excellent service Il s&rsquo;agit d&rsquo;une t\u00e9l\u00e9commande de haute qualit\u00e9 Aucun programme n\u00e9cessaire, juste besoin d&rsquo;installer une nouvelle batterie pour fonctionner La t\u00e9l\u00e9commande est compatible avec certains mod\u00e8les connus:RM-C3369 RM-C3329 32H31A 40H33A 43U55A 50Q75A50U55A 55Q75A 55U55A 65Q75A 65U55A 75Q75A 75U55ACR-42A-KT1942-111 HY-TVSAND32-001 HY-TVSAND43-003 Alimentation \u00e9lectrique: [&hellip;]<\/p>\n","protected":false},"featured_media":9612,"comment_status":"open","ping_status":"closed","template":"","meta":{"event_title":"","event_details":"","event_timezone":"","event_gmap":"","event_image":"","event_image_url":"","event_calendar_link":"","event_location":"","event_datetime_with_summary":"","event_datetime":"","event_date_type":"","event_rulesummary":"","event_ticket_rsvp":"","_gspb_post_css":""},"product_brand":[],"product_cat":[125,123],"product_tag":[],"class_list":{"0":"post-9613","1":"product","2":"type-product","3":"status-publish","4":"has-post-thumbnail","6":"product_cat-autres-accessoires-tv","7":"product_cat-tv","9":"first","10":"instock","11":"sale","12":"shipping-taxable","13":"purchasable","14":"product-type-simple"},"jetpack_sharing_enabled":true,"_links":{"self":[{"href":"https:\/\/espacetechnologie.ma\/ar\/wp-json\/wp\/v2\/product\/9613","targetHints":{"allow":["GET"]}}],"collection":[{"href":"https:\/\/espacetechnologie.ma\/ar\/wp-json\/wp\/v2\/product"}],"about":[{"href":"https:\/\/espacetechnologie.ma\/ar\/wp-json\/wp\/v2\/types\/product"}],"replies":[{"embeddable":true,"href":"https:\/\/espacetechnologie.ma\/ar\/wp-json\/wp\/v2\/comments?post=9613"}],"wp:featuredmedia":[{"embeddable":true,"href":"https:\/\/espacetechnologie.ma\/ar\/wp-json\/wp\/v2\/media\/9612"}],"wp:attachment":[{"href":"https:\/\/espacetechnologie.ma\/ar\/wp-json\/wp\/v2\/media?parent=9613"}],"wp:term":[{"taxonomy":"product_brand","embeddable":true,"href":"https:\/\/espacetechnologie.ma\/ar\/wp-json\/wp\/v2\/product_brand?post=9613"},{"taxonomy":"product_cat","embeddable":true,"href":"https:\/\/espacetechnologie.ma\/ar\/wp-json\/wp\/v2\/product_cat?post=9613"},{"taxonomy":"product_tag","embeddable":true,"href":"https:\/\/espacetechnologie.ma\/ar\/wp-json\/wp\/v2\/product_tag?post=9613"}],"curies":[{"name":"wp","href":"https:\/\/api.w.org\/{rel}","templated":true}]}}