{"id":9601,"date":"2025-07-09T07:58:47","date_gmt":"2025-07-09T06:58:47","guid":{"rendered":"https:\/\/espacetechnologie.ma\/product\/camara-ip-4g-solaire-zoom-x10-optique-ptz-12mp\/"},"modified":"2025-08-06T19:28:18","modified_gmt":"2025-08-06T18:28:18","slug":"camara-ip-4g-solaire-zoom-x10-optique-ptz-12mp","status":"publish","type":"product","link":"https:\/\/espacetechnologie.ma\/ar\/product\/camara-ip-4g-solaire-zoom-x10-optique-ptz-12mp\/","title":{"rendered":"C\u00e1mara IP 4G solaire, Zoom x10 optique PTZ 12MP"},"content":{"rendered":"<p>Panormica e inclinacin : panormica de 355 degr\u00e9s e inclinacin de 90 grados<br \/>\nFrecuencia de banda 4G, B1\/B3\/B5\/B8\/B38\/B39\/B40\/B41<br \/>\nAdmite rouge de tarjeta SIM 4G + cableada rouge mediante<br \/>\n0 &#8211; 10 metros y d\u00e9parador de espera de larga distancia, arranque ms rpido<br \/>\nTres lentes con tres pantallas, vea ms ngeles al mismo tempo.<br \/>\nGrabacin automtica de alarma une couleur, visin nocturne con doble luz<br \/>\nResolucin de 12MP (4MP+4MP+4MP), lente de alta penetracin, imgenes de alta calidad<br \/>\nAdmite d\u00e9tection de mouvement humano, pulsacin precisa de alarma de aplicacin<br \/>\nAdmite visualisation\/r\u00e9production des applications \u00e9loign\u00e9es Android e IOS (APP: V380 Pro)<br \/>\nSupport zoom ptico de 10x, ampla que la imagen se vuelve ms clara.<br \/>\nIntercomunicador de voz bidirectionnel en tiempo real, en toute moment et en cualquier lugar pour la communication<br \/>\nAlmacenamiento en tarjeta TF sin rouge, almacenamiento de vdeo en la nube con ms seguridad<br \/>\n1P66 resistente al agua, al polvo, al viento y a la lluvia<br \/>\nsin miedo<\/p>","protected":false},"excerpt":{"rendered":"<p>Cmara IP 4G con tarjeta Sim 4G 12MP 6K pantallas triples<br \/>\nZoom ptico PTZ d\u00e9tection de movimiento visin nocturne en couleur V380 Pro moniteur de seguridad<\/p>","protected":false},"featured_media":9600,"comment_status":"open","ping_status":"closed","template":"","meta":{"event_title":"","event_details":"","event_timezone":"","event_gmap":"","event_image":"","event_image_url":"","event_calendar_link":"","event_location":"","event_datetime_with_summary":"","event_datetime":"","event_date_type":"","event_rulesummary":"","event_ticket_rsvp":"","_gspb_post_css":""},"product_brand":[],"product_cat":[131,132],"product_tag":[],"class_list":{"0":"post-9601","1":"product","2":"type-product","3":"status-publish","4":"has-post-thumbnail","6":"product_cat-cameras","7":"product_cat-cameras-de-surveillance","9":"first","10":"instock","11":"sale","12":"featured","13":"shipping-taxable","14":"purchasable","15":"product-type-simple"},"jetpack_sharing_enabled":true,"_links":{"self":[{"href":"https:\/\/espacetechnologie.ma\/ar\/wp-json\/wp\/v2\/product\/9601","targetHints":{"allow":["GET"]}}],"collection":[{"href":"https:\/\/espacetechnologie.ma\/ar\/wp-json\/wp\/v2\/product"}],"about":[{"href":"https:\/\/espacetechnologie.ma\/ar\/wp-json\/wp\/v2\/types\/product"}],"replies":[{"embeddable":true,"href":"https:\/\/espacetechnologie.ma\/ar\/wp-json\/wp\/v2\/comments?post=9601"}],"wp:featuredmedia":[{"embeddable":true,"href":"https:\/\/espacetechnologie.ma\/ar\/wp-json\/wp\/v2\/media\/9600"}],"wp:attachment":[{"href":"https:\/\/espacetechnologie.ma\/ar\/wp-json\/wp\/v2\/media?parent=9601"}],"wp:term":[{"taxonomy":"product_brand","embeddable":true,"href":"https:\/\/espacetechnologie.ma\/ar\/wp-json\/wp\/v2\/product_brand?post=9601"},{"taxonomy":"product_cat","embeddable":true,"href":"https:\/\/espacetechnologie.ma\/ar\/wp-json\/wp\/v2\/product_cat?post=9601"},{"taxonomy":"product_tag","embeddable":true,"href":"https:\/\/espacetechnologie.ma\/ar\/wp-json\/wp\/v2\/product_tag?post=9601"}],"curies":[{"name":"wp","href":"https:\/\/api.w.org\/{rel}","templated":true}]}}