{"id":9594,"date":"2025-07-09T07:58:45","date_gmt":"2025-07-09T06:58:45","guid":{"rendered":"https:\/\/espacetechnologie.ma\/product\/%d8%ac%d9%87%d8%a7%d8%b2-%d8%aa%d8%ad%d9%83%d9%85-%d8%b9%d9%86-%d8%a8%d8%b9%d8%af-%d9%84%d8%a7%d8%ac%d9%87%d8%b2%d8%a9-%d8%a7%d9%84%d8%a7%d8%b3%d8%aa%d9%82%d8%a8%d8%a7%d9%84-%d8%a7%d9%84%d8%b1%d9%82-3\/"},"modified":"2025-08-03T07:58:55","modified_gmt":"2025-08-03T06:58:55","slug":"%d8%ac%d9%87%d8%a7%d8%b2-%d8%aa%d8%ad%d9%83%d9%85-%d8%b9%d9%86-%d8%a8%d8%b9%d8%af-%d9%84%d8%a7%d8%ac%d9%87%d8%b2%d8%a9-%d8%a7%d9%84%d8%a7%d8%b3%d8%aa%d9%82%d8%a8%d8%a7%d9%84-%d8%a7%d9%84%d8%b1%d9%82-3","status":"publish","type":"product","link":"https:\/\/espacetechnologie.ma\/ar\/product\/%d8%ac%d9%87%d8%a7%d8%b2-%d8%aa%d8%ad%d9%83%d9%85-%d8%b9%d9%86-%d8%a8%d8%b9%d8%af-%d9%84%d8%a7%d8%ac%d9%87%d8%b2%d8%a9-%d8%a7%d9%84%d8%a7%d8%b3%d8%aa%d9%82%d8%a8%d8%a7%d9%84-%d8%a7%d9%84%d8%b1%d9%82-3\/","title":{"rendered":"\u062c\u0647\u0627\u0632 \u062a\u062d\u0643\u0645 \u0639\u0646 \u0628\u0639\u062f \u0644\u0627\u062c\u0647\u0632\u0629 \u0627\u0644\u0627\u0633\u062a\u0642\u0628\u0627\u0644 \u0627\u0644\u0631\u0642\u0645\u064a\u0629 HD- \u0645\u062a\u0648\u0627\u0641\u0642 \u0645\u0639 \u062c\u0645\u064a\u0639 \u0623\u062c\u0647\u0632\u0629 \u0627\u0644\u0627\u0633\u062a\u0642\u0628\u0627\u0644 \u0627\u0644\u0631\u0642\u0645\u064a\u0629 HD \u0645\u062b\u0627\u0644\u064a \u0644\u0627\u0633\u062a\u0628\u062f\u0627\u0644 \u062c\u0647\u0627\u0632 \u0642\u062f\u064a\u0645 \u0623\u0648 \u0645\u0643\u0633\u0648\u0631."},"content":{"rendered":"<p>Compatible avec tous les r\u00e9cepteurs num\u00e9riques HD<br \/>\nen \u00e9nergie et respectueux de l&rsquo;environnement<br \/>\nCon\u00e7u avec des touches d\u00e9licates, qui seront confortables et faciles \u00e0 utiliser<br \/>\nAvec une taille petite et compacte, l\u00e9g\u00e8re et facile \u00e0 saisir<br \/>\nDistance de transmission plus longue, performances stables<br \/>\nCeci est la t\u00e9l\u00e9commande de remplacement d\u00e9di\u00e9e<br \/>\nIl couvre toutes les fonctions de la t\u00e9l\u00e9commande<\/p>","protected":false},"excerpt":{"rendered":"<p>T\u00e9l\u00e9commande pour r\u00e9cepteur num\u00e9rique HD- Compatible avec tous les r\u00e9cepteurs num\u00e9riques HD, id\u00e9ale pour remplacer un appareil ancien ou cass\u00e9.<\/p>","protected":false},"featured_media":9593,"comment_status":"open","ping_status":"closed","template":"","meta":{"event_title":"","event_details":"","event_timezone":"","event_gmap":"","event_image":"","event_image_url":"","event_calendar_link":"","event_location":"","event_datetime_with_summary":"","event_datetime":"","event_date_type":"","event_rulesummary":"","event_ticket_rsvp":"","_gspb_post_css":""},"product_brand":[],"product_cat":[125,123],"product_tag":[],"class_list":{"0":"post-9594","1":"product","2":"type-product","3":"status-publish","4":"has-post-thumbnail","6":"product_cat-autres-accessoires-tv","7":"product_cat-tv","9":"first","10":"instock","11":"sale","12":"shipping-taxable","13":"purchasable","14":"product-type-simple"},"jetpack_sharing_enabled":true,"_links":{"self":[{"href":"https:\/\/espacetechnologie.ma\/ar\/wp-json\/wp\/v2\/product\/9594","targetHints":{"allow":["GET"]}}],"collection":[{"href":"https:\/\/espacetechnologie.ma\/ar\/wp-json\/wp\/v2\/product"}],"about":[{"href":"https:\/\/espacetechnologie.ma\/ar\/wp-json\/wp\/v2\/types\/product"}],"replies":[{"embeddable":true,"href":"https:\/\/espacetechnologie.ma\/ar\/wp-json\/wp\/v2\/comments?post=9594"}],"wp:featuredmedia":[{"embeddable":true,"href":"https:\/\/espacetechnologie.ma\/ar\/wp-json\/wp\/v2\/media\/9593"}],"wp:attachment":[{"href":"https:\/\/espacetechnologie.ma\/ar\/wp-json\/wp\/v2\/media?parent=9594"}],"wp:term":[{"taxonomy":"product_brand","embeddable":true,"href":"https:\/\/espacetechnologie.ma\/ar\/wp-json\/wp\/v2\/product_brand?post=9594"},{"taxonomy":"product_cat","embeddable":true,"href":"https:\/\/espacetechnologie.ma\/ar\/wp-json\/wp\/v2\/product_cat?post=9594"},{"taxonomy":"product_tag","embeddable":true,"href":"https:\/\/espacetechnologie.ma\/ar\/wp-json\/wp\/v2\/product_tag?post=9594"}],"curies":[{"name":"wp","href":"https:\/\/api.w.org\/{rel}","templated":true}]}}