{"id":9571,"date":"2025-07-09T07:58:39","date_gmt":"2025-07-09T06:58:39","guid":{"rendered":"https:\/\/espacetechnologie.ma\/product\/2000-mah-batterie-rechargeable-de-remplacement-pour-sony-pour-controleur-ps4\/"},"modified":"2025-08-03T07:28:55","modified_gmt":"2025-08-03T06:28:55","slug":"2000-mah-batterie-rechargeable-de-remplacement-pour-sony-pour-controleur-ps4","status":"publish","type":"product","link":"https:\/\/espacetechnologie.ma\/ar\/product\/2000-mah-batterie-rechargeable-de-remplacement-pour-sony-pour-controleur-ps4\/","title":{"rendered":"2000 mAh batterie Rechargeable de remplacement pour SONY pour contr\u00f4leur PS4"},"content":{"rendered":"<p>Contr\u00f4leur de batterie au lithium sans fil 1000mAh pour contr\u00f4leurs PlayStation 4 DualShock4 sans fil<br \/>\nContr\u00f4leur de batterie au lithium sans fil 1000mAh pour contr\u00f4leurs PlayStation 4 DualShock4 sans fil<br \/>\nMod\u00e8le: KCR1410<br \/>\nMod\u00e8le: KCR1410<\/p>","protected":false},"excerpt":{"rendered":"<p>Contr\u00f4leur de batterie au lithium sans fil 1000mAh pour contr\u00f4leurs PlayStation 4 DualShock4 sans fil Contr\u00f4leur de batterie au lithium sans fil 1000mAh pour contr\u00f4leurs PlayStation 4 DualShock4 sans fil Mod\u00e8le: KCR1410 Mod\u00e8le: KCR1410<\/p>","protected":false},"featured_media":9570,"comment_status":"open","ping_status":"closed","template":"","meta":{"event_title":"","event_details":"","event_timezone":"","event_gmap":"","event_image":"","event_image_url":"","event_calendar_link":"","event_location":"","event_datetime_with_summary":"","event_datetime":"","event_date_type":"","event_rulesummary":"","event_ticket_rsvp":"","_gspb_post_css":""},"product_brand":[],"product_cat":[82,129],"product_tag":[],"class_list":{"0":"post-9571","1":"product","2":"type-product","3":"status-publish","4":"has-post-thumbnail","6":"product_cat-gadgets","7":"product_cat-gaming","9":"first","10":"instock","11":"sale","12":"shipping-taxable","13":"purchasable","14":"product-type-simple"},"jetpack_sharing_enabled":true,"_links":{"self":[{"href":"https:\/\/espacetechnologie.ma\/ar\/wp-json\/wp\/v2\/product\/9571","targetHints":{"allow":["GET"]}}],"collection":[{"href":"https:\/\/espacetechnologie.ma\/ar\/wp-json\/wp\/v2\/product"}],"about":[{"href":"https:\/\/espacetechnologie.ma\/ar\/wp-json\/wp\/v2\/types\/product"}],"replies":[{"embeddable":true,"href":"https:\/\/espacetechnologie.ma\/ar\/wp-json\/wp\/v2\/comments?post=9571"}],"wp:featuredmedia":[{"embeddable":true,"href":"https:\/\/espacetechnologie.ma\/ar\/wp-json\/wp\/v2\/media\/9570"}],"wp:attachment":[{"href":"https:\/\/espacetechnologie.ma\/ar\/wp-json\/wp\/v2\/media?parent=9571"}],"wp:term":[{"taxonomy":"product_brand","embeddable":true,"href":"https:\/\/espacetechnologie.ma\/ar\/wp-json\/wp\/v2\/product_brand?post=9571"},{"taxonomy":"product_cat","embeddable":true,"href":"https:\/\/espacetechnologie.ma\/ar\/wp-json\/wp\/v2\/product_cat?post=9571"},{"taxonomy":"product_tag","embeddable":true,"href":"https:\/\/espacetechnologie.ma\/ar\/wp-json\/wp\/v2\/product_tag?post=9571"}],"curies":[{"name":"wp","href":"https:\/\/api.w.org\/{rel}","templated":true}]}}