{"id":9564,"date":"2025-07-09T07:58:38","date_gmt":"2025-07-09T06:58:38","guid":{"rendered":"https:\/\/espacetechnologie.ma\/product\/mini-sans-fil-vibreur-porte-arreter-alarme-pour-la-maison-en-forme-de-coin-bouchon-systeme-dalerte-de-securite-block-blocage-systeme-john-2\/"},"modified":"2025-08-03T07:24:41","modified_gmt":"2025-08-03T06:24:41","slug":"mini-sans-fil-vibreur-porte-arreter-alarme-pour-la-maison-en-forme-de-coin-bouchon-systeme-dalerte-de-securite-block-blocage-systeme-john-2","status":"publish","type":"product","link":"https:\/\/espacetechnologie.ma\/ar\/product\/mini-sans-fil-vibreur-porte-arreter-alarme-pour-la-maison-en-forme-de-coin-bouchon-systeme-dalerte-de-securite-block-blocage-systeme-john-2\/","title":{"rendered":"Mini Sans Fil Vibreur Porte Arr\u00eater Alarme Pour La Maison En Forme de Coin Bouchon Syst\u00e8me D&rsquo;alerte de S\u00e9curit\u00e9 Block Blocage Syst\u00e8me JOHN"},"content":{"rendered":"<p>Num\u00e9ro de mod\u00e8le: UOFLW10725<br \/>\nType: Quincaillerie de porte de garage<br \/>\nBatterie: 1 * 9V batterie (non inclus)<br \/>\nTaille: 135 * 45 * 40mm<br \/>\nUtilisation: porte<br \/>\nMat\u00e9riau: couvercle en acier inoxydable<br \/>\nAliment\u00e9 par: une pile de 9 volts (non incluse)<br \/>\nVolume de l&rsquo;alarme: 120 dB<br \/>\nTrois sensibilit\u00e9: haute, moyenne, basse<br \/>\nType d&rsquo;unit\u00e9: pi\u00e8ce<br \/>\nPoids de l&#8217;emballage: 0,12 kg (0,26 lb).<br \/>\nTaille du paquet: 14cm x 5cm x 4cm<\/p>","protected":false},"excerpt":{"rendered":"<p>\u0627\u0644\u062d\u062c\u0645: Approx.14 * 4.5 * 4CM<br \/>\n\u063a\u0637\u0627\u0621 \u0627\u0644\u0641\u0648\u0644\u0627\u0630 \u0627\u0644\u0645\u0642\u0627\u0648\u0645 \u0644\u0644\u0635\u062f\u0623.<br \/>\n\u062d\u0633\u0627\u0633\u064a\u0629 \u0639\u0627\u0644\u064a\u0629 \u0645\u062a\u0648\u0633\u0637\u0629 \u0645\u0646\u062e\u0641\u0636\u0629 \u0642\u0627\u0628\u0644 \u0644\u0644\u062a\u0639\u062f\u064a\u0644.<br \/>\n\u0644\u0627 \u064a\u0644\u0632\u0645 \u0627\u0644\u062a\u062b\u0628\u064a\u062a \u060c \u064a\u0633\u0647\u0644 \u0639\u0644\u0649 \u0627\u0644\u0645\u0633\u0627\u0641\u0631\u064a\u0646 \u062d\u0645\u0644\u0647.<br \/>\n\u064a\u0645\u0643\u0646 \u0627\u0633\u062a\u062e\u062f\u0627\u0645\u0647\u0627 \u0643\u0646\u0642\u0637\u0629 \u062a\u0648\u0642\u0641 \u0639\u0646\u062f \u0625\u064a\u0642\u0627\u0641 \u062a\u0634\u063a\u064a\u0644 \u0645\u0641\u062a\u0627\u062d \u0627\u0644\u0637\u0627\u0642\u0629.<br \/>\n\u0645\u062f\u0639\u0648\u0645 \u0645\u0646 \u0628\u0637\u0627\u0631\u064a\u0629 9 \u0641\u0648\u0644\u062a. (\u063a\u064a\u0631 \u0645\u0634\u0645\u0648\u0644)<br \/>\n\u062a\u0635\u0645\u064a\u0645 \u062e\u0627\u0635 \u0644\u0644\u0627\u0633\u062a\u062e\u062f\u0627\u0645 \u0641\u064a \u0627\u0644\u0645\u0646\u0632\u0644 \u0623\u0648 \u0627\u0644\u0645\u0643\u062a\u0628 \u0623\u0648 \u063a\u0631\u0641 \u0627\u0644\u0641\u0646\u0627\u062f\u0642.<br \/>\n\u064a\u0636\u0645\u0646 \u0633\u0644\u0627\u0645\u062a\u0643 \u0648\u0631\u0627\u062d\u0629 \u0627\u0644\u0628\u0627\u0644 \u0641\u064a \u0627\u0644\u0645\u0646\u0632\u0644 \u0623\u0648 \u0639\u0646\u062f \u0627\u0644\u0633\u0641\u0631.<\/p>","protected":false},"featured_media":9563,"comment_status":"open","ping_status":"closed","template":"","meta":{"event_title":"","event_details":"","event_timezone":"","event_gmap":"","event_image":"","event_image_url":"","event_calendar_link":"","event_location":"","event_datetime_with_summary":"","event_datetime":"","event_date_type":"","event_rulesummary":"","event_ticket_rsvp":"","_gspb_post_css":""},"product_brand":[],"product_cat":[82,130],"product_tag":[],"class_list":{"0":"post-9564","1":"product","2":"type-product","3":"status-publish","4":"has-post-thumbnail","6":"product_cat-gadgets","7":"product_cat-maison","9":"first","10":"instock","11":"sale","12":"shipping-taxable","13":"purchasable","14":"product-type-simple"},"jetpack_sharing_enabled":true,"_links":{"self":[{"href":"https:\/\/espacetechnologie.ma\/ar\/wp-json\/wp\/v2\/product\/9564","targetHints":{"allow":["GET"]}}],"collection":[{"href":"https:\/\/espacetechnologie.ma\/ar\/wp-json\/wp\/v2\/product"}],"about":[{"href":"https:\/\/espacetechnologie.ma\/ar\/wp-json\/wp\/v2\/types\/product"}],"replies":[{"embeddable":true,"href":"https:\/\/espacetechnologie.ma\/ar\/wp-json\/wp\/v2\/comments?post=9564"}],"wp:featuredmedia":[{"embeddable":true,"href":"https:\/\/espacetechnologie.ma\/ar\/wp-json\/wp\/v2\/media\/9563"}],"wp:attachment":[{"href":"https:\/\/espacetechnologie.ma\/ar\/wp-json\/wp\/v2\/media?parent=9564"}],"wp:term":[{"taxonomy":"product_brand","embeddable":true,"href":"https:\/\/espacetechnologie.ma\/ar\/wp-json\/wp\/v2\/product_brand?post=9564"},{"taxonomy":"product_cat","embeddable":true,"href":"https:\/\/espacetechnologie.ma\/ar\/wp-json\/wp\/v2\/product_cat?post=9564"},{"taxonomy":"product_tag","embeddable":true,"href":"https:\/\/espacetechnologie.ma\/ar\/wp-json\/wp\/v2\/product_tag?post=9564"}],"curies":[{"name":"wp","href":"https:\/\/api.w.org\/{rel}","templated":true}]}}