{"id":9539,"date":"2025-07-09T07:58:33","date_gmt":"2025-07-09T06:58:33","guid":{"rendered":"https:\/\/espacetechnologie.ma\/product\/clavier-et-souris-sans-fil-bluetooth-pour-android-ios-window\/"},"modified":"2025-08-02T15:25:59","modified_gmt":"2025-08-02T14:25:59","slug":"clavier-et-souris-sans-fil-bluetooth-pour-android-ios-window","status":"publish","type":"product","link":"https:\/\/espacetechnologie.ma\/ar\/product\/clavier-et-souris-sans-fil-bluetooth-pour-android-ios-window\/","title":{"rendered":"Clavier et souris sans fil Bluetooth, pour Android-iOS-Window"},"content":{"rendered":"<p>Caract\u00e9ristique:<br \/>\n1. Large compatibilit\u00e9: Compatible avec les quatre principaux syst\u00e8mes d&rsquo;exploitation\u00a0(compatible pour iOS \/ Android \/ Ma c OS \/ Windows)\u00a0qui prennent en charge Bluetooth compatible, compatible avec iPad\/iPhone\/tablettes, ordinateurs portables et t\u00e9l\u00e9phones mobiles compatibles<br \/>\nBluetooth, Comme compatible pour iPad air \/ iPad mini \/ iPad Pro \/ iPhone Xs Max etc. 2. Connexion stable: La technologie avanc\u00e9e compatible Bluetooth fournit une connexion sans c\u00e2ble dans une plage de travail de 10 m\u00e8tres. Mais pour les ordinateurs portables de bureau sans fonction compatible Bluetooth, vous devez ins\u00e9rer un adaptateur compatible<br \/>\nBluetooth tiers\u00a0(non inclus)\u00a0pour installer le pilote compatible Bluetooth avant utilisation; 3. Confortable et silencieux: les touches silencieuses et discr\u00e8tes apportent un tout nouveau niveau de confort au bout de vos doigts. En outre, gardez toutes les fonctions les plus utilis\u00e9es et les contr\u00f4les multim\u00e9dias plus proches que jamais de compatibles pour les raccourcis clavier sp\u00e9cifiques \u00e0 Windows; Remarque: veuillez changer de langue sur votre tablette, pas sur votre clavier.<br \/>\nDescription:<br \/>\nNom: Ensemble clavier + souris Clavier: 59 touches, 13 touches de raccourci; Tension de charge: 5V1A;Interface:<br \/>\nMicro USB; Mat\u00e9riau: ABS + alliage d&rsquo;aluminium;<br \/>\nCompatibilit\u00e9: compatible avec le syst\u00e8me Windows\/Android\/ IOS; 10 pouces: 15\u00d725cm; Poids: 180g;<br \/>\n1 \u00d7 Clavier compatible Bluetooth<br \/>\n1 \u00d7 Souris<br \/>\n1 x c\u00e2ble de chargement USB<br \/>\n1 x Instructions<br \/>\n1 \u00d7 bo\u00eete d&#8217;emballage<\/p>","protected":false},"excerpt":{"rendered":"<p>Nom: Ensemble clavier + souris Clavier:<br \/>\n59 touches, 13 touches de raccourci; Tension de<br \/>\ncharge: 5V1A;Interface:\u00a0Micro USB;<br \/>\nMat\u00e9riau: ABS + alliage d&rsquo;aluminium;<br \/>\nCompatibilit\u00e9: compatible avec le syst\u00e8me Windows\/Android\/ IOS;<br \/>\n10 pouces: 15\u00d725cm; Poids: 180g;<\/p>","protected":false},"featured_media":9538,"comment_status":"open","ping_status":"closed","template":"","meta":{"event_title":"","event_details":"","event_timezone":"","event_gmap":"","event_image":"","event_image_url":"","event_calendar_link":"","event_location":"","event_datetime_with_summary":"","event_datetime":"","event_date_type":"","event_rulesummary":"","event_ticket_rsvp":"","_gspb_post_css":""},"product_brand":[],"product_cat":[90,100,96,84],"product_tag":[],"class_list":{"0":"post-9539","1":"product","2":"type-product","3":"status-publish","4":"has-post-thumbnail","6":"product_cat-autres-accessoires-smartphone","7":"product_cat-claviers-et-souris","8":"product_cat-pc","9":"product_cat-smartphone","11":"first","12":"instock","13":"sale","14":"shipping-taxable","15":"purchasable","16":"product-type-simple"},"jetpack_sharing_enabled":true,"_links":{"self":[{"href":"https:\/\/espacetechnologie.ma\/ar\/wp-json\/wp\/v2\/product\/9539","targetHints":{"allow":["GET"]}}],"collection":[{"href":"https:\/\/espacetechnologie.ma\/ar\/wp-json\/wp\/v2\/product"}],"about":[{"href":"https:\/\/espacetechnologie.ma\/ar\/wp-json\/wp\/v2\/types\/product"}],"replies":[{"embeddable":true,"href":"https:\/\/espacetechnologie.ma\/ar\/wp-json\/wp\/v2\/comments?post=9539"}],"wp:featuredmedia":[{"embeddable":true,"href":"https:\/\/espacetechnologie.ma\/ar\/wp-json\/wp\/v2\/media\/9538"}],"wp:attachment":[{"href":"https:\/\/espacetechnologie.ma\/ar\/wp-json\/wp\/v2\/media?parent=9539"}],"wp:term":[{"taxonomy":"product_brand","embeddable":true,"href":"https:\/\/espacetechnologie.ma\/ar\/wp-json\/wp\/v2\/product_brand?post=9539"},{"taxonomy":"product_cat","embeddable":true,"href":"https:\/\/espacetechnologie.ma\/ar\/wp-json\/wp\/v2\/product_cat?post=9539"},{"taxonomy":"product_tag","embeddable":true,"href":"https:\/\/espacetechnologie.ma\/ar\/wp-json\/wp\/v2\/product_tag?post=9539"}],"curies":[{"name":"wp","href":"https:\/\/api.w.org\/{rel}","templated":true}]}}