{"id":9533,"date":"2025-07-09T07:58:31","date_gmt":"2025-07-09T06:58:31","guid":{"rendered":"https:\/\/espacetechnologie.ma\/product\/cable-adaptateur-compatible-hdmi-cable-usb-c\/"},"modified":"2025-08-03T06:38:36","modified_gmt":"2025-08-03T05:38:36","slug":"cable-adaptateur-compatible-hdmi-cable-usb-c","status":"publish","type":"product","link":"https:\/\/espacetechnologie.ma\/ar\/product\/cable-adaptateur-compatible-hdmi-cable-usb-c\/","title":{"rendered":"C\u00e2ble Adaptateur Compatible HDMI C\u00e2ble USB-C"},"content":{"rendered":"<p>Entr\u00e9e USB 3.0 Type C et sortie compatible HDMI 2.0<br \/>\nEn utilisant la derni\u00e8re interface USB3.0 Type-C pour l&rsquo;ordinateur\/t\u00e9l\u00e9phone portable pour connecter un \u00e9cran grand \u00e9cran, tout en prenant en charge la transmission audio et peut \u00eatre compatible avec d&rsquo;autres interfaces de TYPE C avec l&rsquo;ordinateur portable\/t\u00e9l\u00e9phone. 1080P fournissant une vid\u00e9o claire et vibrante.<br \/>\nConform\u00e9ment \u00e0 la conception standard USB3.0 et compatible HDMI 2.0, le taux de transfert de donn\u00e9es peut atteindre USB 3.0 &#8211; 10Gbps, soit une vitesse de bande passante 10 fois sup\u00e9rieure \u00e0 celle de l&rsquo;USB 2.0.<br \/>\nConception Plug and play, aucune alimentation externe et pilote requis avec ce c\u00e2ble.<br \/>\n1. Aucun adaptateur, aucun convertisseur n\u00e9cessaire.<br \/>\n2. Affichage de l&rsquo;exp\u00e9rience\/4K<br \/>\n3. Mat\u00e9riau de haute qualit\u00e9 pour une conductivit\u00e9 sup\u00e9rieure, les connecteurs plaqu\u00e9s or r\u00e9sistent \u00e0 la corrosion et offrent une durabilit\u00e9.<br \/>\nEntr\u00e9e USB 3.0 Type C et sortie compatible HDMI 2.0<br \/>\nEn utilisant la derni\u00e8re interface USB3.0 Type-C pour l&rsquo;ordinateur\/t\u00e9l\u00e9phone portable pour connecter un \u00e9cran grand \u00e9cran, tout en prenant en charge la transmission audio et peut \u00eatre compatible avec d&rsquo;autres interfaces de TYPE C avec l&rsquo;ordinateur portable\/t\u00e9l\u00e9phone. 1080P fournissant une vid\u00e9o claire et vibrante<br \/>\nConform\u00e9ment \u00e0 la conception standard USB3.0 et compatible HDMI 2.0, le taux de transfert de donn\u00e9es peut atteindre USB 3.0 &#8211; 10Gbps, soit une vitesse de bande passante 10 fois sup\u00e9rieure \u00e0 celle de l&rsquo;USB 2.0.<br \/>\nConception Plug and play, aucune alimentation externe et pilote requis avec ce c\u00e2ble.<\/p>","protected":false},"excerpt":{"rendered":"<p>Description de l&rsquo;article<br \/>\nC\u00e2ble compatible Type C vers HDMI C\u00e2bles adaptateur USB 3.0 vers HDMI compatible 4K pour MacBook Samsung Galaxy S9\/S8\/Note 9 Huawei<br \/>\nUSB-C C\u00e2ble compatible HDMI 2M<br \/>\nDescription:<br \/>\nSp\u00e9cifications:<br \/>\nPrend en charge la r\u00e9solution 4K * 2K @ 30Hz;1080P @ 30Hz.<br \/>\nPrend en charge plusieurs formats de couleurs: RVB 6\/8\/10\/12 bits par composant (bpc) et YCbCr4:4:4,<br \/>\nYCbCr4:2:2,8\/10\/12bpc.<br \/>\nPrend en charge les d\u00e9bits de donn\u00e9es par voie de 5.4 Gbps<br \/>\n(HBR2), 2.7 Gbps (HBR) et 1.62 Gbps (RBR).<br \/>\nLongueur du c\u00e2ble: 2m (env.)<\/p>","protected":false},"featured_media":9532,"comment_status":"open","ping_status":"closed","template":"","meta":{"event_title":"","event_details":"","event_timezone":"","event_gmap":"","event_image":"","event_image_url":"","event_calendar_link":"","event_location":"","event_datetime_with_summary":"","event_datetime":"","event_date_type":"","event_rulesummary":"","event_ticket_rsvp":"","_gspb_post_css":""},"product_brand":[],"product_cat":[102,125,96,123],"product_tag":[],"class_list":{"0":"post-9533","1":"product","2":"type-product","3":"status-publish","4":"has-post-thumbnail","6":"product_cat-autres-accessoires-pc","7":"product_cat-autres-accessoires-tv","8":"product_cat-pc","9":"product_cat-tv","11":"first","12":"instock","13":"sale","14":"shipping-taxable","15":"purchasable","16":"product-type-simple"},"jetpack_sharing_enabled":true,"_links":{"self":[{"href":"https:\/\/espacetechnologie.ma\/ar\/wp-json\/wp\/v2\/product\/9533","targetHints":{"allow":["GET"]}}],"collection":[{"href":"https:\/\/espacetechnologie.ma\/ar\/wp-json\/wp\/v2\/product"}],"about":[{"href":"https:\/\/espacetechnologie.ma\/ar\/wp-json\/wp\/v2\/types\/product"}],"replies":[{"embeddable":true,"href":"https:\/\/espacetechnologie.ma\/ar\/wp-json\/wp\/v2\/comments?post=9533"}],"wp:featuredmedia":[{"embeddable":true,"href":"https:\/\/espacetechnologie.ma\/ar\/wp-json\/wp\/v2\/media\/9532"}],"wp:attachment":[{"href":"https:\/\/espacetechnologie.ma\/ar\/wp-json\/wp\/v2\/media?parent=9533"}],"wp:term":[{"taxonomy":"product_brand","embeddable":true,"href":"https:\/\/espacetechnologie.ma\/ar\/wp-json\/wp\/v2\/product_brand?post=9533"},{"taxonomy":"product_cat","embeddable":true,"href":"https:\/\/espacetechnologie.ma\/ar\/wp-json\/wp\/v2\/product_cat?post=9533"},{"taxonomy":"product_tag","embeddable":true,"href":"https:\/\/espacetechnologie.ma\/ar\/wp-json\/wp\/v2\/product_tag?post=9533"}],"curies":[{"name":"wp","href":"https:\/\/api.w.org\/{rel}","templated":true}]}}