{"id":9529,"date":"2025-07-09T07:58:31","date_gmt":"2025-07-09T06:58:31","guid":{"rendered":"https:\/\/espacetechnologie.ma\/product\/%d9%85%d8%b3%d8%b1%d8%b9-%d9%84%d9%84%d8%b3%d9%83%d9%88%d8%aa%d8%b1-%d8%a7%d9%84%d9%83%d9%87%d8%b1%d8%a8%d8%a7%d8%a6%d9%8a-xiaomi-m365-pro-pro2\/"},"modified":"2025-08-03T06:38:51","modified_gmt":"2025-08-03T05:38:51","slug":"%d9%85%d8%b3%d8%b1%d8%b9-%d9%84%d9%84%d8%b3%d9%83%d9%88%d8%aa%d8%b1-%d8%a7%d9%84%d9%83%d9%87%d8%b1%d8%a8%d8%a7%d8%a6%d9%8a-xiaomi-m365-pro-pro2","status":"publish","type":"product","link":"https:\/\/espacetechnologie.ma\/ar\/product\/%d9%85%d8%b3%d8%b1%d8%b9-%d9%84%d9%84%d8%b3%d9%83%d9%88%d8%aa%d8%b1-%d8%a7%d9%84%d9%83%d9%87%d8%b1%d8%a8%d8%a7%d8%a6%d9%8a-xiaomi-m365-pro-pro2\/","title":{"rendered":"\u0645\u0633\u0631\u0639 \u0644\u0644\u0633\u0643\u0648\u062a\u0631 \u0627\u0644\u0643\u0647\u0631\u0628\u0627\u0626\u064a Xiaomi M365 Pro Pro2"},"content":{"rendered":"<p>Tout neuf de haute qualit\u00e9<br \/>\nConvient pour Xiaomi Mijia M365\/Pro\/1S<br \/>\nConvient pour Ninebot Max G30\/G30D<br \/>\nFabriqu\u00e9 en mat\u00e9riau de haute qualit\u00e9, durable et pratique \u00e0 utiliser<br \/>\nCouleur: noir\/jaune\/bleu\/rouge<br \/>\nQuantit\u00e9: 1pc<br \/>\nLe paquet comprend:<br \/>\nAssemblage d&rsquo;acc\u00e9l\u00e9rateur \u00e9lectrique 1pc<br \/>\nAvis:<br \/>\n1.Transition: 1cm = 10mm = 0.39 pouces.<br \/>\n2. Veuillez permettre une erreur de 1 \u00e0 2mm en raison de la mesure manuelle et assurez-vous que cela ne vous d\u00e9range pas avant de commander.<br \/>\n3. Veuillez comprendre que les couleurs peuvent exister aberration chromatique comme le placement diff\u00e9rent des images.<\/p>","protected":false},"excerpt":{"rendered":"<p>Tout neuf de haute qualit\u00e9<br \/>\nConvient pour Xiaomi Mijia M365\/Pro\/1S<br \/>\nConvient pour Ninebot Max G30\/G30D<br \/>\nFabriqu\u00e9 en mat\u00e9riau de haute qualit\u00e9, durable et pratique \u00e0 utiliser<br \/>\nCouleur: noir<\/p>","protected":false},"featured_media":9528,"comment_status":"open","ping_status":"closed","template":"","meta":{"event_title":"","event_details":"","event_timezone":"","event_gmap":"","event_image":"","event_image_url":"","event_calendar_link":"","event_location":"","event_datetime_with_summary":"","event_datetime":"","event_date_type":"","event_rulesummary":"","event_ticket_rsvp":"","_gspb_post_css":""},"product_brand":[],"product_cat":[122,120],"product_tag":[],"class_list":{"0":"post-9529","1":"product","2":"type-product","3":"status-publish","4":"has-post-thumbnail","6":"product_cat-accessoires-trottinette","7":"product_cat-trottinette","9":"first","10":"instock","11":"sale","12":"shipping-taxable","13":"purchasable","14":"product-type-simple"},"jetpack_sharing_enabled":true,"_links":{"self":[{"href":"https:\/\/espacetechnologie.ma\/ar\/wp-json\/wp\/v2\/product\/9529","targetHints":{"allow":["GET"]}}],"collection":[{"href":"https:\/\/espacetechnologie.ma\/ar\/wp-json\/wp\/v2\/product"}],"about":[{"href":"https:\/\/espacetechnologie.ma\/ar\/wp-json\/wp\/v2\/types\/product"}],"replies":[{"embeddable":true,"href":"https:\/\/espacetechnologie.ma\/ar\/wp-json\/wp\/v2\/comments?post=9529"}],"wp:featuredmedia":[{"embeddable":true,"href":"https:\/\/espacetechnologie.ma\/ar\/wp-json\/wp\/v2\/media\/9528"}],"wp:attachment":[{"href":"https:\/\/espacetechnologie.ma\/ar\/wp-json\/wp\/v2\/media?parent=9529"}],"wp:term":[{"taxonomy":"product_brand","embeddable":true,"href":"https:\/\/espacetechnologie.ma\/ar\/wp-json\/wp\/v2\/product_brand?post=9529"},{"taxonomy":"product_cat","embeddable":true,"href":"https:\/\/espacetechnologie.ma\/ar\/wp-json\/wp\/v2\/product_cat?post=9529"},{"taxonomy":"product_tag","embeddable":true,"href":"https:\/\/espacetechnologie.ma\/ar\/wp-json\/wp\/v2\/product_tag?post=9529"}],"curies":[{"name":"wp","href":"https:\/\/api.w.org\/{rel}","templated":true}]}}