{"id":9524,"date":"2025-07-09T07:58:30","date_gmt":"2025-07-09T06:58:30","guid":{"rendered":"https:\/\/espacetechnologie.ma\/product\/manette-de-jeu-bluetooth-sans-fil-pour-smartphone-gamepad-de-telephone-de-haute-qualite-pour-android-et-pour-le-controleur-de-jeu-de-telephone-de-controleur-de-jeu-de-ps3\/"},"modified":"2025-08-02T15:24:15","modified_gmt":"2025-08-02T14:24:15","slug":"manette-de-jeu-bluetooth-sans-fil-pour-smartphone-gamepad-de-telephone-de-haute-qualite-pour-android-et-pour-le-controleur-de-jeu-de-telephone-de-controleur-de-jeu-de-ps3","status":"publish","type":"product","link":"https:\/\/espacetechnologie.ma\/ar\/product\/manette-de-jeu-bluetooth-sans-fil-pour-smartphone-gamepad-de-telephone-de-haute-qualite-pour-android-et-pour-le-controleur-de-jeu-de-telephone-de-controleur-de-jeu-de-ps3\/","title":{"rendered":"manette de jeu bluetooth sans fil  pour smartphone &#8211; Gamepad de t\u00e9l\u00e9phone de haute qualit\u00e9 pour Android et  pour le contr\u00f4leur de jeu de t\u00e9l\u00e9phone de contr\u00f4leur de jeu de Ps3"},"content":{"rendered":"<p>Compatible Android, iOS (jailbreak\u00e9 uniquement) et PC<br \/>\nBluetooth 3.0 avec 10 m\u00e8tres de port\u00e9e<br \/>\nRechargeable, batterie int\u00e9gr\u00e9e de 500mAh<\/p>","protected":false},"excerpt":{"rendered":"<p>Compatible Android, iOS (jailbreak\u00e9 uniquement) et PC Bluetooth 3.0 avec 10 m\u00e8tres de port\u00e9e Rechargeable, batterie int\u00e9gr\u00e9e de 500mAh<\/p>","protected":false},"featured_media":9523,"comment_status":"open","ping_status":"closed","template":"","meta":{"event_title":"","event_details":"","event_timezone":"","event_gmap":"","event_image":"","event_image_url":"","event_calendar_link":"","event_location":"","event_datetime_with_summary":"","event_datetime":"","event_date_type":"","event_rulesummary":"","event_ticket_rsvp":"","_gspb_post_css":""},"product_brand":[],"product_cat":[129],"product_tag":[],"class_list":{"0":"post-9524","1":"product","2":"type-product","3":"status-publish","4":"has-post-thumbnail","6":"product_cat-gaming","8":"first","9":"instock","10":"sale","11":"shipping-taxable","12":"purchasable","13":"product-type-simple"},"jetpack_sharing_enabled":true,"_links":{"self":[{"href":"https:\/\/espacetechnologie.ma\/ar\/wp-json\/wp\/v2\/product\/9524","targetHints":{"allow":["GET"]}}],"collection":[{"href":"https:\/\/espacetechnologie.ma\/ar\/wp-json\/wp\/v2\/product"}],"about":[{"href":"https:\/\/espacetechnologie.ma\/ar\/wp-json\/wp\/v2\/types\/product"}],"replies":[{"embeddable":true,"href":"https:\/\/espacetechnologie.ma\/ar\/wp-json\/wp\/v2\/comments?post=9524"}],"wp:featuredmedia":[{"embeddable":true,"href":"https:\/\/espacetechnologie.ma\/ar\/wp-json\/wp\/v2\/media\/9523"}],"wp:attachment":[{"href":"https:\/\/espacetechnologie.ma\/ar\/wp-json\/wp\/v2\/media?parent=9524"}],"wp:term":[{"taxonomy":"product_brand","embeddable":true,"href":"https:\/\/espacetechnologie.ma\/ar\/wp-json\/wp\/v2\/product_brand?post=9524"},{"taxonomy":"product_cat","embeddable":true,"href":"https:\/\/espacetechnologie.ma\/ar\/wp-json\/wp\/v2\/product_cat?post=9524"},{"taxonomy":"product_tag","embeddable":true,"href":"https:\/\/espacetechnologie.ma\/ar\/wp-json\/wp\/v2\/product_tag?post=9524"}],"curies":[{"name":"wp","href":"https:\/\/api.w.org\/{rel}","templated":true}]}}