{"id":9513,"date":"2025-07-09T07:58:27","date_gmt":"2025-07-09T06:58:27","guid":{"rendered":"https:\/\/espacetechnologie.ma\/product\/adaptateur-usb-3-0-vers-rj45-gigabit-ethernet-lan-10-100-1000-mbps\/"},"modified":"2025-08-03T07:24:59","modified_gmt":"2025-08-03T06:24:59","slug":"adaptateur-usb-3-0-vers-rj45-gigabit-ethernet-lan-10-100-1000-mbps","status":"publish","type":"product","link":"https:\/\/espacetechnologie.ma\/ar\/product\/adaptateur-usb-3-0-vers-rj45-gigabit-ethernet-lan-10-100-1000-mbps\/","title":{"rendered":"Adaptateur USB 3.0 vers RJ45 Gigabit Ethernet LAN (10\/100\/1000) Mbps"},"content":{"rendered":"<p>Taux de Transmission:<br \/>\n10\/100\/1000Mbps<br \/>\nCouleur: noir<br \/>\nInterface d&rsquo;entr\u00e9e: RJ45 vers c\u00e2ble r\u00e9seau<br \/>\nInterface de sortie: USB 3.0 vers l&rsquo;ordinateur<br \/>\nCompatible pour: IEEE 802.3, 802.3u et 802.3ab (10 base-t, 100Base-TX et 1000Base-T.)<br \/>\nSyst\u00e8me pris en charge: Windows XP\/7\/8.11\/10\/Vista\/Macintosh OSX 10.6\/10.7<\/p>","protected":false},"excerpt":{"rendered":"<p>Taux de Transmission: 10\/100\/1000Mbps Couleur: noir Interface d&rsquo;entr\u00e9e: RJ45 vers c\u00e2ble r\u00e9seau Interface de sortie: USB 3.0 vers l&rsquo;ordinateur Compatible pour: IEEE 802.3, 802.3u et 802.3ab (10 base-t, 100Base-TX et 1000Base-T.) Syst\u00e8me pris en charge: Windows XP\/7\/8.11\/10\/Vista\/Macintosh OSX 10.6\/10.7<\/p>","protected":false},"featured_media":9512,"comment_status":"open","ping_status":"closed","template":"","meta":{"event_title":"","event_details":"","event_timezone":"","event_gmap":"","event_image":"","event_image_url":"","event_calendar_link":"","event_location":"","event_datetime_with_summary":"","event_datetime":"","event_date_type":"","event_rulesummary":"","event_ticket_rsvp":"","_gspb_post_css":""},"product_brand":[],"product_cat":[101,96],"product_tag":[],"class_list":{"0":"post-9513","1":"product","2":"type-product","3":"status-publish","4":"has-post-thumbnail","6":"product_cat-hubs-pc","7":"product_cat-pc","9":"first","10":"instock","11":"sale","12":"shipping-taxable","13":"purchasable","14":"product-type-simple"},"jetpack_sharing_enabled":true,"_links":{"self":[{"href":"https:\/\/espacetechnologie.ma\/ar\/wp-json\/wp\/v2\/product\/9513","targetHints":{"allow":["GET"]}}],"collection":[{"href":"https:\/\/espacetechnologie.ma\/ar\/wp-json\/wp\/v2\/product"}],"about":[{"href":"https:\/\/espacetechnologie.ma\/ar\/wp-json\/wp\/v2\/types\/product"}],"replies":[{"embeddable":true,"href":"https:\/\/espacetechnologie.ma\/ar\/wp-json\/wp\/v2\/comments?post=9513"}],"wp:featuredmedia":[{"embeddable":true,"href":"https:\/\/espacetechnologie.ma\/ar\/wp-json\/wp\/v2\/media\/9512"}],"wp:attachment":[{"href":"https:\/\/espacetechnologie.ma\/ar\/wp-json\/wp\/v2\/media?parent=9513"}],"wp:term":[{"taxonomy":"product_brand","embeddable":true,"href":"https:\/\/espacetechnologie.ma\/ar\/wp-json\/wp\/v2\/product_brand?post=9513"},{"taxonomy":"product_cat","embeddable":true,"href":"https:\/\/espacetechnologie.ma\/ar\/wp-json\/wp\/v2\/product_cat?post=9513"},{"taxonomy":"product_tag","embeddable":true,"href":"https:\/\/espacetechnologie.ma\/ar\/wp-json\/wp\/v2\/product_tag?post=9513"}],"curies":[{"name":"wp","href":"https:\/\/api.w.org\/{rel}","templated":true}]}}