{"id":9485,"date":"2025-07-09T07:58:21","date_gmt":"2025-07-09T06:58:21","guid":{"rendered":"https:\/\/espacetechnologie.ma\/product\/perche-a-selfie-avec-lumiere-et-telecommande-bluetooth\/"},"modified":"2025-08-02T16:00:19","modified_gmt":"2025-08-02T15:00:19","slug":"perche-a-selfie-avec-lumiere-et-telecommande-bluetooth","status":"publish","type":"product","link":"https:\/\/espacetechnologie.ma\/ar\/product\/perche-a-selfie-avec-lumiere-et-telecommande-bluetooth\/","title":{"rendered":"perche \u00e0 selfie avec lumi\u00e8re et t\u00e9l\u00e9commande Bluetooth"},"content":{"rendered":"<p>Description de l&rsquo;article<br \/>\nCaract\u00e9ristiques:<br \/>\n\u2022 Conception multifonctionnelle:<br \/>\nCe n&rsquo;est pas seulement un b\u00e2ton de selfie, mais peut \u00e9galement \u00eatre converti tr\u00e8s facilement en un support de t\u00e9l\u00e9phone et tr\u00e9pied de t\u00e9l\u00e9phone. Il est parfait pour prendre des photos et des vid\u00e9os dans diff\u00e9rents sc\u00e9narios, que vous soyez en voyage, vlogging, streaming en direct ou prendre des photos de famille.<br \/>\n\u2022 Lumi\u00e8re de remplissage:<br \/>\nIl est livr\u00e9 avec une lumi\u00e8re de remplissage, qui peut vous donner un \u00e9clairage pour prendre des photos m\u00eame dans des conditions de faible luminosit\u00e9.<br \/>\n\u2022 Angles r\u00e9glables:<br \/>\nLe poteau t\u00e9lescopique vous donne la hauteur maximale de 71cm, ce qui peut r\u00e9pondre aux demandes de hauteurs de photographie vari\u00e9es. La rotation vous offre une flexibilit\u00e9 pour un meilleur angle de vIsIon.<br \/>\n\u2022 T\u00e9l\u00e9commande d\u00e9tachable:<br \/>\nSi vous voulez une photo de groupe ou si vous voyagez seul, vous devez demander \u00e0 quelqu&rsquo;un de vous prendre en photo. Avec la t\u00e9l\u00e9commande sans fil d\u00e9tachable, vous n&rsquo;aurez plus jamais ce moment embarrassant. Vous pouvez commencer \u00e0 prendre des photos \u00e0 tout moment, n&rsquo;importe o\u00f9 sans demander de l&rsquo;aide \u00e0 personne.<br \/>\n\u2022 Base stable:<br \/>\nLe b\u00e2ton de selfie est fabriqu\u00e9 en mat\u00e9riau m\u00e9tallique de haute qualit\u00e9, qui peut vous fournir une base stable et vous assurer que votre t\u00e9l\u00e9phone restera bien en place pendant que vous prenez des photos et des vid\u00e9os.<br \/>\n\u2022 Pliable et portable:<br \/>\nAvec une longueur pli\u00e9e de seulement 18.5cm, ce qui le rend incroyablement facile \u00e0 transporter. Vous pouvez facilement l&#8217;emballer dans votre sac \u00e0 dos et l&#8217;emporter partout avec vous.<\/p>","protected":false},"excerpt":{"rendered":"<p>Couleur: Noir<br \/>\nLongueur pli\u00e9e: 18.5cm<br \/>\nLongueur maximale: 71cm<br \/>\nTaille d&#8217;emballage: 20cm * 6cm * 4cm<br \/>\nPoids: 130g<\/p>","protected":false},"featured_media":9484,"comment_status":"open","ping_status":"closed","template":"","meta":{"event_title":"","event_details":"","event_timezone":"","event_gmap":"","event_image":"","event_image_url":"","event_calendar_link":"","event_location":"","event_datetime_with_summary":"","event_datetime":"","event_date_type":"","event_rulesummary":"","event_ticket_rsvp":"","_gspb_post_css":""},"product_brand":[],"product_cat":[119,90,117,84,116],"product_tag":[],"class_list":{"0":"post-9485","1":"product","2":"type-product","3":"status-publish","4":"has-post-thumbnail","6":"product_cat-accessoires-studio","7":"product_cat-autres-accessoires-smartphone","8":"product_cat-eclairage-et-ring-lights","9":"product_cat-smartphone","10":"product_cat-studio","12":"first","13":"instock","14":"sale","15":"shipping-taxable","16":"purchasable","17":"product-type-simple"},"jetpack_sharing_enabled":true,"_links":{"self":[{"href":"https:\/\/espacetechnologie.ma\/ar\/wp-json\/wp\/v2\/product\/9485","targetHints":{"allow":["GET"]}}],"collection":[{"href":"https:\/\/espacetechnologie.ma\/ar\/wp-json\/wp\/v2\/product"}],"about":[{"href":"https:\/\/espacetechnologie.ma\/ar\/wp-json\/wp\/v2\/types\/product"}],"replies":[{"embeddable":true,"href":"https:\/\/espacetechnologie.ma\/ar\/wp-json\/wp\/v2\/comments?post=9485"}],"wp:featuredmedia":[{"embeddable":true,"href":"https:\/\/espacetechnologie.ma\/ar\/wp-json\/wp\/v2\/media\/9484"}],"wp:attachment":[{"href":"https:\/\/espacetechnologie.ma\/ar\/wp-json\/wp\/v2\/media?parent=9485"}],"wp:term":[{"taxonomy":"product_brand","embeddable":true,"href":"https:\/\/espacetechnologie.ma\/ar\/wp-json\/wp\/v2\/product_brand?post=9485"},{"taxonomy":"product_cat","embeddable":true,"href":"https:\/\/espacetechnologie.ma\/ar\/wp-json\/wp\/v2\/product_cat?post=9485"},{"taxonomy":"product_tag","embeddable":true,"href":"https:\/\/espacetechnologie.ma\/ar\/wp-json\/wp\/v2\/product_tag?post=9485"}],"curies":[{"name":"wp","href":"https:\/\/api.w.org\/{rel}","templated":true}]}}