{"id":9474,"date":"2025-07-09T07:58:18","date_gmt":"2025-07-09T06:58:18","guid":{"rendered":"https:\/\/espacetechnologie.ma\/product\/dunspen-ecouteurs-sans-fil-ds-pro5-anc-tws-bluetooth-5-0\/"},"modified":"2025-08-02T15:08:50","modified_gmt":"2025-08-02T14:08:50","slug":"dunspen-ecouteurs-sans-fil-ds-pro5-anc-tws-bluetooth-5-0","status":"publish","type":"product","link":"https:\/\/espacetechnologie.ma\/ar\/product\/dunspen-ecouteurs-sans-fil-ds-pro5-anc-tws-bluetooth-5-0\/","title":{"rendered":"DUNSPEN \u00c9couteurs sans fil DS-pro5+ ANC TWS Bluetooth 5.0"},"content":{"rendered":"<p>Model: DS-Pro5+<br \/>\nName: ANC TWS Wireless headset<br \/>\nWireless version: V5. 0<br \/>\nAudio decoding protocol: BC \/ AAC<br \/>\nSupport protocol: HFP \/ HSP \/ A2DP \/<br \/>\nFrequency range: 20-20KHZ<br \/>\nNoise reduction value: 25dB<br \/>\nMicrophone sensitivity: 113 + 3dB<br \/>\nCharging input: DC 5V-340MA<br \/>\nHeadphone battery capacity: 45mAh<br \/>\nCharging box battery capacity: 360mAh<br \/>\nMusic time: 5h<br \/>\n150MA + 10MA<br \/>\nMaterial: ABS + silicone<\/p>","protected":false},"excerpt":{"rendered":"<p>Mise \u00e0 niveau compl\u00e8te sans fil 5.0, transmission sans perte, plus rapide<br \/>\nLa nouvelle version de l&rsquo;appariement de la fen\u00eatre contextuelle, ouvrez le bo\u00eetier de charge pour correspondre \u00e0 la connexion.<br \/>\nNouvelle technologie tactile taille 1:1, confortable \u00e0 usure.<br \/>\nR\u00e9duction intelligente du bruit, appel clair bilat\u00e9ral binaural, un nouveau canal double st\u00e9r\u00e9o de qualit\u00e9 sup\u00e9rieure<br \/>\nSimplifiez-vous la vie avec le contr\u00f4le tactile sans bouton, nouveau Fonction d&rsquo;appel Siri.<br \/>\nForte r\u00e9serve de marche, longue veille 80 heures.<br \/>\nPrise en charge de la fonction de charge sans fil 8.Compatible avec IOS\/Android,<br \/>\nLes oreillettes des deux c\u00f4t\u00e9s peuvent basculer librement gr\u00e2ce \u00e0 une nouvelle fonction am\u00e9lior\u00e9e, utiliser et profiter de son innovation intelligente.<\/p>","protected":false},"featured_media":9473,"comment_status":"open","ping_status":"closed","template":"","meta":{"event_title":"","event_details":"","event_timezone":"","event_gmap":"","event_image":"","event_image_url":"","event_calendar_link":"","event_location":"","event_datetime_with_summary":"","event_datetime":"","event_date_type":"","event_rulesummary":"","event_ticket_rsvp":"","_gspb_post_css":""},"product_brand":[],"product_cat":[107,109],"product_tag":[],"class_list":{"0":"post-9474","1":"product","2":"type-product","3":"status-publish","4":"has-post-thumbnail","6":"product_cat-audio","7":"product_cat-ecouteurs-sans-fil","9":"first","10":"instock","11":"sale","12":"shipping-taxable","13":"purchasable","14":"product-type-simple"},"jetpack_sharing_enabled":true,"_links":{"self":[{"href":"https:\/\/espacetechnologie.ma\/ar\/wp-json\/wp\/v2\/product\/9474","targetHints":{"allow":["GET"]}}],"collection":[{"href":"https:\/\/espacetechnologie.ma\/ar\/wp-json\/wp\/v2\/product"}],"about":[{"href":"https:\/\/espacetechnologie.ma\/ar\/wp-json\/wp\/v2\/types\/product"}],"replies":[{"embeddable":true,"href":"https:\/\/espacetechnologie.ma\/ar\/wp-json\/wp\/v2\/comments?post=9474"}],"wp:featuredmedia":[{"embeddable":true,"href":"https:\/\/espacetechnologie.ma\/ar\/wp-json\/wp\/v2\/media\/9473"}],"wp:attachment":[{"href":"https:\/\/espacetechnologie.ma\/ar\/wp-json\/wp\/v2\/media?parent=9474"}],"wp:term":[{"taxonomy":"product_brand","embeddable":true,"href":"https:\/\/espacetechnologie.ma\/ar\/wp-json\/wp\/v2\/product_brand?post=9474"},{"taxonomy":"product_cat","embeddable":true,"href":"https:\/\/espacetechnologie.ma\/ar\/wp-json\/wp\/v2\/product_cat?post=9474"},{"taxonomy":"product_tag","embeddable":true,"href":"https:\/\/espacetechnologie.ma\/ar\/wp-json\/wp\/v2\/product_tag?post=9474"}],"curies":[{"name":"wp","href":"https:\/\/api.w.org\/{rel}","templated":true}]}}