{"id":9469,"date":"2025-07-09T07:58:18","date_gmt":"2025-07-09T06:58:18","guid":{"rendered":"https:\/\/espacetechnologie.ma\/product\/adaptateur-secteur15v-2-58a-44w-pour-ordinateur-microsoft-surface-book-pro-3-pro-4-pro-5-pro-6\/"},"modified":"2025-08-02T14:48:42","modified_gmt":"2025-08-02T13:48:42","slug":"adaptateur-secteur15v-2-58a-44w-pour-ordinateur-microsoft-surface-book-pro-3-pro-4-pro-5-pro-6","status":"publish","type":"product","link":"https:\/\/espacetechnologie.ma\/ar\/product\/adaptateur-secteur15v-2-58a-44w-pour-ordinateur-microsoft-surface-book-pro-3-pro-4-pro-5-pro-6\/","title":{"rendered":"Adaptateur secteur15V 2.58A 44W pour ordinateur Microsoft Surface Book Pro 3 Pro 4 Pro 5 Pro 6"},"content":{"rendered":"<p>Marque: FTEWUM<br \/>\nNum\u00e9ro de mod\u00e8le: SAA-44W258<br \/>\nEntr\u00e9e ca: 100-240V-1.5A, 50-60Hz<br \/>\nTension\/courant de sortie cc: 15V 2,58 a<br \/>\nPuissance d&rsquo;alimentation Watt: 44W<br \/>\nCostume: Pour Microsoft<\/p>","protected":false},"excerpt":{"rendered":"<p>Marque: FTEWUM Num\u00e9ro de mod\u00e8le: SAA-44W258 Entr\u00e9e ca: 100-240V-1.5A, 50-60Hz Tension\/courant de sortie cc: 15V 2,58 a Puissance d&rsquo;alimentation Watt: 44W Costume: Pour Microsoft<\/p>","protected":false},"featured_media":9468,"comment_status":"open","ping_status":"closed","template":"","meta":{"event_title":"","event_details":"","event_timezone":"","event_gmap":"","event_image":"","event_image_url":"","event_calendar_link":"","event_location":"","event_datetime_with_summary":"","event_datetime":"","event_date_type":"","event_rulesummary":"","event_ticket_rsvp":"","_gspb_post_css":""},"product_brand":[],"product_cat":[102,99,96],"product_tag":[],"class_list":{"0":"post-9469","1":"product","2":"type-product","3":"status-publish","4":"has-post-thumbnail","6":"product_cat-autres-accessoires-pc","7":"product_cat-chargeurs-pc","8":"product_cat-pc","10":"first","11":"instock","12":"sale","13":"shipping-taxable","14":"purchasable","15":"product-type-simple"},"jetpack_sharing_enabled":true,"_links":{"self":[{"href":"https:\/\/espacetechnologie.ma\/ar\/wp-json\/wp\/v2\/product\/9469","targetHints":{"allow":["GET"]}}],"collection":[{"href":"https:\/\/espacetechnologie.ma\/ar\/wp-json\/wp\/v2\/product"}],"about":[{"href":"https:\/\/espacetechnologie.ma\/ar\/wp-json\/wp\/v2\/types\/product"}],"replies":[{"embeddable":true,"href":"https:\/\/espacetechnologie.ma\/ar\/wp-json\/wp\/v2\/comments?post=9469"}],"wp:featuredmedia":[{"embeddable":true,"href":"https:\/\/espacetechnologie.ma\/ar\/wp-json\/wp\/v2\/media\/9468"}],"wp:attachment":[{"href":"https:\/\/espacetechnologie.ma\/ar\/wp-json\/wp\/v2\/media?parent=9469"}],"wp:term":[{"taxonomy":"product_brand","embeddable":true,"href":"https:\/\/espacetechnologie.ma\/ar\/wp-json\/wp\/v2\/product_brand?post=9469"},{"taxonomy":"product_cat","embeddable":true,"href":"https:\/\/espacetechnologie.ma\/ar\/wp-json\/wp\/v2\/product_cat?post=9469"},{"taxonomy":"product_tag","embeddable":true,"href":"https:\/\/espacetechnologie.ma\/ar\/wp-json\/wp\/v2\/product_tag?post=9469"}],"curies":[{"name":"wp","href":"https:\/\/api.w.org\/{rel}","templated":true}]}}