{"id":9460,"date":"2025-07-09T07:58:15","date_gmt":"2025-07-09T06:58:15","guid":{"rendered":"https:\/\/espacetechnologie.ma\/product\/microphone-microphone-dynamique-vocal-micro-pour-beta-58a-58-beta58a-pc-dj-mixer-microphones-karaoke\/"},"modified":"2025-08-02T15:22:46","modified_gmt":"2025-08-02T14:22:46","slug":"microphone-microphone-dynamique-vocal-micro-pour-beta-58a-58-beta58a-pc-dj-mixer-microphones-karaoke","status":"publish","type":"product","link":"https:\/\/espacetechnologie.ma\/ar\/product\/microphone-microphone-dynamique-vocal-micro-pour-beta-58a-58-beta58a-pc-dj-mixer-microphones-karaoke\/","title":{"rendered":"Microphone Microphone dynamique Vocal micro pour BETA 58A 58 BETA58A PC DJ Mixer Microphones karaok\u00e9"},"content":{"rendered":"<p>Le micro BT-58A est un micro dynamique cardio\u00efde. Le classique 58A est un favori pour le chanteur de sc\u00e8ne et le chant, et peut \u00eatre utilis\u00e9 sur les lutrins pour les syst\u00e8mes de sonorisation tels que ceux utilis\u00e9s dans les conventions politiques et les assembl\u00e9es l\u00e9gislatives, les salles de congr\u00e8s, les h\u00f4tels, les auditoriums, stades, \u00e9coles et \u00e9glises.<br \/>\n\u00a0<br \/>\nCaract\u00e9ristiques<br \/>\n. Un motif cardio\u00efde exceptionnellement uniforme minimise la r\u00e9troaction dans les applications PA<br \/>\n. Dynamique cardio\u00efde<br \/>\n. Couleur: noir, vert<br \/>\n\u00a0<br \/>\nEmballage inclus:<br \/>\n1 x Microphone Uniquement<br \/>\nPas D&rsquo;autres Produits<\/p>","protected":false},"excerpt":{"rendered":"<p>Un motif cardio\u00efde exceptionnellement uniforme minimise la r\u00e9troaction dans les applications PA<br \/>\nMicrophone BETA 58A<br \/>\nDynamique cardio\u00efde<br \/>\nCouleur: \u00a0vert<\/p>","protected":false},"featured_media":9459,"comment_status":"open","ping_status":"closed","template":"","meta":{"event_title":"","event_details":"","event_timezone":"","event_gmap":"","event_image":"","event_image_url":"","event_calendar_link":"","event_location":"","event_datetime_with_summary":"","event_datetime":"","event_date_type":"","event_rulesummary":"","event_ticket_rsvp":"","_gspb_post_css":""},"product_brand":[],"product_cat":[107,111],"product_tag":[],"class_list":{"0":"post-9460","1":"product","2":"type-product","3":"status-publish","4":"has-post-thumbnail","6":"product_cat-audio","7":"product_cat-microphones","9":"first","10":"instock","11":"sale","12":"shipping-taxable","13":"purchasable","14":"product-type-simple"},"jetpack_sharing_enabled":true,"_links":{"self":[{"href":"https:\/\/espacetechnologie.ma\/ar\/wp-json\/wp\/v2\/product\/9460","targetHints":{"allow":["GET"]}}],"collection":[{"href":"https:\/\/espacetechnologie.ma\/ar\/wp-json\/wp\/v2\/product"}],"about":[{"href":"https:\/\/espacetechnologie.ma\/ar\/wp-json\/wp\/v2\/types\/product"}],"replies":[{"embeddable":true,"href":"https:\/\/espacetechnologie.ma\/ar\/wp-json\/wp\/v2\/comments?post=9460"}],"wp:featuredmedia":[{"embeddable":true,"href":"https:\/\/espacetechnologie.ma\/ar\/wp-json\/wp\/v2\/media\/9459"}],"wp:attachment":[{"href":"https:\/\/espacetechnologie.ma\/ar\/wp-json\/wp\/v2\/media?parent=9460"}],"wp:term":[{"taxonomy":"product_brand","embeddable":true,"href":"https:\/\/espacetechnologie.ma\/ar\/wp-json\/wp\/v2\/product_brand?post=9460"},{"taxonomy":"product_cat","embeddable":true,"href":"https:\/\/espacetechnologie.ma\/ar\/wp-json\/wp\/v2\/product_cat?post=9460"},{"taxonomy":"product_tag","embeddable":true,"href":"https:\/\/espacetechnologie.ma\/ar\/wp-json\/wp\/v2\/product_tag?post=9460"}],"curies":[{"name":"wp","href":"https:\/\/api.w.org\/{rel}","templated":true}]}}