{"id":9455,"date":"2025-07-09T07:58:14","date_gmt":"2025-07-09T06:58:14","guid":{"rendered":"https:\/\/espacetechnologie.ma\/product\/%d9%83%d8%a7%d9%85%d9%8a%d8%b1%d8%a7-%d8%aa%d8%b9%d9%85%d9%84-%d8%a8%d8%a7%d9%84%d8%b7%d8%a7%d9%82%d8%a9-%d8%a7%d9%84%d8%b4%d9%85%d8%b3%d9%8a%d8%a9-%d9%85%d8%aa%d9%88%d8%a7%d9%81%d9%82%d8%a9-%d9%85-2\/"},"modified":"2025-08-02T13:09:17","modified_gmt":"2025-08-02T12:09:17","slug":"%d9%83%d8%a7%d9%85%d9%8a%d8%b1%d8%a7-%d8%aa%d8%b9%d9%85%d9%84-%d8%a8%d8%a7%d9%84%d8%b7%d8%a7%d9%82%d8%a9-%d8%a7%d9%84%d8%b4%d9%85%d8%b3%d9%8a%d8%a9-%d9%85%d8%aa%d9%88%d8%a7%d9%81%d9%82%d8%a9-%d9%85-2","status":"publish","type":"product","link":"https:\/\/espacetechnologie.ma\/ar\/product\/%d9%83%d8%a7%d9%85%d9%8a%d8%b1%d8%a7-%d8%aa%d8%b9%d9%85%d9%84-%d8%a8%d8%a7%d9%84%d8%b7%d8%a7%d9%82%d8%a9-%d8%a7%d9%84%d8%b4%d9%85%d8%b3%d9%8a%d8%a9-%d9%85%d8%aa%d9%88%d8%a7%d9%81%d9%82%d8%a9-%d9%85-2\/","title":{"rendered":"\u0643\u0627\u0645\u064a\u0631\u0627 \u062a\u0639\u0645\u0644 \u0628\u0627\u0644\u0637\u0627\u0642\u0629 \u0627\u0644\u0634\u0645\u0633\u064a\u0629 \u0645\u062a\u0648\u0627\u0641\u0642\u0629 \u0645\u0639 \u0634\u0631\u064a\u062d\u0629 SIM 4G \u0644\u062a\u062a\u0628\u0639 \u0627\u0644\u062d\u0631\u0643\u0629 \u0648\u062a\u0643\u0628\u064a\u0631 10x V380"},"content":{"rendered":"<p>4G \u0628\u0637\u0627\u0642\u0629 Sim \u0643\u0627\u0645\u064a\u0631\u0627 \u062a\u0639\u0645\u0644 \u0628\u0627\u0644\u0637\u0627\u0642\u0629 \u0627\u0644\u0634\u0645\u0633\u064a\u0629 \u0644\u0627\u0633\u0644\u0643\u064a\u0629 \u0641\u064a \u0627\u0644\u0647\u0648\u0627\u0621 \u0627\u0644\u0637\u0644\u0642 \u0645\u0642\u0627\u0648\u0645 \u0644\u0644\u0645\u0627\u0621 10x \u0627\u0644\u062a\u0643\u0628\u064a\u0631 \u0627\u062e\u062a\u064a\u0627\u0631\u064a PTZ \u0633\u0648\u0644\u0627\u0631\u064a\u0633 IP \u0643\u0627\u0645\u0627\u0631\u0627 V380 \u0641\u064a\u062f\u064a\u0648 CCTV \u0627\u0644\u062d\u0645\u0627\u064a\u0629 \u0627\u0644\u0623\u0645\u0646\u064a\u0629<br \/>\n\u0627\u0644\u062e\u0635\u0627\u0626\u0635 \u0627\u0644\u0631\u0626\u064a\u0633\u064a\u0629:<br \/>\n\u0627\u0644\u062a\u0637\u0628\u064a\u0642: V380 \/ V380 \u0628\u0631\u0648<br \/>\n\u0646\u0638\u0627\u0645 \u0627\u0644\u062a\u0634\u063a\u064a\u0644: \u0623\u0646\u062f\u0631\u0648\u064a\u062f\u060c IOS<br \/>\n\u062a\u0646\u0633\u064a\u0642 \u0627\u0644\u0641\u064a\u062f\u064a\u0648 \u0627\u0644\u0645\u0636\u063a\u0648\u0637: H.265\/15FPS<br \/>\n\u0627\u0644\u062f\u0642\u0629: \u062a\u064a\u0627\u0631 \u0627\u0644\u0643\u0648\u062f \u0627\u0644\u0631\u0626\u064a\u0633\u064a: 1920*1080P\u060c \u062a\u064a\u0627\u0631 \u0627\u0644\u0643\u0648\u062f \u0627\u0644\u0641\u0631\u0639\u064a: 640 \u00d7 360P<br \/>\n\u0634\u0628\u0643\u0629 4G: LTE-FDD:B1\/3\/5\/8\u060c LTE-TDD:B34\/B38\/39\/40\/41<br \/>\n\u0637\u0631\u064a\u0642\u0629 \u0627\u0644\u0643\u0634\u0641: \u0643\u0634\u0641 \u0627\u0644\u062d\u062b \u0627\u0644\u0645\u0632\u062f\u0648\u062c PIR + \u0627\u0644\u0631\u0627\u062f\u0627\u0631<br \/>\n\u0645\u0633\u0627\u0641\u0629 \u0627\u0644\u0643\u0634\u0641: 0 &#8211; 12 \u0645<br \/>\n\u0632\u0627\u0648\u064a\u0629 \u0627\u0644\u0643\u0634\u0641: 120 \u062f\u0631\u062c\u0629<br \/>\n\u0632\u0627\u0648\u064a\u0629 \u0627\u0644\u0631\u0624\u064a\u0629: 80 \u062f\u0631\u062c\u0629<br \/>\n\u0637\u0631\u064a\u0642\u0629 \u0627\u0644\u062a\u0646\u0628\u064a\u0647: \u062a\u0623\u0643\u064a\u062f \u0627\u0644\u062d\u062b \u0627\u0644\u0645\u0632\u062f\u0648\u062c \u0648\u062f\u0641\u0639 \u0645\u0639\u0644\u0648\u0645\u0627\u062a \u0627\u0644\u062a\u0646\u0628\u064a\u0647 \u0644\u0644\u0647\u0627\u062a\u0641 \u0627\u0644\u0645\u062d\u0645\u0648\u0644<br \/>\n\u0639\u0645\u0648\u0645 \u0627\u0644\u0645\u064a\u0644: 355 \u062f\u0631\u062c\u0629 \u0623\u0641\u0642\u064a\u060c 90 \u062f\u0631\u062c\u0629 \u0639\u0645\u0648\u062f\u064a<br \/>\n\u0633\u0631\u0639\u0629 \u0627\u0644\u062f\u0648\u0631\u0627\u0646: \u0623\u0641\u0642\u064a 55 \u062f\u0631\u062c\u0629\/\u062b\u0627\u0646\u064a\u0629\u060c \u0639\u0645\u0648\u062f\u064a 40 \u062f\u0631\u062c\u0629\/\u062b\u0627\u0646\u064a\u0629<br \/>\n\u0627\u0644\u0631\u0624\u064a\u0629 \u0627\u0644\u0644\u064a\u0644\u064a\u0629: \u0645\u0641\u062a\u0627\u062d IR-CUT \u062a\u0644\u0642\u0627\u0626\u064a\u060c \u062d\u0648\u0627\u0644\u064a 8 \u0623\u0645\u062a\u0627\u0631 (\u064a\u062e\u062a\u0644\u0641 \u062d\u0633\u0628 \u0627\u0644\u0628\u064a\u0626\u0629)<br \/>\n\u064a\u0645\u0643\u0646 \u0627\u0644\u062a\u062d\u0643\u0645 \u0641\u064a LED \u0627\u0644\u0623\u0628\u064a\u0636 \u0639\u0646 \u0628\u0639\u062f \u0639\u0628\u0631 \u0627\u0644\u062a\u0637\u0628\u064a\u0642: \u2460\u062a\u0634\u063a\u064a\u0644 \u2461\u0625\u064a\u0642\u0627\u0641 \u062a\u0634\u063a\u064a\u0644 \u2462\u062a\u0644\u0642\u0627\u0626\u064a<br \/>\n(\u0641\u064a \u0627\u0644\u0648\u0636\u0639 \u0627\u0644\u062a\u0644\u0642\u0627\u0626\u064a\u060c \u0633\u064a\u062a\u0645 \u062a\u0634\u063a\u064a\u0644 \u0636\u0648\u0621 \u0627\u0644\u0623\u0634\u0639\u0629 \u062a\u062d\u062a \u0627\u0644\u062d\u0645\u0631\u0627\u0621 \u0628\u0639\u062f \u0642\u0637\u0639 \u0627\u0644\u0623\u0634\u0639\u0629 \u062a\u062d\u062a \u0627\u0644\u062d\u0645\u0631\u0627\u0621 \u0625\u0644\u0649 \u0627\u0644\u0631\u0624\u064a\u0629 \u0627\u0644\u0644\u064a\u0644\u064a\u0629 \u0627\u0644\u062a\u0644\u0642\u0627\u0626\u064a\u0629\u060c<br \/>\n\u064a\u0645\u0643\u0646\u0647 \u0627\u0643\u062a\u0634\u0627\u0641 \u062c\u0633\u0645 \u0627\u0644\u0625\u0646\u0633\u0627\u0646 \u0628\u0630\u0643\u0627\u0621\u060c \u0648\u062a\u0634\u063a\u064a\u0644\/\u0625\u064a\u0642\u0627\u0641 \u0627\u0644\u0636\u0648\u0621 \u0627\u0644\u0623\u0628\u064a\u0636 \u0628\u0630\u0643\u0627\u0621)<br \/>\n\u0643\u0645\u064a\u0629 LED: 4 \u0642\u0637\u0639\u0629 \u0645\u0635\u0627\u0628\u064a\u062d LED \u0645\u0632\u062f\u0648\u062c\u0629 \u0627\u0644\u0646\u0648\u0627\u0629<br \/>\n\u0627\u0644\u062d\u062f \u0627\u0644\u0623\u062f\u0646\u0649 \u0645\u0646 \u0627\u0644\u0625\u0636\u0627\u0621\u0629: 0.02Lux@(F2.0,VGC ON),O.Luxwith IR<br \/>\n\u0627\u0644\u0635\u0645\u0627\u0645 \u0627\u0644\u0623\u0634\u0639\u0629 \u062a\u062d\u062a \u0627\u0644\u062d\u0645\u0631\u0627\u0621:<br \/>\n\u0645\u0633\u0627\u0641\u0629 LED \u0628\u0627\u0644\u0623\u0634\u0639\u0629 \u062a\u062d\u062a \u0627\u0644\u062d\u0645\u0631\u0627\u0621: 30 \u0645\u060c \u0627\u0644\u0645\u0633\u0627\u0641\u0629 \u0627\u0644\u0641\u0639\u0627\u0644\u0629: 10 \u0645<br \/>\nLED \u0627\u0644\u0623\u0628\u064a\u0636: \u0645\u0633\u0627\u0641\u0629 LED \u0628\u064a\u0636\u0627\u0621: 30 \u0645\u060c \u0627\u0644\u0645\u0633\u0627\u0641\u0629 \u0627\u0644\u0641\u0639\u0627\u0644\u0629: 10 \u0645<br \/>\n\u0645\u0643\u0628\u0631 \u0635\u0648\u062a \u0645\u062f\u0645\u062c: 3 \u0648\u0627\u062a<br \/>\n\u0645\u064a\u0643\u0631\u0648\u0641\u0648\u0646 \u0645\u062f\u0645\u062c: \u0627\u0644\u062a\u0642\u0627\u0637 \u0627\u0644\u0635\u0648\u062a \u062d\u0648\u0627\u0644\u064a 20 \u0645\u062a\u0631\u064b\u0627<br \/>\n\u0648\u0636\u0639 \u0625\u0645\u062f\u0627\u062f \u0627\u0644\u0637\u0627\u0642\u0629: \u0645\u062d\u0648\u0644 5 \u0641\u0648\u0644\u062a 2 \u0623\u0645\u0628\u064a\u0631\u060c \u0644\u0648\u062d\u0629 \u0634\u0645\u0633\u064a\u0629 (\u0648\u0627\u062c\u0647\u0629 \u0645\u0646 \u0627\u0644\u0646\u0648\u0639 C) + \u0628\u0637\u0627\u0631\u064a\u0629 3.7 \u0641\u0648\u0644\u062a 18650<br \/>\n\u0642\u0648\u0629 \u0627\u0644\u0623\u0644\u0648\u0627\u062d \u0627\u0644\u0634\u0645\u0633\u064a\u0629: 7 \u0648\u0627\u0637<br \/>\n\u0633\u0639\u0629 \u0627\u0644\u0628\u0637\u0627\u0631\u064a\u0629: \u0628\u0637\u0627\u0631\u064a\u0629 \u0645\u062f\u0645\u062c\u0629 \u0628\u0642\u0648\u0629 8000 \u0645\u0644\u0644\u064a \u0623\u0645\u0628\u064a\u0631 \u0641\u064a \u0627\u0644\u0633\u0627\u0639\u0629<br \/>\n\u0627\u0644\u0639\u062f\u0633\u0629: 4.0 \u0645\u0644\u0645 \u0639\u0646\u062f F1.6\u060c \u0639\u0631\u0636 \u0623\u0641\u0642\u064a: 80\u00b15\u00b0\u060c \u0639\u0645\u0648\u062f\u064a: 90\u00b15\u00b0<br \/>\n12.0 \u0645\u0645 \u0639\u0646\u062f F1.6\u060c \u0627\u0644\u0639\u0631\u0636 \u0627\u0644\u0623\u0641\u0642\u064a: 26\u00b11\u00b0\u060c \u0627\u0644\u0631\u0623\u0633\u064a: 30\u00b11\u00b0<br \/>\n\u0627\u0644\u062a\u0643\u0628\u064a\u0631 \u064a\u0631\u0628\u0643 10X (\u062a\u0642\u0631\u064a\u0628 \u0628\u0635\u0631\u064a 3X + \u062a\u0642\u0631\u064a\u0628 \u0631\u0642\u0645\u064a 3.2X)<br \/>\n\u0627\u0644\u0637\u0627\u0642\u0629: \u0627\u0644\u0645\u0646\u0628\u0647: 1.35 \u0648\u0627\u062a (5 \u0641\u0648\u0644\u062a 270 \u0645\u0644\u0644\u064a \u0623\u0645\u0628\u064a\u0631)\u060c \u062a\u0639\u0645\u0644 24 \u0633\u0627\u0639\u0629 \u0645\u062a\u0648\u0627\u0635\u0644\u0629<br \/>\n\u0627\u0644\u0646\u0648\u0645: 0.035 \u0648\u0627\u062a (3.7 \u0641\u0648\u0644\u062a 9.5 \u0645\u0644\u0644\u064a \u0623\u0645\u0628\u064a\u0631)\u060c \u0641\u064a \u0648\u0636\u0639 \u0627\u0644\u0627\u0633\u062a\u0639\u062f\u0627\u062f \u0644\u0645\u062f\u0629 \u0634\u0647\u0631 \u0648\u0627\u062d\u062f.<br \/>\n\u0645\u0635\u0628\u0627\u062d LED \u0645\u0641\u062a\u0648\u062d \u0628\u0627\u0644\u0623\u0634\u0639\u0629 \u062a\u062d\u062a \u0627\u0644\u062d\u0645\u0631\u0627\u0621: 3 \u0648\u0627\u062a\u060c \u0645\u0635\u0628\u0627\u062d LED \u0623\u0628\u064a\u0636 \u0645\u0641\u062a\u0648\u062d: 4 \u0648\u0627\u062a<br \/>\n\u0628\u064a\u0626\u0629 \u0627\u0644\u0639\u0645\u0644: \u0645\u0642\u0627\u0648\u0645\u0629 \u0644\u0644\u0645\u0627\u0621 IP66\u060c \u064a\u0645\u0643\u0646 \u0627\u0633\u062a\u062e\u062f\u0627\u0645\u0647\u0627 \u0641\u064a \u0627\u0644\u062f\u0627\u062e\u0644 \u0648\u0627\u0644\u062e\u0627\u0631\u062c<br \/>\n\u062f\u0631\u062c\u0629 \u062d\u0631\u0627\u0631\u0629 \u0627\u0644\u062a\u0634\u063a\u064a\u0644: -40 \u062f\u0631\u062c\u0629 ~ +50 \u062f\u0631\u062c\u0629<\/p>","protected":false},"excerpt":{"rendered":"<p>APPLICATION: V380 PRO<br \/>\nSyst\u00e8me d&rsquo;exploitation: Android, IOSFormat vid\u00e9o compress\u00e9: H.265\/15FPS<br \/>\nR\u00e9solution: flux de code principal: 1920*1080P, flux de sous-code: 640 \u00d7 360P<br \/>\nR\u00e9seau 4G: LTE-FDD:B1\/3\/5\/8, LTE-TDD:B34\/B38\/39\/40\/41<br \/>\nM\u00e9thode de d\u00e9tection: d\u00e9tection \u00e0 double induction PIR + Radar<br \/>\nDistance de d\u00e9tection: 0 &#8211; 12M<br \/>\nAngle de d\u00e9tection: 120 \u00b0<br \/>\nAngle de vue: 80 \u00b0<\/p>","protected":false},"featured_media":9454,"comment_status":"open","ping_status":"closed","template":"","meta":{"event_title":"","event_details":"","event_timezone":"","event_gmap":"","event_image":"","event_image_url":"","event_calendar_link":"","event_location":"","event_datetime_with_summary":"","event_datetime":"","event_date_type":"","event_rulesummary":"","event_ticket_rsvp":"","_gspb_post_css":""},"product_brand":[],"product_cat":[131,132],"product_tag":[],"class_list":{"0":"post-9455","1":"product","2":"type-product","3":"status-publish","4":"has-post-thumbnail","6":"product_cat-cameras","7":"product_cat-cameras-de-surveillance","9":"first","10":"instock","11":"sale","12":"shipping-taxable","13":"purchasable","14":"product-type-simple"},"jetpack_sharing_enabled":true,"_links":{"self":[{"href":"https:\/\/espacetechnologie.ma\/ar\/wp-json\/wp\/v2\/product\/9455","targetHints":{"allow":["GET"]}}],"collection":[{"href":"https:\/\/espacetechnologie.ma\/ar\/wp-json\/wp\/v2\/product"}],"about":[{"href":"https:\/\/espacetechnologie.ma\/ar\/wp-json\/wp\/v2\/types\/product"}],"replies":[{"embeddable":true,"href":"https:\/\/espacetechnologie.ma\/ar\/wp-json\/wp\/v2\/comments?post=9455"}],"wp:featuredmedia":[{"embeddable":true,"href":"https:\/\/espacetechnologie.ma\/ar\/wp-json\/wp\/v2\/media\/9454"}],"wp:attachment":[{"href":"https:\/\/espacetechnologie.ma\/ar\/wp-json\/wp\/v2\/media?parent=9455"}],"wp:term":[{"taxonomy":"product_brand","embeddable":true,"href":"https:\/\/espacetechnologie.ma\/ar\/wp-json\/wp\/v2\/product_brand?post=9455"},{"taxonomy":"product_cat","embeddable":true,"href":"https:\/\/espacetechnologie.ma\/ar\/wp-json\/wp\/v2\/product_cat?post=9455"},{"taxonomy":"product_tag","embeddable":true,"href":"https:\/\/espacetechnologie.ma\/ar\/wp-json\/wp\/v2\/product_tag?post=9455"}],"curies":[{"name":"wp","href":"https:\/\/api.w.org\/{rel}","templated":true}]}}