{"id":9440,"date":"2025-07-09T07:58:10","date_gmt":"2025-07-09T06:58:10","guid":{"rendered":"https:\/\/espacetechnologie.ma\/product\/onikuma-casque-k3-de-jeu-stereo-filaire-rgb-avec-micro-pour-pc-ps4-ps5-xbox-nintendo-switch-3\/"},"modified":"2025-08-06T19:36:43","modified_gmt":"2025-08-06T18:36:43","slug":"onikuma-casque-k3-de-jeu-stereo-filaire-rgb-avec-micro-pour-pc-ps4-ps5-xbox-nintendo-switch-3","status":"publish","type":"product","link":"https:\/\/espacetechnologie.ma\/ar\/product\/onikuma-casque-k3-de-jeu-stereo-filaire-rgb-avec-micro-pour-pc-ps4-ps5-xbox-nintendo-switch-3\/","title":{"rendered":"Onikuma Casque K3 de jeu st\u00e9r\u00e9o filaire RGB avec micro, pour PC\/PS4 PS5\/Xbox\/Nintendo switch"},"content":{"rendered":"<p>Sp\u00e9cification:<br \/>\nQearFun<br \/>\nMod\u00e8le: ONIKUMA K3<br \/>\nImp\u00e9dance: 32ohm<br \/>\nDiam\u00e8tre du conducteur: 50mm<br \/>\nSensibilit\u00e9: 105 \u00f7 3dB<br \/>\nImp\u00e9dance: 329 \u00f7 15%<br \/>\nPlage de fr\u00e9quence: 20 ~ 20000 Hz<br \/>\nTension de fonctionnement LED: DC5V +\/- 5%<br \/>\nInterface du casque: USB (branchez le connecteur USB, la lumi\u00e8re<br \/>\nLED est allum\u00e9e, d\u00e9branchez pour \u00e9teindre) + audio st\u00e9r\u00e9o de 3.5mm et prise micro<br \/>\nLongueur du c\u00e2ble: env. 2.2m\/7,22 pieds<br \/>\nMIC dimension MIC: 6.0&#215;2.7mm<br \/>\nSensibilit\u00e9 MIC: -42 + 3dB<br \/>\nImp\u00e9dance du micro: 2.2K9<br \/>\nPrise: 3.5mm (norme CTIA)<br \/>\nRemarque:<br \/>\nL&rsquo;USB est juste pour la lumi\u00e8re LED, lorsque vous branchez l&rsquo;USB, la<br \/>\nLED fonctionnera.<br \/>\nSi vous ne le souhaitez pas, ne branchez pas le c\u00e2ble USB.<br \/>\nNotre forfait comprend le c\u00e2ble s\u00e9parateur (2 prises audio)<br \/>\nLorsque le casque de jeu est utilis\u00e9 pour PC, vous devez utiliser le c\u00e2ble s\u00e9parateur.<br \/>\nContenu de l&#8217;emballage<br \/>\nCasque de jeu ONIKUMA K3 x 1<br \/>\nManuel de l&rsquo;utilisateur \u00d7 1<br \/>\n1 \u00e0 2 adaptateur Jack 3.5mm x1<br \/>\nCompatibilit\u00e9 multi-plateforme:<br \/>\nONIKUMA K3 est compatible avec PC, Xbox One, PS4, Switch, Wii U et les appareils mobiles avec une seule prise st\u00e9r\u00e9o de 3.5mm (4 p\u00f4les). Un c\u00e2ble PC avec deux prises casque et micro de 3.5mm est inclus, c&rsquo;est donc le seul casque dont vous avez besoin pour les jeux PC et console.<br \/>\nMicrophone antibruit<br \/>\nLe microphone omnidirectionnel offre une qualit\u00e9 vocale plus claire et un bruit de fond r\u00e9duit pour de meilleures discussions dans le jeu.<br \/>\nPerformance audio sup\u00e9rieure<br \/>\nLes haut-parleurs haute d\u00e9finition de 50mm offrent des aigus incroyablement clairs et des basses profondes et riches. Ecoutez chaque d\u00e9tail dans un son immersif.<br \/>\nJeux de longue dur\u00e9e<br \/>\nLes oreillettes en similicuir de qualit\u00e9 sup\u00e9rieure et le bandeau auto-ajustable, qui s&rsquo;adapte automatiquement \u00e0 la t\u00eate de l&rsquo;utilisateu~ aident \u00e0 r\u00e9partir uniform\u00e9ment la pression sur la t\u00eate et les or assurant un confort tout au long de la journ\u00e9e.<\/p>","protected":false},"excerpt":{"rendered":"<p>Mod\u00e8le: ONIKUMA K3<br \/>\nImp\u00e9dance: 32ohm<br \/>\nDiam\u00e8tre du conducteur: 50mm<br \/>\nSensibilit\u00e9: 105 \u00f7 3dB<br \/>\nImp\u00e9dance: 329 \u00f7 15%<br \/>\nPlage de fr\u00e9quence: 20 ~ 20000 Hz<br \/>\nTension de fonctionnement LED: DC5V +\/- 5%<br \/>\nInterface du casque: USB (branchez le connecteur USB, la lumi\u00e8re<br \/>\nLED est allum\u00e9e, d\u00e9branchez pour \u00e9teindre) + audio st\u00e9r\u00e9o de 3.5mm et prise micro<br \/>\nLongueur du c\u00e2ble: env. 2.2m\/7,22 pieds<br \/>\nMIC dimension MIC: 6.0&#215;2.7mm<br \/>\nSensibilit\u00e9 MIC: -42 + 3dB<br \/>\nImp\u00e9dance du micro: 2.2K9<br \/>\nPrise: 3.5mm (norme CTIA)<\/p>","protected":false},"featured_media":9439,"comment_status":"open","ping_status":"closed","template":"","meta":{"event_title":"","event_details":"","event_timezone":"","event_gmap":"","event_image":"","event_image_url":"","event_calendar_link":"","event_location":"","event_datetime_with_summary":"","event_datetime":"","event_date_type":"","event_rulesummary":"","event_ticket_rsvp":"","_gspb_post_css":""},"product_brand":[],"product_cat":[107,110,129],"product_tag":[],"class_list":{"0":"post-9440","1":"product","2":"type-product","3":"status-publish","4":"has-post-thumbnail","6":"product_cat-audio","7":"product_cat-casques","8":"product_cat-gaming","10":"first","11":"instock","12":"sale","13":"featured","14":"shipping-taxable","15":"purchasable","16":"product-type-simple"},"jetpack_sharing_enabled":true,"_links":{"self":[{"href":"https:\/\/espacetechnologie.ma\/ar\/wp-json\/wp\/v2\/product\/9440","targetHints":{"allow":["GET"]}}],"collection":[{"href":"https:\/\/espacetechnologie.ma\/ar\/wp-json\/wp\/v2\/product"}],"about":[{"href":"https:\/\/espacetechnologie.ma\/ar\/wp-json\/wp\/v2\/types\/product"}],"replies":[{"embeddable":true,"href":"https:\/\/espacetechnologie.ma\/ar\/wp-json\/wp\/v2\/comments?post=9440"}],"wp:featuredmedia":[{"embeddable":true,"href":"https:\/\/espacetechnologie.ma\/ar\/wp-json\/wp\/v2\/media\/9439"}],"wp:attachment":[{"href":"https:\/\/espacetechnologie.ma\/ar\/wp-json\/wp\/v2\/media?parent=9440"}],"wp:term":[{"taxonomy":"product_brand","embeddable":true,"href":"https:\/\/espacetechnologie.ma\/ar\/wp-json\/wp\/v2\/product_brand?post=9440"},{"taxonomy":"product_cat","embeddable":true,"href":"https:\/\/espacetechnologie.ma\/ar\/wp-json\/wp\/v2\/product_cat?post=9440"},{"taxonomy":"product_tag","embeddable":true,"href":"https:\/\/espacetechnologie.ma\/ar\/wp-json\/wp\/v2\/product_tag?post=9440"}],"curies":[{"name":"wp","href":"https:\/\/api.w.org\/{rel}","templated":true}]}}