{"id":9424,"date":"2025-07-09T07:58:06","date_gmt":"2025-07-09T06:58:06","guid":{"rendered":"https:\/\/espacetechnologie.ma\/product\/controleur-de-carte-mere-pour-scooter-electrique-bt-affichage-numerique-accelerateur-feu-avant-et-arriere-adapte-aux-paysages-xiaomi-m365-et-pro\/"},"modified":"2025-08-02T13:15:24","modified_gmt":"2025-08-02T12:15:24","slug":"controleur-de-carte-mere-pour-scooter-electrique-bt-affichage-numerique-accelerateur-feu-avant-et-arriere-adapte-aux-paysages-xiaomi-m365-et-pro","status":"publish","type":"product","link":"https:\/\/espacetechnologie.ma\/ar\/product\/controleur-de-carte-mere-pour-scooter-electrique-bt-affichage-numerique-accelerateur-feu-avant-et-arriere-adapte-aux-paysages-xiaomi-m365-et-pro\/","title":{"rendered":"Contr\u00f4leur de carte m\u00e8re pour scooter \u00e9lectrique, BT, affichage num\u00e9rique, acc\u00e9l\u00e9rateur, feu avant et arri\u00e8re, adapt\u00e9 aux paysages Xiaomi M365 et PRO"},"content":{"rendered":"<p>Description de l&rsquo;article<br \/>\nCaract\u00e9ristiques:<br \/>\nUtilisant un MCU haute performance 32 bits, il prend en charge les fonctions de protection contre les surtensions, les surintensit\u00e9s, les surchauffes, les sous-tensions, etc.<br \/>\nPrise en charge de la vitesse fixe, de la r\u00e9cup\u00e9ration de l&rsquo;\u00e9nergie de freinage et de la limite de vitesse r\u00e9glable.<br \/>\nLe contr\u00f4leur peut basculer entre les modes sport et confort.<br \/>\nGr\u00e2ce \u00e0 l&rsquo;application du t\u00e9l\u00e9phone portable, il peut non seulement mettre \u00e0 niveau le micrologiciel, mais \u00e9galement d\u00e9finir les param\u00e8tres ou afficher l&rsquo;\u00e9tat.<br \/>\nDouble syst\u00e8me en boucle ferm\u00e9e, fonctionnement silencieux, coupe en douceur pour l&rsquo;acc\u00e9l\u00e9ration secondaire.<br \/>\nIl est livr\u00e9 avec un phare et un feu arri\u00e8re, ce qui le rend plus s\u00fbr de rouler la nuit.<br \/>\nSp\u00e9cifications:<br \/>\nMat\u00e9riel: Aluminium + ABS + PCB Board<br \/>\nMax. Vitesse: 30 KM\/H<br \/>\nLimite de vitesse novice: 15 KM\/H<br \/>\nAngle d&rsquo;escalade: \u2264 15 degr\u00e9s<br \/>\nMax. Couple du moteur d&rsquo;entra\u00eenement: 35NM * 2<br \/>\nMax. Couple du moteur d&rsquo;entra\u00eenement: 35NM * 2<br \/>\nPuissance maximale du moteur d&rsquo;entra\u00eenement: 350W * 2<br \/>\nPuissance maximale instantan\u00e9e: 2000W<br \/>\nTaille de l&#8217;emballage: 180*180*50mm\/ 7.1*7.1*2.Oin<br \/>\nPoids du colis: 330g\/ 11.60z<br \/>\nListe d&#8217;emballage<br \/>\n1 * Carte contr\u00f4leur<br \/>\n1 * Tableau d&rsquo;affichage num\u00e9rique<br \/>\n1 * Lumi\u00e8re avant<br \/>\n1 * Feu arri\u00e8re<br \/>\n1 * ligne de communication<br \/>\n1 * Acc\u00e9l\u00e9rateur<\/p>","protected":false},"excerpt":{"rendered":"<p>Mat\u00e9riel: Aluminium + ABS + PCB Board<br \/>\nMax. Vitesse: 30 KM\/H<br \/>\nLimite de vitesse novice: 15 KM\/H<br \/>\nAngle d&rsquo;escalade: \u2264 15 degr\u00e9s<br \/>\nMax. Couple du moteur d&rsquo;entra\u00eenement: 35NM * 2<br \/>\nPuissance maximale du moteur d&rsquo;entra\u00eenement: 350W * 2<br \/>\nPuissance maximale instantan\u00e9e: 2000W<br \/>\nTaille de l&#8217;emballage: 180*180*50mm\/ 7.1*7.1*2.Oin<br \/>\nPoids du colis: 330g\/ 11.60z<\/p>","protected":false},"featured_media":9423,"comment_status":"open","ping_status":"closed","template":"","meta":{"event_title":"","event_details":"","event_timezone":"","event_gmap":"","event_image":"","event_image_url":"","event_calendar_link":"","event_location":"","event_datetime_with_summary":"","event_datetime":"","event_date_type":"","event_rulesummary":"","event_ticket_rsvp":"","_gspb_post_css":""},"product_brand":[],"product_cat":[122,120],"product_tag":[],"class_list":{"0":"post-9424","1":"product","2":"type-product","3":"status-publish","4":"has-post-thumbnail","6":"product_cat-accessoires-trottinette","7":"product_cat-trottinette","9":"first","10":"instock","11":"sale","12":"shipping-taxable","13":"purchasable","14":"product-type-simple"},"jetpack_sharing_enabled":true,"_links":{"self":[{"href":"https:\/\/espacetechnologie.ma\/ar\/wp-json\/wp\/v2\/product\/9424","targetHints":{"allow":["GET"]}}],"collection":[{"href":"https:\/\/espacetechnologie.ma\/ar\/wp-json\/wp\/v2\/product"}],"about":[{"href":"https:\/\/espacetechnologie.ma\/ar\/wp-json\/wp\/v2\/types\/product"}],"replies":[{"embeddable":true,"href":"https:\/\/espacetechnologie.ma\/ar\/wp-json\/wp\/v2\/comments?post=9424"}],"wp:featuredmedia":[{"embeddable":true,"href":"https:\/\/espacetechnologie.ma\/ar\/wp-json\/wp\/v2\/media\/9423"}],"wp:attachment":[{"href":"https:\/\/espacetechnologie.ma\/ar\/wp-json\/wp\/v2\/media?parent=9424"}],"wp:term":[{"taxonomy":"product_brand","embeddable":true,"href":"https:\/\/espacetechnologie.ma\/ar\/wp-json\/wp\/v2\/product_brand?post=9424"},{"taxonomy":"product_cat","embeddable":true,"href":"https:\/\/espacetechnologie.ma\/ar\/wp-json\/wp\/v2\/product_cat?post=9424"},{"taxonomy":"product_tag","embeddable":true,"href":"https:\/\/espacetechnologie.ma\/ar\/wp-json\/wp\/v2\/product_tag?post=9424"}],"curies":[{"name":"wp","href":"https:\/\/api.w.org\/{rel}","templated":true}]}}