{"id":9408,"date":"2025-07-09T07:58:03","date_gmt":"2025-07-09T06:58:03","guid":{"rendered":"https:\/\/espacetechnologie.ma\/product\/shtel-cable-adaptateur-repartiteur-audio-pour-iphone-haut-parleur-de-voiture\/"},"modified":"2025-08-03T07:36:38","modified_gmt":"2025-08-03T06:36:38","slug":"shtel-cable-adaptateur-repartiteur-audio-pour-iphone-haut-parleur-de-voiture","status":"publish","type":"product","link":"https:\/\/espacetechnologie.ma\/ar\/product\/shtel-cable-adaptateur-repartiteur-audio-pour-iphone-haut-parleur-de-voiture\/","title":{"rendered":"Shtel c\u00e2ble adaptateur r\u00e9partiteur audio pour iPhone, haut-parleur de voiture,"},"content":{"rendered":"<p>\u2022 Adaptateur de casque 8 broches \u00e0 3,5mm :Convertissez la sortie audio \u00e0 8 broches en entr\u00e9e 3,5mm pour une connectivit\u00e9 polyvalente.<br \/>\n\u2022 Charge et transfert de donn\u00e9es :Chargez votre appareil tout en transf\u00e9rant des donn\u00e9es avec facilit\u00e9 en utilisant ce c\u00e2ble.<br \/>\n\u2022 Connecteur st\u00e9r\u00e9o :Profitez de l&rsquo;audio de haute qualit\u00e9 avec la fonction de connecteur st\u00e9r\u00e9o.<br \/>\n\u2022 Blindage de tresse :Le blindage tress\u00e9 assure la durabilit\u00e9 et la protection contre les dommages.<br \/>\nS&rsquo;adapte parfaitement \u00e0:<br \/>\nIPhone 13\/13 Pro\/13 Pro Max\/13 Mini<br \/>\nIPhone 12\/12 Mini\/12 Pro\/12 Pro MAX<br \/>\nIPhone 11\/11 Pro\/11 Pro Max<br \/>\nIPhone X\/xr\/xs\/Xs Max<br \/>\nIPhone 8\/8 Plus\/7\/7 Plus<br \/>\nIPhone 6S\/6S Plus\/6\/6 Plus\/5C\/SE<br \/>\nIPad\/iPod<br \/>\nPrend en charge iOS 10\/11\/12\/13\/14\/15 ou syst\u00e8me ult\u00e9rieur<br \/>\nCaract\u00e9ristiques<br \/>\nAppareil compatible-Les c\u00e2bles audio de voiture sont compatibles avec l&rsquo;iPhone d&rsquo;Apple 13\/13 Mini\/13 Pro\/13 Pro Max\/12\/12 Mini\/12 Pro\/12 Pro\/12 Pro Max\/SE\/11 Pro Max\/11 Pro\/11\/XS\/XS Max\/XR\/X\/8\/8 Plus\/7\/7 Plus, iPad Pro \/Air \/mini, iPod touche la 6e g\u00e9n\u00e9ration et ainsi de suite.<br \/>\nPlug &#038; Play-Pas besoin de pilote ou d&rsquo;alimentation externe, il suffit de brancher et de jouer. Facile \u00e0 connecter et \u00e0 utiliser. Le cordon pour iPhone vous permet de profiter de la musique de haute qualit\u00e9 \u00e0 tout moment et n&rsquo;importe o\u00f9. Id\u00e9al pour la maison et les voyages.<br \/>\nTransmission sonore impressionnante-L&rsquo;aux-cord est construit avec une puce Hi-fi pour assurer la stabilit\u00e9 et la fid\u00e9lit\u00e9 de la transmission sonore, vous offrant un voyage de musique fantastique et une exp\u00e9rience lors de l&rsquo;utilisation de cette corde.<br \/>\nMat\u00e9riau de qualit\u00e9 premium-Le c\u00e2ble audio st\u00e9r\u00e9o pour iPhone construit avec une t\u00eate en aluminium textur\u00e9e et un mat\u00e9riau de c\u00e2ble TPE de qualit\u00e9 sup\u00e9rieure, rend le c\u00e2ble audio plus solide mais flexible et survit facilement \u00e0 une utilisation intensive au quotidien.<\/p>","protected":false},"excerpt":{"rendered":"<p>\u2022 Adaptateur de casque 8 broches \u00e0 3,5mm :Convertissez la sortie audio \u00e0 8 broches en entr\u00e9e 3,5mm pour une connectivit\u00e9 polyvalente.<br \/>\n\u2022 Charge et transfert de donn\u00e9es :Chargez votre appareil tout en transf\u00e9rant des donn\u00e9es avec facilit\u00e9 en utilisant ce c\u00e2ble.<br \/>\n\u2022 Connecteur st\u00e9r\u00e9o :Profitez de l&rsquo;audio de haute qualit\u00e9 avec la fonction de connecteur st\u00e9r\u00e9o.<br \/>\n\u2022 Blindage de tresse :Le blindage tress\u00e9 assure la durabilit\u00e9 et la protection contre les dommages.<\/p>","protected":false},"featured_media":9407,"comment_status":"open","ping_status":"closed","template":"","meta":{"event_title":"","event_details":"","event_timezone":"","event_gmap":"","event_image":"","event_image_url":"","event_calendar_link":"","event_location":"","event_datetime_with_summary":"","event_datetime":"","event_date_type":"","event_rulesummary":"","event_ticket_rsvp":"","_gspb_post_css":""},"product_brand":[],"product_cat":[86,84],"product_tag":[],"class_list":{"0":"post-9408","1":"product","2":"type-product","3":"status-publish","4":"has-post-thumbnail","6":"product_cat-cables","7":"product_cat-smartphone","9":"first","10":"instock","11":"sale","12":"shipping-taxable","13":"purchasable","14":"product-type-simple"},"jetpack_sharing_enabled":true,"_links":{"self":[{"href":"https:\/\/espacetechnologie.ma\/ar\/wp-json\/wp\/v2\/product\/9408","targetHints":{"allow":["GET"]}}],"collection":[{"href":"https:\/\/espacetechnologie.ma\/ar\/wp-json\/wp\/v2\/product"}],"about":[{"href":"https:\/\/espacetechnologie.ma\/ar\/wp-json\/wp\/v2\/types\/product"}],"replies":[{"embeddable":true,"href":"https:\/\/espacetechnologie.ma\/ar\/wp-json\/wp\/v2\/comments?post=9408"}],"wp:featuredmedia":[{"embeddable":true,"href":"https:\/\/espacetechnologie.ma\/ar\/wp-json\/wp\/v2\/media\/9407"}],"wp:attachment":[{"href":"https:\/\/espacetechnologie.ma\/ar\/wp-json\/wp\/v2\/media?parent=9408"}],"wp:term":[{"taxonomy":"product_brand","embeddable":true,"href":"https:\/\/espacetechnologie.ma\/ar\/wp-json\/wp\/v2\/product_brand?post=9408"},{"taxonomy":"product_cat","embeddable":true,"href":"https:\/\/espacetechnologie.ma\/ar\/wp-json\/wp\/v2\/product_cat?post=9408"},{"taxonomy":"product_tag","embeddable":true,"href":"https:\/\/espacetechnologie.ma\/ar\/wp-json\/wp\/v2\/product_tag?post=9408"}],"curies":[{"name":"wp","href":"https:\/\/api.w.org\/{rel}","templated":true}]}}