{"id":9394,"date":"2025-07-09T07:57:59","date_gmt":"2025-07-09T06:57:59","guid":{"rendered":"https:\/\/espacetechnologie.ma\/product\/%d8%a8%d8%b7%d8%a7%d9%82%d8%a9-%d8%a7%d9%84%d8%b5%d9%88%d8%aa-x50-%d8%a7%d8%ad%d8%aa%d8%b1%d8%a7%d9%81%d9%8a%d8%a9-%d9%84%d8%b5%d9%88%d8%aa-%d8%a7%d9%84%d8%a7%d8%b3%d8%aa%d9%88%d8%af%d9%8a%d9%88\/"},"modified":"2025-10-23T00:00:24","modified_gmt":"2025-10-22T23:00:24","slug":"%d8%a8%d8%b7%d8%a7%d9%82%d8%a9-%d8%a7%d9%84%d8%b5%d9%88%d8%aa-x50-%d8%a7%d8%ad%d8%aa%d8%b1%d8%a7%d9%81%d9%8a%d8%a9-%d9%84%d8%b5%d9%88%d8%aa-%d8%a7%d9%84%d8%a7%d8%b3%d8%aa%d9%88%d8%af%d9%8a%d9%88","status":"publish","type":"product","link":"https:\/\/espacetechnologie.ma\/ar\/product\/%d8%a8%d8%b7%d8%a7%d9%82%d8%a9-%d8%a7%d9%84%d8%b5%d9%88%d8%aa-x50-%d8%a7%d8%ad%d8%aa%d8%b1%d8%a7%d9%81%d9%8a%d8%a9-%d9%84%d8%b5%d9%88%d8%aa-%d8%a7%d9%84%d8%a7%d8%b3%d8%aa%d9%88%d8%af%d9%8a%d9%88\/","title":{"rendered":"\u0628\u0637\u0627\u0642\u0629 \u0627\u0644\u0635\u0648\u062a X50 \u0627\u062d\u062a\u0631\u0627\u0641\u064a\u0629 \u0644\u0635\u0648\u062a \u0627\u0644\u0627\u0633\u062a\u0648\u062f\u064a\u0648 \u0648\u0627\u0644\u0648\u0627\u062c\u0647\u0629 \u0627\u0644\u062b\u0627\u0628\u062a\u0629 \u0644\u0644\u0643\u0645\u0628\u064a\u0648\u062a\u0631 \u0627\u0644\u0634\u062e\u0635\u064a \u0648\u0627\u0644\u0647\u0648\u0627\u062a\u0641 \u0627\u0644\u0645\u062d\u0645\u0648\u0644\u0629"},"content":{"rendered":"<p>Carte son X50 r\u00e9glage professionnel Performance stable Compact prend en charge la diffusion en direct tout en chargeant le changeur de voix pour t\u00e9l\u00e9phone portable<\/p>\n<p>Description:<br \/>\nApr\u00e8s avoir branch\u00e9 l&rsquo;alimentation sur la carte son, vous pouvez charger s\u00e9par\u00e9ment le t\u00e9l\u00e9phone et la carte son en m\u00eame temps, pour r\u00e9pondre aux besoins d&rsquo;une longue dur\u00e9e de vie. Apr\u00e8s avoir activ\u00e9 la carte son compatible Bluetooth, vous pouvez utiliser votre t\u00e9l\u00e9phone pour rechercher la carte son compatible Bluetooth mod\u00e8le X50, puis cliquer sur connecter pour r\u00e9ussir le couplage.<br \/>\nUne carte son qui prend en charge la plupart des logiciels de chant en direct sur le march\u00e9 est compatible avec la plupart des t\u00e9l\u00e9phones mobiles\/ordinateurs sur le march\u00e9. Et avec une nouvelle g\u00e9n\u00e9ration de puce de r\u00e9duction de bruit hybride, en utilisant l&rsquo;algorithme intelligent Al, il peut supprimer efficacement le bruit de fond ambiant, le bruit.<br \/>\nFabriqu\u00e9 en mat\u00e9riau ABS de haute qualit\u00e9, il est durable \u00e0 utiliser.<br \/>\nLa longueur de ce produit est de 19.5cm, la largeur est de 12.2cm et la hauteur est de 3cm.<br \/>\nIl peut \u00eatre utilis\u00e9 pour la tonalit\u00e9 anti-course, la r\u00e9paration vocale intelligente, la r\u00e9duction du bruit \u00e0 une touche, la voix intelligente, le changement de voix magique, les effets interactifs, une vari\u00e9t\u00e9 de modes en direct.<\/p>","protected":false},"excerpt":{"rendered":"<p>Nom d&rsquo;article: Carte son<br \/>\nMat\u00e9riel: ABS<br \/>\nMod\u00e8le: X50<br \/>\nCapacit\u00e9 de la batterie: 1200mAh (batterie incluse)<br \/>\nCaract\u00e9ristiques: Portable, R\u00e9duction du bruit, Performance stable<br \/>\nD\u00e9tails de taille:\u00a019.5cm x 12.2cm x 3cm\/7.68 <\/p>","protected":false},"featured_media":9393,"comment_status":"open","ping_status":"closed","template":"","meta":{"event_title":"","event_details":"","event_timezone":"","event_gmap":"","event_image":"","event_image_url":"","event_calendar_link":"","event_location":"","event_datetime_with_summary":"","event_datetime":"","event_date_type":"","event_rulesummary":"","event_ticket_rsvp":"","_gspb_post_css":""},"product_brand":[],"product_cat":[107],"product_tag":[],"class_list":{"0":"post-9394","1":"product","2":"type-product","3":"status-publish","4":"has-post-thumbnail","6":"product_cat-audio","8":"first","9":"instock","10":"sale","11":"featured","12":"shipping-taxable","13":"purchasable","14":"product-type-simple"},"jetpack_sharing_enabled":true,"_links":{"self":[{"href":"https:\/\/espacetechnologie.ma\/ar\/wp-json\/wp\/v2\/product\/9394","targetHints":{"allow":["GET"]}}],"collection":[{"href":"https:\/\/espacetechnologie.ma\/ar\/wp-json\/wp\/v2\/product"}],"about":[{"href":"https:\/\/espacetechnologie.ma\/ar\/wp-json\/wp\/v2\/types\/product"}],"replies":[{"embeddable":true,"href":"https:\/\/espacetechnologie.ma\/ar\/wp-json\/wp\/v2\/comments?post=9394"}],"wp:featuredmedia":[{"embeddable":true,"href":"https:\/\/espacetechnologie.ma\/ar\/wp-json\/wp\/v2\/media\/9393"}],"wp:attachment":[{"href":"https:\/\/espacetechnologie.ma\/ar\/wp-json\/wp\/v2\/media?parent=9394"}],"wp:term":[{"taxonomy":"product_brand","embeddable":true,"href":"https:\/\/espacetechnologie.ma\/ar\/wp-json\/wp\/v2\/product_brand?post=9394"},{"taxonomy":"product_cat","embeddable":true,"href":"https:\/\/espacetechnologie.ma\/ar\/wp-json\/wp\/v2\/product_cat?post=9394"},{"taxonomy":"product_tag","embeddable":true,"href":"https:\/\/espacetechnologie.ma\/ar\/wp-json\/wp\/v2\/product_tag?post=9394"}],"curies":[{"name":"wp","href":"https:\/\/api.w.org\/{rel}","templated":true}]}}