{"id":9388,"date":"2025-07-09T07:57:58","date_gmt":"2025-07-09T06:57:58","guid":{"rendered":"https:\/\/espacetechnologie.ma\/product\/l8star-l8star-%d8%a3%d8%b5%d8%ba%d8%b1-%d9%87%d8%a7%d8%aa%d9%81-%d9%85%d8%ad%d9%85%d9%88%d9%84-%d9%81%d9%8a-%d8%a7%d9%84%d8%b9%d8%a7%d9%84%d9%85-%d9%87%d8%a7%d8%aa%d9%81-%d8%a8%d8%b4%d8%b1\/"},"modified":"2025-08-02T12:54:46","modified_gmt":"2025-08-02T11:54:46","slug":"l8star-l8star-%d8%a3%d8%b5%d8%ba%d8%b1-%d9%87%d8%a7%d8%aa%d9%81-%d9%85%d8%ad%d9%85%d9%88%d9%84-%d9%81%d9%8a-%d8%a7%d9%84%d8%b9%d8%a7%d9%84%d9%85-%d9%87%d8%a7%d8%aa%d9%81-%d8%a8%d8%b4%d8%b1","status":"publish","type":"product","link":"https:\/\/espacetechnologie.ma\/ar\/product\/l8star-l8star-%d8%a3%d8%b5%d8%ba%d8%b1-%d9%87%d8%a7%d8%aa%d9%81-%d9%85%d8%ad%d9%85%d9%88%d9%84-%d9%81%d9%8a-%d8%a7%d9%84%d8%b9%d8%a7%d9%84%d9%85-%d9%87%d8%a7%d8%aa%d9%81-%d8%a8%d8%b4%d8%b1\/","title":{"rendered":"L8Star \u200fL8STAR \u0623\u0635\u063a\u0631 \u0647\u0627\u062a\u0641 \u0645\u062d\u0645\u0648\u0644 \u0641\u064a \u0627\u0644\u0639\u0627\u0644\u0645 \u0647\u0627\u062a\u0641 \u0628\u0634\u0631\u064a\u062d\u062a\u064a \u0627\u062a\u0635\u0627\u0644 \u0648 \u0633\u0645\u0627\u0639\u0629 \u0648\u0628\u0644\u0648\u062a\u0648\u062b \u0641\u064a \u0648\u0642\u062a \u0648\u0627\u062d\u062f 3 \u0641\u064a 1 \u060c \u0645\u062b\u0627\u0644\u064a \u0643\u062c\u0647\u0627\u0632 \u0647\u0627\u062a\u0641 \u0627\u062d\u062a\u064a\u0627\u0637\u064a"},"content":{"rendered":"<p>Le plus petit t\u00e9l\u00e9phone portable GSM et \u00e9couteur Bluetooth 2 en 1<br \/>\nMod\u00e8le: L8STAR<br \/>\nCouleur: \u00a0bleu<br \/>\nTaille: 62 x 24 x 11.7 mm<br \/>\nPoids net: 20g<br \/>\nAffichage \/ R\u00e9solution: 0.66inch OLED \/ 64&#215;48<br \/>\nBande: GSM 900\/1800\/850\/1900 (4 bandes facultatives)<br \/>\nType de carte SIM: 2G\/3G\/4G Carte Nano SIM (emplacement pour carte unique)<br \/>\nStockage: ne prend pas en charge le stockage externe<br \/>\nType: Droit<br \/>\nM\u00e9moire: 32M + 32M<br \/>\nPlate-forme: MT6261D<br \/>\nInterface de charge: Micro 5pin<br \/>\nCapacit\u00e9 de la batterie: batterie polym\u00e8re 360mAh 3.7V<br \/>\nAutonomie en veille: environ 120 heures selon l&rsquo;utilisation<br \/>\nAutonomie en conversation: environ 5h (selon utilisation)<br \/>\nTemps de charge: environ 0.5h<br \/>\nBluetooth: 3.0<br \/>\nMP3: soutien<br \/>\nLangues prises en charge: anglais, fran\u00e7ais, arabe, espagnol, italien, russe, allemand, portugais, indien, polonais, vietnamien, n\u00e9erlandais, persan, anglais standard.<\/p>","protected":false},"excerpt":{"rendered":"<p>1.\u00a0\u00a0\u00a0Ce n&rsquo;est pas seulement un petit t\u00e9l\u00e9phone portable GSM mais aussi un casque \u00e9couteur bluetooth dialer.<br \/>\n2.\u00a0\u00a0\u00a0Avec la carte micro SIM, vous pouvez faire des appels, des messages SMS. Il peut \u00e9galement \u00eatre stock\u00e9 250 num\u00e9ros de t\u00e9l\u00e9phone. Portable et tr\u00e8s fonctionnel.<br \/>\n3.\u00a0\u00a0\u00a0Smart Phone Assistant &#8211; Vous pouvez simplement connecter ce mini t\u00e9l\u00e9phone portable avec votre smartphone via bluetooth pour r\u00e9aliser la num\u00e9rotation, le rappel de message, la lecture de la musique et la synchronisation de la cl\u00e9 d&rsquo;un t\u00e9l\u00e9phone portable bluetooth.<br \/>\n4.\u00a0\u00a0\u00a0Grande batterie au lithium polym\u00e8re &#8211; Le plus petit t\u00e9l\u00e9phone portable est \u00e9quip\u00e9 d&rsquo;une batterie au lithium int\u00e9gr\u00e9e, 360 mAh. Il peut tenir 3-5 jours. Protection pratique et environnementale.<br \/>\n5.\u00a0\u00a0\u00a0Tout est contr\u00f4l\u00e9 uniquement dans ce mini t\u00e9l\u00e9phone ou \u00e9couteurs bluetooth.<br \/>\nLe plus petit t\u00e9l\u00e9phone portable GSM et \u00e9couteur Bluetooth 2 en 1<br \/>\nMod\u00e8le: L8STAR<br \/>\nCouleur: bleu\u00a0<br \/>\nTaille: 62 x 24 x 11.7 mm<br \/>\nPoids net: 20g<br \/>\nAffichage \/ R\u00e9solution: 0.66inch OLED \/ 64&#215;48<br \/>\nBande: GSM\u00a0900\/1800\/850\/1900 (4 bandes facultatives)<br \/>\nType de carte SIM: 2G\/3G\/4G Carte Nano SIM (emplacement pour carte unique)<br \/>\nStockage: ne prend pas en charge le stockage externe<br \/>\nType: Droit<br \/>\nM\u00e9moire: 32M + 32M<br \/>\nPlate-forme: MT6261D<br \/>\nInterface de charge: Micro 5pin<br \/>\nCapacit\u00e9 de la batterie: batterie polym\u00e8re 360mAh 3.7V<br \/>\nAutonomie en veille: environ 120 heures selon l&rsquo;utilisation<br \/>\nAutonomie en conversation: environ 5h (selon utilisation)<br \/>\nTemps de charge: environ 0.5h<br \/>\nBluetooth: 3.0<br \/>\nMP3: soutien<br \/>\nLangues prises en charge: anglais, fran\u00e7ais, arabe, espagnol, italien, russe, allemand, portugais, indien, polonais, vietnamien, n\u00e9erlandais, persan, anglais standard.<\/p>","protected":false},"featured_media":9387,"comment_status":"open","ping_status":"closed","template":"","meta":{"event_title":"","event_details":"","event_timezone":"","event_gmap":"","event_image":"","event_image_url":"","event_calendar_link":"","event_location":"","event_datetime_with_summary":"","event_datetime":"","event_date_type":"","event_rulesummary":"","_gspb_post_css":""},"product_brand":[],"product_cat":[82],"product_tag":[],"class_list":{"0":"post-9388","1":"product","2":"type-product","3":"status-publish","4":"has-post-thumbnail","6":"product_cat-gadgets","8":"first","9":"instock","10":"sale","11":"shipping-taxable","12":"purchasable","13":"product-type-simple"},"jetpack_sharing_enabled":true,"_links":{"self":[{"href":"https:\/\/espacetechnologie.ma\/ar\/wp-json\/wp\/v2\/product\/9388","targetHints":{"allow":["GET"]}}],"collection":[{"href":"https:\/\/espacetechnologie.ma\/ar\/wp-json\/wp\/v2\/product"}],"about":[{"href":"https:\/\/espacetechnologie.ma\/ar\/wp-json\/wp\/v2\/types\/product"}],"replies":[{"embeddable":true,"href":"https:\/\/espacetechnologie.ma\/ar\/wp-json\/wp\/v2\/comments?post=9388"}],"wp:featuredmedia":[{"embeddable":true,"href":"https:\/\/espacetechnologie.ma\/ar\/wp-json\/wp\/v2\/media\/9387"}],"wp:attachment":[{"href":"https:\/\/espacetechnologie.ma\/ar\/wp-json\/wp\/v2\/media?parent=9388"}],"wp:term":[{"taxonomy":"product_brand","embeddable":true,"href":"https:\/\/espacetechnologie.ma\/ar\/wp-json\/wp\/v2\/product_brand?post=9388"},{"taxonomy":"product_cat","embeddable":true,"href":"https:\/\/espacetechnologie.ma\/ar\/wp-json\/wp\/v2\/product_cat?post=9388"},{"taxonomy":"product_tag","embeddable":true,"href":"https:\/\/espacetechnologie.ma\/ar\/wp-json\/wp\/v2\/product_tag?post=9388"}],"curies":[{"name":"wp","href":"https:\/\/api.w.org\/{rel}","templated":true}]}}