{"id":9377,"date":"2025-07-09T07:57:55","date_gmt":"2025-07-09T06:57:55","guid":{"rendered":"https:\/\/espacetechnologie.ma\/product\/4-piece-support-flexible-pour-microphone-et-micro\/"},"modified":"2025-08-03T08:02:00","modified_gmt":"2025-08-03T07:02:00","slug":"4-piece-support-flexible-pour-microphone-et-micro","status":"publish","type":"product","link":"https:\/\/espacetechnologie.ma\/ar\/product\/4-piece-support-flexible-pour-microphone-et-micro\/","title":{"rendered":"4 pi\u00e8ce Support Flexible pour Microphone et micro"},"content":{"rendered":"<p>100% tout neuf et de haute qualit\u00e9<br \/>\nMat\u00e9riau: plastique<br \/>\nCouleur: noir<br \/>\nPieds r\u00e9glables pour un placement sur des surfaces in\u00e9gales<br \/>\nConvient \u00e0 la plupart des microphones sans fil de marque.<br \/>\nLe caoutchouc flexible r\u00e9sistant s&rsquo;adapte \u00e0 la plupart des microphones de forme conventionnels et non conventionnels.<br \/>\nApplique une pression suffisante pour tenir votre microphone, tout en permettant un d\u00e9gagement facile \u00e0 une main<br \/>\nTaille: comme le montre l&rsquo;image<br \/>\nQuantit\u00e9: 1 pi\u00e8ce<br \/>\nRemarque: en raison de la diff\u00e9rence entre les diff\u00e9rents moniteurs, l&rsquo;image peut ne pas refl\u00e9ter la couleur r\u00e9elle de l&rsquo;article. Merci!<br \/>\n1 x support de pince micro<br \/>\n100% tout neuf et de haute qualit\u00e9<br \/>\nMat\u00e9riau: plastique<br \/>\nCouleur: noir<br \/>\nTaille: comme le montre l&rsquo;image<br \/>\nQuantit\u00e9: 4 pi\u00e8ce<\/p>","protected":false},"excerpt":{"rendered":"<p>100% tout neuf et de haute qualit\u00e9 Mat\u00e9riau: plastique Couleur: noir Pieds r\u00e9glables pour un placement sur des surfaces in\u00e9gales Convient \u00e0 la plupart des microphones sans fil de marque. Le caoutchouc flexible r\u00e9sistant s&rsquo;adapte \u00e0 la plupart des microphones de forme conventionnels et non conventionnels. Applique une pression suffisante pour tenir votre microphone, tout [&hellip;]<\/p>\n","protected":false},"featured_media":9376,"comment_status":"open","ping_status":"closed","template":"","meta":{"event_title":"","event_details":"","event_timezone":"","event_gmap":"","event_image":"","event_image_url":"","event_calendar_link":"","event_location":"","event_datetime_with_summary":"","event_datetime":"","event_date_type":"","event_rulesummary":"","event_ticket_rsvp":"","_gspb_post_css":""},"product_brand":[],"product_cat":[107,111],"product_tag":[],"class_list":{"0":"post-9377","1":"product","2":"type-product","3":"status-publish","4":"has-post-thumbnail","6":"product_cat-audio","7":"product_cat-microphones","9":"first","10":"instock","11":"sale","12":"shipping-taxable","13":"purchasable","14":"product-type-simple"},"jetpack_sharing_enabled":true,"_links":{"self":[{"href":"https:\/\/espacetechnologie.ma\/ar\/wp-json\/wp\/v2\/product\/9377","targetHints":{"allow":["GET"]}}],"collection":[{"href":"https:\/\/espacetechnologie.ma\/ar\/wp-json\/wp\/v2\/product"}],"about":[{"href":"https:\/\/espacetechnologie.ma\/ar\/wp-json\/wp\/v2\/types\/product"}],"replies":[{"embeddable":true,"href":"https:\/\/espacetechnologie.ma\/ar\/wp-json\/wp\/v2\/comments?post=9377"}],"wp:featuredmedia":[{"embeddable":true,"href":"https:\/\/espacetechnologie.ma\/ar\/wp-json\/wp\/v2\/media\/9376"}],"wp:attachment":[{"href":"https:\/\/espacetechnologie.ma\/ar\/wp-json\/wp\/v2\/media?parent=9377"}],"wp:term":[{"taxonomy":"product_brand","embeddable":true,"href":"https:\/\/espacetechnologie.ma\/ar\/wp-json\/wp\/v2\/product_brand?post=9377"},{"taxonomy":"product_cat","embeddable":true,"href":"https:\/\/espacetechnologie.ma\/ar\/wp-json\/wp\/v2\/product_cat?post=9377"},{"taxonomy":"product_tag","embeddable":true,"href":"https:\/\/espacetechnologie.ma\/ar\/wp-json\/wp\/v2\/product_tag?post=9377"}],"curies":[{"name":"wp","href":"https:\/\/api.w.org\/{rel}","templated":true}]}}