{"id":9365,"date":"2025-07-09T07:57:53","date_gmt":"2025-07-09T06:57:53","guid":{"rendered":"https:\/\/espacetechnologie.ma\/product\/adaptateur-bluetooth-sans-fil-recepteur-usb-dongle-pour-manette-de-jeu-ps4\/"},"modified":"2025-08-02T15:09:39","modified_gmt":"2025-08-02T14:09:39","slug":"adaptateur-bluetooth-sans-fil-recepteur-usb-dongle-pour-manette-de-jeu-ps4","status":"publish","type":"product","link":"https:\/\/espacetechnologie.ma\/ar\/product\/adaptateur-bluetooth-sans-fil-recepteur-usb-dongle-pour-manette-de-jeu-ps4\/","title":{"rendered":"Adaptateur Bluetooth sans fil, r\u00e9cepteur USB, Dongle pour manette de jeu PS4"},"content":{"rendered":"<p>Couleur: Noir<br \/>\nCompatible: tous les casques Bluetooth<br \/>\nTension de fonctionnement: 5.0V<br \/>\nPuissance de sortie: 0 ~ + 4dBm<br \/>\nBande de fr\u00e9quence: 2.4G ISM<br \/>\nVersion Bluetooth: 4.0 + EDR<br \/>\nPort\u00e9e de Transmission: 33 pieds (10 m\u00e8tres)<br \/>\nDimensions: env 3.3cm x 1.6cm x 0.8cm<br \/>\nPoids Net: 8g<\/p>","protected":false},"excerpt":{"rendered":"<p>Couleur: Noir Compatible: tous les casques Bluetooth Tension de fonctionnement: 5.0V Puissance de sortie: 0 ~ + 4dBm Bande de fr\u00e9quence: 2.4G ISM Version Bluetooth: 4.0 + EDR Port\u00e9e de Transmission: 33 pieds (10 m\u00e8tres) Dimensions: env 3.3cm x 1.6cm x 0.8cm Poids Net: 8g<\/p>","protected":false},"featured_media":9364,"comment_status":"open","ping_status":"closed","template":"","meta":{"event_title":"","event_details":"","event_timezone":"","event_gmap":"","event_image":"","event_image_url":"","event_calendar_link":"","event_location":"","event_datetime_with_summary":"","event_datetime":"","event_date_type":"","event_rulesummary":"","event_ticket_rsvp":"","_gspb_post_css":""},"product_brand":[],"product_cat":[87,129,84],"product_tag":[],"class_list":{"0":"post-9365","1":"product","2":"type-product","3":"status-publish","4":"has-post-thumbnail","6":"product_cat-adaptateurs","7":"product_cat-gaming","8":"product_cat-smartphone","10":"first","11":"instock","12":"sale","13":"shipping-taxable","14":"purchasable","15":"product-type-simple"},"jetpack_sharing_enabled":true,"_links":{"self":[{"href":"https:\/\/espacetechnologie.ma\/ar\/wp-json\/wp\/v2\/product\/9365","targetHints":{"allow":["GET"]}}],"collection":[{"href":"https:\/\/espacetechnologie.ma\/ar\/wp-json\/wp\/v2\/product"}],"about":[{"href":"https:\/\/espacetechnologie.ma\/ar\/wp-json\/wp\/v2\/types\/product"}],"replies":[{"embeddable":true,"href":"https:\/\/espacetechnologie.ma\/ar\/wp-json\/wp\/v2\/comments?post=9365"}],"wp:featuredmedia":[{"embeddable":true,"href":"https:\/\/espacetechnologie.ma\/ar\/wp-json\/wp\/v2\/media\/9364"}],"wp:attachment":[{"href":"https:\/\/espacetechnologie.ma\/ar\/wp-json\/wp\/v2\/media?parent=9365"}],"wp:term":[{"taxonomy":"product_brand","embeddable":true,"href":"https:\/\/espacetechnologie.ma\/ar\/wp-json\/wp\/v2\/product_brand?post=9365"},{"taxonomy":"product_cat","embeddable":true,"href":"https:\/\/espacetechnologie.ma\/ar\/wp-json\/wp\/v2\/product_cat?post=9365"},{"taxonomy":"product_tag","embeddable":true,"href":"https:\/\/espacetechnologie.ma\/ar\/wp-json\/wp\/v2\/product_tag?post=9365"}],"curies":[{"name":"wp","href":"https:\/\/api.w.org\/{rel}","templated":true}]}}