{"id":9356,"date":"2025-07-09T07:57:51","date_gmt":"2025-07-09T06:57:51","guid":{"rendered":"https:\/\/espacetechnologie.ma\/product\/mixeur-fruit-portable-rechargeable\/"},"modified":"2025-08-02T14:35:13","modified_gmt":"2025-08-02T13:35:13","slug":"mixeur-fruit-portable-rechargeable","status":"publish","type":"product","link":"https:\/\/espacetechnologie.ma\/ar\/product\/mixeur-fruit-portable-rechargeable\/","title":{"rendered":"mixeur fruit portable rechargeable-"},"content":{"rendered":"<p>caract\u00e9ristiques:<br \/>\n100% Tout Neuf et de haute qualit\u00e9!<br \/>\npetit en taille, portable et multi-utiliser<br \/>\npas seulement pour faire un shake de prot\u00e9ines, mais aussi peut \u00eatre utilis\u00e9 comme tasse commune et jus m\u00e9langeur, peut m\u00e9langer les types de fruits et l\u00e9gumes.<br \/>\nsain et respectueux de l&rsquo;environnement, utiliser nouveau et non toxique PP\/PC mat\u00e9riel.<br \/>\ns\u00e9curit\u00e9, double commutateur de protection de s\u00e9curit\u00e9, et charge\/d\u00e9charge protection.<br \/>\nrapide vitesse, peut faire une tasse de jus dans les 1 minute.<br \/>\nil peut \u00eatre charg\u00e9 par la banque d&rsquo;alimentation, ordinateur portable, ordinateur, mobile t\u00e9l\u00e9phones ou d&rsquo;autres p\u00e9riph\u00e9riques USB.<br \/>\nid\u00e9al pour les voyages, shopping et sports.<br \/>\nsp\u00e9cification:<br \/>\nCondition: 100% tout neuf et de haute qualit\u00e9<br \/>\ncouleur: vert<br \/>\nmat\u00e9riel: Plastique<br \/>\nVolume: 380 ml<br \/>\nplein temps de recharge: environ 3 heures et vous pouvez faire 10 \u00e0 12 tasses de jus.<br \/>\nle forfait Comprend:<br \/>\n1 X Portable Presse-agrumes Tasse<br \/>\n1 x USB Chargeur C\u00e2ble<\/p>","protected":false},"excerpt":{"rendered":"<p>mixeur<br \/>\npetit taille<br \/>\nportable<\/p>","protected":false},"featured_media":9355,"comment_status":"open","ping_status":"closed","template":"","meta":{"event_title":"","event_details":"","event_timezone":"","event_gmap":"","event_image":"","event_image_url":"","event_calendar_link":"","event_location":"","event_datetime_with_summary":"","event_datetime":"","event_date_type":"","event_rulesummary":"","event_ticket_rsvp":"","_gspb_post_css":""},"product_brand":[],"product_cat":[130],"product_tag":[],"class_list":{"0":"post-9356","1":"product","2":"type-product","3":"status-publish","4":"has-post-thumbnail","6":"product_cat-maison","8":"first","9":"instock","10":"sale","11":"shipping-taxable","12":"purchasable","13":"product-type-simple"},"jetpack_sharing_enabled":true,"_links":{"self":[{"href":"https:\/\/espacetechnologie.ma\/ar\/wp-json\/wp\/v2\/product\/9356","targetHints":{"allow":["GET"]}}],"collection":[{"href":"https:\/\/espacetechnologie.ma\/ar\/wp-json\/wp\/v2\/product"}],"about":[{"href":"https:\/\/espacetechnologie.ma\/ar\/wp-json\/wp\/v2\/types\/product"}],"replies":[{"embeddable":true,"href":"https:\/\/espacetechnologie.ma\/ar\/wp-json\/wp\/v2\/comments?post=9356"}],"wp:featuredmedia":[{"embeddable":true,"href":"https:\/\/espacetechnologie.ma\/ar\/wp-json\/wp\/v2\/media\/9355"}],"wp:attachment":[{"href":"https:\/\/espacetechnologie.ma\/ar\/wp-json\/wp\/v2\/media?parent=9356"}],"wp:term":[{"taxonomy":"product_brand","embeddable":true,"href":"https:\/\/espacetechnologie.ma\/ar\/wp-json\/wp\/v2\/product_brand?post=9356"},{"taxonomy":"product_cat","embeddable":true,"href":"https:\/\/espacetechnologie.ma\/ar\/wp-json\/wp\/v2\/product_cat?post=9356"},{"taxonomy":"product_tag","embeddable":true,"href":"https:\/\/espacetechnologie.ma\/ar\/wp-json\/wp\/v2\/product_tag?post=9356"}],"curies":[{"name":"wp","href":"https:\/\/api.w.org\/{rel}","templated":true}]}}