{"id":9349,"date":"2025-07-09T07:57:49","date_gmt":"2025-07-09T06:57:49","guid":{"rendered":"https:\/\/espacetechnologie.ma\/product\/holder-fitting-extreme-ceinture-smartphone-sac-pocket-avec-ceinture-3\/"},"modified":"2025-08-02T12:54:44","modified_gmt":"2025-08-02T11:54:44","slug":"holder-fitting-extreme-ceinture-smartphone-sac-pocket-avec-ceinture-3","status":"publish","type":"product","link":"https:\/\/espacetechnologie.ma\/ar\/product\/holder-fitting-extreme-ceinture-smartphone-sac-pocket-avec-ceinture-3\/","title":{"rendered":"Holder Fitting Extreme Ceinture Smartphone \/ Sac \/ Pocket \/ avec ceinture"},"content":{"rendered":"<p>Sac pour sport de plein air,Jogging,cyclisme,randonn\u00e9e,escalade en<br \/>\nmontagne -poches ceinture de casque\/Porte-cl\u00e9s\/t\u00e9l\u00e9phone -petit volume,<br \/>\ngrande capacit\u00e9<br \/>\n-\u00e9toffe extensible, imperm\u00e9able \u00e0 l&rsquo;eau -fixation de haute qualit\u00e9 -La<br \/>\ncirconf\u00e9rence<\/p>","protected":false},"excerpt":{"rendered":"<p>Nom du produit : We need&rsquo;s ceinture pour sport de plein air sac poches<br \/>\nCat\u00e9gorie : Porte-cl\u00e9s\/t\u00e9l\u00e9phone&#8230;&#8230;etc<br \/>\nR\u00e9sistant\u00a0\u00e0 l&rsquo;eau<br \/>\nFermeture rapide<\/p>","protected":false},"featured_media":9348,"comment_status":"open","ping_status":"closed","template":"","meta":{"event_title":"","event_details":"","event_timezone":"","event_gmap":"","event_image":"","event_image_url":"","event_calendar_link":"","event_location":"","event_datetime_with_summary":"","event_datetime":"","event_date_type":"","event_rulesummary":"","event_ticket_rsvp":"","_gspb_post_css":""},"product_brand":[],"product_cat":[82],"product_tag":[],"class_list":{"0":"post-9349","1":"product","2":"type-product","3":"status-publish","4":"has-post-thumbnail","6":"product_cat-gadgets","8":"first","9":"instock","10":"sale","11":"shipping-taxable","12":"purchasable","13":"product-type-simple"},"jetpack_sharing_enabled":true,"_links":{"self":[{"href":"https:\/\/espacetechnologie.ma\/ar\/wp-json\/wp\/v2\/product\/9349","targetHints":{"allow":["GET"]}}],"collection":[{"href":"https:\/\/espacetechnologie.ma\/ar\/wp-json\/wp\/v2\/product"}],"about":[{"href":"https:\/\/espacetechnologie.ma\/ar\/wp-json\/wp\/v2\/types\/product"}],"replies":[{"embeddable":true,"href":"https:\/\/espacetechnologie.ma\/ar\/wp-json\/wp\/v2\/comments?post=9349"}],"wp:featuredmedia":[{"embeddable":true,"href":"https:\/\/espacetechnologie.ma\/ar\/wp-json\/wp\/v2\/media\/9348"}],"wp:attachment":[{"href":"https:\/\/espacetechnologie.ma\/ar\/wp-json\/wp\/v2\/media?parent=9349"}],"wp:term":[{"taxonomy":"product_brand","embeddable":true,"href":"https:\/\/espacetechnologie.ma\/ar\/wp-json\/wp\/v2\/product_brand?post=9349"},{"taxonomy":"product_cat","embeddable":true,"href":"https:\/\/espacetechnologie.ma\/ar\/wp-json\/wp\/v2\/product_cat?post=9349"},{"taxonomy":"product_tag","embeddable":true,"href":"https:\/\/espacetechnologie.ma\/ar\/wp-json\/wp\/v2\/product_tag?post=9349"}],"curies":[{"name":"wp","href":"https:\/\/api.w.org\/{rel}","templated":true}]}}