{"id":9343,"date":"2025-07-09T07:57:48","date_gmt":"2025-07-09T06:57:48","guid":{"rendered":"https:\/\/espacetechnologie.ma\/product\/microphone-lavalier-sans-fil-a-reduction-de-bruit-statique-en-direct-pour-iphone-et-android-3-5mm\/"},"modified":"2025-08-02T13:23:14","modified_gmt":"2025-08-02T12:23:14","slug":"microphone-lavalier-sans-fil-a-reduction-de-bruit-statique-en-direct-pour-iphone-et-android-3-5mm","status":"publish","type":"product","link":"https:\/\/espacetechnologie.ma\/ar\/product\/microphone-lavalier-sans-fil-a-reduction-de-bruit-statique-en-direct-pour-iphone-et-android-3-5mm\/","title":{"rendered":"Microphone Lavalier sans fil \u00e0 r\u00e9duction de bruit, statique en direct, pour iPhone et Android, 3.5mm"},"content":{"rendered":"<p>\u00c0 propos de cet article<br \/>\nFacile \u00e0 utiliser: le mini microphone est plus facile \u00e0 installer. Aucun adaptateur, bluetooth ou application requis, appuyez simplement et maintenez le bouton marche\/arr\u00eat du r\u00e9cepteur, puis branchez le r\u00e9cepteur (connecteur Lightning\/TYPE-C\/3.5mm) dans l&rsquo;appareil. et allumez le microphone portable et les deux parties s&rsquo;apparieront automatiquement.<br \/>\nSyst\u00e8me sans fil universel: le microphone sans fil est enti\u00e8rement sans c\u00e2ble, d\u00e9livrant un signal audio stable jusqu&rsquo;\u00e0 65 pieds. Vous pouvez le tenir dans votre main, ou l&rsquo;accrocher \u00e0 vos v\u00eatements, vous d\u00e9barrasser des c\u00e2bles en d\u00e9sordre et enregistrer ou filmer \u00e0 l&rsquo;int\u00e9rieur ou \u00e0 l&rsquo;ext\u00e9rieur \u00e0 une distance plus longue avec clart\u00e9.<br \/>\nSon cristallin: microphone cravate sans fil enti\u00e8rement am\u00e9lior\u00e9 puce de r\u00e9duction active du bruit int\u00e9gr\u00e9e qui aide \u00e0 couper toute interf\u00e9rence sonore et \u00e0 am\u00e9liorer la qualit\u00e9 audio, enregistrez clairement chaque d\u00e9tail du son, quel que soit l&rsquo;environnement. Le microphone omnidirectionnel pour iPhone donne le meilleur timbre clair.<br \/>\n\u00c9metteur et r\u00e9cepteur rechargeables: mini micro int\u00e9gr\u00e9 batterie rechargeable de grande capacit\u00e9 et puce de faible puissance, offrant plus de 7 heures d&rsquo;autonomie. En outre, ce microphone pour iPhone prend \u00e9galement en charge la charge pendant l&rsquo;enregistrement. Avec le c\u00e2ble de charge de type C, le r\u00e9cepteur et le t\u00e9l\u00e9phone peuvent \u00eatre charg\u00e9s en m\u00eame temps. Le micro PQRQP est id\u00e9al pour les sc\u00e9narios tels que la diffusion en direct, le vlogging et l&rsquo;enregistrement en ext\u00e9rieur.<br \/>\nR\u00e9cepteur universel 3 en 1: le microphone sans fil am\u00e9lior\u00e9 est livr\u00e9 avec un r\u00e9cepteur universel 3 en 1, ce qui \u00e9limine le besoin de remplacer plusieurs interfaces individuelles ou c\u00e2bles d&rsquo;interface.<br \/>\nCompatible avec les smartphones Android, iPhone (y compris iPhone<br \/>\n15), ordinateurs portables, appareil photo, etc (Remarque: le connecteur de 3.5mm sur l&rsquo;extr\u00e9mit\u00e9 de r\u00e9ception ne convient pas aux ordinateurs portables, car le connecteur audio de 3.5mm sur les ordinateurs portables ne prend pas en charge l&rsquo;entr\u00e9e audio.)<br \/>\nTrois modes: bouton r\u00e9cepteur pour changer de mode, lumi\u00e8re verte au nom du mode amplificateur, il est recommand\u00e9 d&rsquo;utiliser dans le haut-parleur; lumi\u00e8re bleue glac\u00e9e au nom du mode cam\u00e9ra, il est recommand\u00e9 d&rsquo;utiliser dans l&rsquo;appareil photo, carte son; lumi\u00e8re bleue au nom du mode t\u00e9l\u00e9phone portable, Il est recommand\u00e9 d&rsquo;utiliser dans le t\u00e9l\u00e9phone portable, tablette, ordinateur portable.<\/p>","protected":false},"excerpt":{"rendered":"<p>Input voltage: 5V<br \/>\nBattery capacity: 40MAH<br \/>\nReceiver battery: 90MAH<br \/>\nBattery life: 3-6 hours<br \/>\nSignal to noise ratio: 64DBM adaptive noise reduction<br \/>\nTransmission delay: 30MS<br \/>\nSensitivity: -42DB<br \/>\nFrequency response range: 20-20KHz<br \/>\nDistance: 20 meters accessible<\/p>","protected":false},"featured_media":9342,"comment_status":"open","ping_status":"closed","template":"","meta":{"event_title":"","event_details":"","event_timezone":"","event_gmap":"","event_image":"","event_image_url":"","event_calendar_link":"","event_location":"","event_datetime_with_summary":"","event_datetime":"","event_date_type":"","event_rulesummary":"","event_ticket_rsvp":"","_gspb_post_css":""},"product_brand":[],"product_cat":[107,111],"product_tag":[],"class_list":{"0":"post-9343","1":"product","2":"type-product","3":"status-publish","4":"has-post-thumbnail","6":"product_cat-audio","7":"product_cat-microphones","9":"first","10":"instock","11":"sale","12":"shipping-taxable","13":"purchasable","14":"product-type-simple"},"jetpack_sharing_enabled":true,"_links":{"self":[{"href":"https:\/\/espacetechnologie.ma\/ar\/wp-json\/wp\/v2\/product\/9343","targetHints":{"allow":["GET"]}}],"collection":[{"href":"https:\/\/espacetechnologie.ma\/ar\/wp-json\/wp\/v2\/product"}],"about":[{"href":"https:\/\/espacetechnologie.ma\/ar\/wp-json\/wp\/v2\/types\/product"}],"replies":[{"embeddable":true,"href":"https:\/\/espacetechnologie.ma\/ar\/wp-json\/wp\/v2\/comments?post=9343"}],"wp:featuredmedia":[{"embeddable":true,"href":"https:\/\/espacetechnologie.ma\/ar\/wp-json\/wp\/v2\/media\/9342"}],"wp:attachment":[{"href":"https:\/\/espacetechnologie.ma\/ar\/wp-json\/wp\/v2\/media?parent=9343"}],"wp:term":[{"taxonomy":"product_brand","embeddable":true,"href":"https:\/\/espacetechnologie.ma\/ar\/wp-json\/wp\/v2\/product_brand?post=9343"},{"taxonomy":"product_cat","embeddable":true,"href":"https:\/\/espacetechnologie.ma\/ar\/wp-json\/wp\/v2\/product_cat?post=9343"},{"taxonomy":"product_tag","embeddable":true,"href":"https:\/\/espacetechnologie.ma\/ar\/wp-json\/wp\/v2\/product_tag?post=9343"}],"curies":[{"name":"wp","href":"https:\/\/api.w.org\/{rel}","templated":true}]}}