{"id":9338,"date":"2025-07-09T07:57:47","date_gmt":"2025-07-09T06:57:47","guid":{"rendered":"https:\/\/espacetechnologie.ma\/product\/chargeur-sans-fil-led-5-en-1\/"},"modified":"2025-08-02T13:23:41","modified_gmt":"2025-08-02T12:23:41","slug":"chargeur-sans-fil-led-5-en-1","status":"publish","type":"product","link":"https:\/\/espacetechnologie.ma\/ar\/product\/chargeur-sans-fil-led-5-en-1\/","title":{"rendered":"Chargeur sans fil LED 5 en 1"},"content":{"rendered":"<p>Nom du produit: 5 dans 1 chargeur sans fil<br \/>\nLumi\u00e8re: \u00e9clairage RVB<br \/>\nAffichage de l&rsquo;heure: Support<br \/>\nMat\u00e9riau du produit: ABS<br \/>\nEntr\u00e9e: 9V 12V-2A<br \/>\nPuissance sortante: 30W\/15W\/10W-7.5W\/5W<br \/>\nDistance de transmission: \u00a08mm<\/p>","protected":false},"excerpt":{"rendered":"<p>Nom du produit: 5 dans 1 chargeur sans fil Lumi\u00e8re: \u00e9clairage RVB Affichage de l&rsquo;heure: Support Mat\u00e9riau du produit: ABS Entr\u00e9e: 9V 12V-2A Puissance sortante: 30W\/15W\/10W-7.5W\/5W Distance de transmission: \u00a08mm<\/p>","protected":false},"featured_media":9337,"comment_status":"open","ping_status":"closed","template":"","meta":{"event_title":"","event_details":"","event_timezone":"","event_gmap":"","event_image":"","event_image_url":"","event_calendar_link":"","event_location":"","event_datetime_with_summary":"","event_datetime":"","event_date_type":"","event_rulesummary":"","event_ticket_rsvp":"","_gspb_post_css":""},"product_brand":[],"product_cat":[85,88,84],"product_tag":[],"class_list":{"0":"post-9338","1":"product","2":"type-product","3":"status-publish","4":"has-post-thumbnail","6":"product_cat-chargeurs-telephone","7":"product_cat-powerbank","8":"product_cat-smartphone","10":"first","11":"instock","12":"sale","13":"shipping-taxable","14":"purchasable","15":"product-type-simple"},"jetpack_sharing_enabled":true,"_links":{"self":[{"href":"https:\/\/espacetechnologie.ma\/ar\/wp-json\/wp\/v2\/product\/9338","targetHints":{"allow":["GET"]}}],"collection":[{"href":"https:\/\/espacetechnologie.ma\/ar\/wp-json\/wp\/v2\/product"}],"about":[{"href":"https:\/\/espacetechnologie.ma\/ar\/wp-json\/wp\/v2\/types\/product"}],"replies":[{"embeddable":true,"href":"https:\/\/espacetechnologie.ma\/ar\/wp-json\/wp\/v2\/comments?post=9338"}],"wp:featuredmedia":[{"embeddable":true,"href":"https:\/\/espacetechnologie.ma\/ar\/wp-json\/wp\/v2\/media\/9337"}],"wp:attachment":[{"href":"https:\/\/espacetechnologie.ma\/ar\/wp-json\/wp\/v2\/media?parent=9338"}],"wp:term":[{"taxonomy":"product_brand","embeddable":true,"href":"https:\/\/espacetechnologie.ma\/ar\/wp-json\/wp\/v2\/product_brand?post=9338"},{"taxonomy":"product_cat","embeddable":true,"href":"https:\/\/espacetechnologie.ma\/ar\/wp-json\/wp\/v2\/product_cat?post=9338"},{"taxonomy":"product_tag","embeddable":true,"href":"https:\/\/espacetechnologie.ma\/ar\/wp-json\/wp\/v2\/product_tag?post=9338"}],"curies":[{"name":"wp","href":"https:\/\/api.w.org\/{rel}","templated":true}]}}