{"id":9333,"date":"2025-07-09T07:57:45","date_gmt":"2025-07-09T06:57:45","guid":{"rendered":"https:\/\/espacetechnologie.ma\/product\/support-de-microphone-de-bureau-pliable-et-reglable-2\/"},"modified":"2025-08-03T07:56:17","modified_gmt":"2025-08-03T06:56:17","slug":"support-de-microphone-de-bureau-pliable-et-reglable-2","status":"publish","type":"product","link":"https:\/\/espacetechnologie.ma\/ar\/product\/support-de-microphone-de-bureau-pliable-et-reglable-2\/","title":{"rendered":"Support de Microphone de bureau pliable et r\u00e9glable"},"content":{"rendered":"<p>Mat\u00e9riau: ABS + m\u00e9tal<br \/>\nCouleur: noir<br \/>\nType: A-1<br \/>\nTaille: 18 cm<br \/>\nQuantit\u00e9: 1<\/p>","protected":false},"excerpt":{"rendered":"<p>Mat\u00e9riau: ABS + m\u00e9tal Couleur: noir Type: A-1 Taille: 18 cm Quantit\u00e9: 1<\/p>","protected":false},"featured_media":9332,"comment_status":"open","ping_status":"closed","template":"","meta":{"event_title":"","event_details":"","event_timezone":"","event_gmap":"","event_image":"","event_image_url":"","event_calendar_link":"","event_location":"","event_datetime_with_summary":"","event_datetime":"","event_date_type":"","event_rulesummary":"","event_ticket_rsvp":"","_gspb_post_css":""},"product_brand":[],"product_cat":[107,111],"product_tag":[],"class_list":{"0":"post-9333","1":"product","2":"type-product","3":"status-publish","4":"has-post-thumbnail","6":"product_cat-audio","7":"product_cat-microphones","9":"first","10":"instock","11":"sale","12":"shipping-taxable","13":"purchasable","14":"product-type-simple"},"jetpack_sharing_enabled":true,"_links":{"self":[{"href":"https:\/\/espacetechnologie.ma\/ar\/wp-json\/wp\/v2\/product\/9333","targetHints":{"allow":["GET"]}}],"collection":[{"href":"https:\/\/espacetechnologie.ma\/ar\/wp-json\/wp\/v2\/product"}],"about":[{"href":"https:\/\/espacetechnologie.ma\/ar\/wp-json\/wp\/v2\/types\/product"}],"replies":[{"embeddable":true,"href":"https:\/\/espacetechnologie.ma\/ar\/wp-json\/wp\/v2\/comments?post=9333"}],"wp:featuredmedia":[{"embeddable":true,"href":"https:\/\/espacetechnologie.ma\/ar\/wp-json\/wp\/v2\/media\/9332"}],"wp:attachment":[{"href":"https:\/\/espacetechnologie.ma\/ar\/wp-json\/wp\/v2\/media?parent=9333"}],"wp:term":[{"taxonomy":"product_brand","embeddable":true,"href":"https:\/\/espacetechnologie.ma\/ar\/wp-json\/wp\/v2\/product_brand?post=9333"},{"taxonomy":"product_cat","embeddable":true,"href":"https:\/\/espacetechnologie.ma\/ar\/wp-json\/wp\/v2\/product_cat?post=9333"},{"taxonomy":"product_tag","embeddable":true,"href":"https:\/\/espacetechnologie.ma\/ar\/wp-json\/wp\/v2\/product_tag?post=9333"}],"curies":[{"name":"wp","href":"https:\/\/api.w.org\/{rel}","templated":true}]}}