{"id":9323,"date":"2025-07-09T07:57:43","date_gmt":"2025-07-09T06:57:43","guid":{"rendered":"https:\/\/espacetechnologie.ma\/product\/microphone-cravate-pour-iphone-sans-fil-a-reduction-de-bruit-avec-baie-de-charge\/"},"modified":"2025-08-02T15:09:48","modified_gmt":"2025-08-02T14:09:48","slug":"microphone-cravate-pour-iphone-sans-fil-a-reduction-de-bruit-avec-baie-de-charge","status":"publish","type":"product","link":"https:\/\/espacetechnologie.ma\/ar\/product\/microphone-cravate-pour-iphone-sans-fil-a-reduction-de-bruit-avec-baie-de-charge\/","title":{"rendered":"Microphone cravate pour iPhone sans fil \u00e0 r\u00e9duction de bruit avec baie de charge"},"content":{"rendered":"<p>\u0648\u0635\u0641 \u0627\u0644\u0633\u0644\u0639\u0629<br \/>\n\u0647\u0644 \u062a\u0628\u062d\u062b \u0639\u0646 \u0645\u064a\u0643\u0631\u0648\u0641\u0648\u0646 \u0644\u0627\u0633\u0644\u0643\u064a \u064a\u0645\u0643\u0646\u0647 \u0627\u0644\u0639\u0645\u0644 \u0645\u0639 \u0627\u0644\u0643\u0627\u0645\u064a\u0631\u0627\u062a \u0648\u062a\u0648\u0641\u064a\u0631 \u0635\u0648\u062a \u0639\u0627\u0644\u064a \u0627\u0644\u062c\u0648\u062f\u0629 \u0648\u0633\u0647\u0644 \u0627\u0644\u062d\u0645\u0644\u061f \u0625\u0630\u0627 \u0643\u0627\u0646 \u0627\u0644\u0623\u0645\u0631 \u0643\u0630\u0644\u0643\u060c \u0633\u0648\u0641 \u062a\u062d\u0628 \u0647\u0630\u0627 \u0627\u0644\u0645\u0646\u062a\u062c. \u064a\u062a\u0645\u064a\u0632 \u0647\u0630\u0627 \u0627\u0644\u0645\u064a\u0643\u0631\u0648\u0641\u0648\u0646 \u0627\u0644\u0644\u0627\u0633\u0644\u0643\u064a \u0628\u0627\u0644\u0642\u0648\u0629 \u0648\u0627\u0644\u0645\u062a\u0627\u0646\u0629\u060c \u0645\u0639 \u062a\u0635\u0645\u064a\u0645 \u0645\u062f\u0645\u062c \u064a\u0646\u0627\u0633\u0628 \u062c\u064a\u0628\u0643. \u064a\u0645\u0643\u0646\u0643 \u062a\u0648\u0635\u064a\u0644\u0647 \u0628\u0646\u0642\u0631\u0629 \u0648\u0627\u062d\u062f\u0629 \u0648\u0627\u0644\u0627\u0633\u062a\u0645\u062a\u0627\u0639 \u0628\u0627\u0633\u062a\u0642\u0628\u0627\u0644 \u062e\u0627\u0644\u064d \u0645\u0646 \u0627\u0644\u0639\u0648\u0627\u0626\u0642 \u0639\u0644\u0649 \u0645\u0633\u0627\u0641\u0629 20 \u0645\u062a\u0631\u064b\u0627 \u0648\u0632\u0645\u0646 \u0648\u0635\u0648\u0644 \u0645\u0646\u062e\u0641\u0636 \u0644\u0644\u063a\u0627\u064a\u0629 \u064a\u0628\u0644\u063a 9 \u0645\u0644\u0644\u064a \u062b\u0627\u0646\u064a\u0629. \u064a\u0628\u0644\u063a \u0639\u0645\u0631 \u0627\u0644\u0628\u0637\u0627\u0631\u064a\u0629 8 \u0633\u0627\u0639\u0627\u062a \u0648\u0648\u0638\u064a\u0641\u0629 \u0627\u0644\u062a\u0648\u0635\u064a\u0644 \u0648\u0627\u0644\u062a\u0634\u063a\u064a\u0644. \u0644\u0627 \u064a\u0648\u062c\u062f \u062a\u0637\u0628\u064a\u0642 \u0645\u0637\u0644\u0648\u0628. \u0633\u0648\u0627\u0621 \u0643\u0646\u062a \u0641\u064a \u062d\u0627\u062c\u0629 \u0625\u0644\u064a\u0647 \u0644\u0644\u063a\u0646\u0627\u0621 \u0623\u0648 \u0627\u0644\u062a\u0633\u062c\u064a\u0644 \u0623\u0648 \u0627\u0644\u062a\u062f\u0631\u064a\u0633 \u0623\u0648 \u0627\u0644\u0639\u0631\u0636\u060c \u0641\u0625\u0646 \u0647\u0630\u0627 \u0627\u0644\u0645\u064a\u0643\u0631\u0648\u0641\u0648\u0646 \u0627\u0644\u0644\u0627\u0633\u0644\u0643\u064a \u0633\u0648\u0641 \u064a\u0644\u0628\u064a \u0627\u062d\u062a\u064a\u0627\u062c\u0627\u062a\u0643 \u0644\u064a\u0648\u0645 \u0648\u0627\u062d\u062f.<br \/>\n\u062a\u062e\u0635\u064a\u0635:<br \/>\n\u0627\u0644\u0646\u0648\u0639: \u0645\u064a\u0643\u0631\u0648\u0641\u0648\u0646 \u0644\u0627\u0633\u0644\u0643\u064a \u0635\u063a\u064a\u0631 \u0645\u062d\u0645\u0648\u0644 \u0628\u0627\u0644\u064a\u062f 2.4G<br \/>\n\u0627\u0644\u0623\u0634\u064a\u0627\u0621 \u0627\u0644\u0642\u0627\u0628\u0644\u0629 \u0644\u0644\u062a\u0637\u0628\u064a\u0642: \u0627\u0644\u0645\u0646\u0632\u0644\u060c \u0627\u0644\u0643\u0645\u0628\u064a\u0648\u062a\u0631\u060c \u0627\u0644\u0645\u0633\u0631\u062d\u060c \u0643\u0627\u0645\u064a\u0631\u0627 \u0627\u0644\u0641\u064a\u062f\u064a\u0648\u060c \u0627\u0644\u062a\u0633\u062c\u064a\u0644\u060c \u0627\u0644\u0631\u0627\u062f\u064a\u0648 \u0648\u0627\u0644\u062a\u0644\u064a\u0641\u0632\u064a\u0648\u0646\u060c \u0627\u0644\u0645\u0624\u062a\u0645\u0631\u0627\u062a\u060c \u0627\u0644\u0645\u0642\u0627\u0628\u0644\u0629<br \/>\n\u0627\u0644\u0642\u0646\u0627\u0629: 5.1<br \/>\n\u062c\u0647\u062f \u0627\u0644\u0625\u062f\u062e\u0627\u0644: 220 \u0641\u0648\u0644\u062a<br \/>\n\u0644\u0648\u0646 \u0627\u0633\u0648\u062f<br \/>\n\u0646\u0633\u062e\u0629 \u0627\u0644\u0628\u0644\u0648\u062a\u0648\u062b: 5.1<br \/>\n\u0627\u0644\u0645\u0648\u0627\u062f: \u0639\u0628\u0633<br \/>\n\u0633\u0639\u0629 \u0627\u0644\u0628\u0637\u0627\u0631\u064a\u0629 \u0627\u0644\u0645\u062f\u0645\u062c\u0629: 80 \u0645\u0644\u0644\u064a \u0623\u0645\u0628\u064a\u0631<br \/>\n\u0648\u0627\u062c\u0647\u0629 \u0627\u0644\u0634\u062d\u0646: \u0627\u0644\u0646\u0648\u0639 C<br \/>\n\u0645\u0633\u0627\u0641\u0629 \u0627\u0644\u0625\u0631\u0633\u0627\u0644: 20 \u0645 \u0628\u062f\u0648\u0646 \u0639\u0648\u0627\u0626\u0642<br \/>\n\u0639\u0645\u0631 \u0627\u0644\u0628\u0637\u0627\u0631\u064a\u0629: 8-12 \u0633\u0627\u0639\u0629<br \/>\n\u0646\u0633\u0628\u0629 \u0627\u0644\u0625\u0634\u0627\u0631\u0629 \u0625\u0644\u0649 \u0627\u0644\u0636\u0648\u0636\u0627\u0621: \u226570db<br \/>\n\u0646\u0637\u0627\u0642 \u0627\u0633\u062a\u062c\u0627\u0628\u0629 \u0627\u0644\u062a\u0631\u062f\u062f: 100 \u0647\u0631\u062a\u0632-20 \u0643\u064a\u0644\u0648 \u0647\u0631\u062a\u0632<br \/>\n\u0642\u0627\u0626\u0645\u0629 \u0627\u0644\u062a\u0639\u0628\u0626\u0629<br \/>\n\u0645\u064a\u0643\u0631\u0648\u0641\u0648\u0646*1<br \/>\n\u0643\u0627\u0628\u0644 \u0634\u062d\u0646*1<br \/>\n\u062c\u0647\u0627\u0632 \u0627\u0644\u0627\u0633\u062a\u0642\u0628\u0627\u0644*1<br \/>\n\u0635\u0646\u062f\u0648\u0642 \u0627\u0644\u0634\u062d\u0646*1<br \/>\n\u062f\u0644\u064a\u0644 * 1<\/p>","protected":false},"excerpt":{"rendered":"<p>Canal : 5.1<br \/>\nTension d&rsquo;entr\u00e9e : 220V<br \/>\nCouleur: noir<br \/>\nVersion BT : 5.1<br \/>\nMat\u00e9riau : ABS<br \/>\nCapacit\u00e9 de la batterie int\u00e9gr\u00e9e : 80mAh<br \/>\nInterface de charge : Type-C<br \/>\nDistance de transmission : 20m sans obstacles<br \/>\nAutonomie de la batterie : 8-12 heures<br \/>\nRapport signal\/bruit : \u2265 70db<br \/>\nGamme de r\u00e9ponse en fr\u00e9quence : 100HZ-20KHZ<br \/>\nListe d&#8217;emballage<br \/>\nMicro * 1<br \/>\nC\u00e2ble de charge * 1<br \/>\nR\u00e9cepteur * 1<br \/>\nBo\u00eete de charge * 1<br \/>\nManuel * 1<\/p>","protected":false},"featured_media":9322,"comment_status":"open","ping_status":"closed","template":"","meta":{"event_title":"","event_details":"","event_timezone":"","event_gmap":"","event_image":"","event_image_url":"","event_calendar_link":"","event_location":"","event_datetime_with_summary":"","event_datetime":"","event_date_type":"","event_rulesummary":"","event_ticket_rsvp":"","_gspb_post_css":""},"product_brand":[],"product_cat":[107,111],"product_tag":[],"class_list":{"0":"post-9323","1":"product","2":"type-product","3":"status-publish","4":"has-post-thumbnail","6":"product_cat-audio","7":"product_cat-microphones","9":"first","10":"instock","11":"sale","12":"shipping-taxable","13":"purchasable","14":"product-type-simple"},"jetpack_sharing_enabled":true,"_links":{"self":[{"href":"https:\/\/espacetechnologie.ma\/ar\/wp-json\/wp\/v2\/product\/9323","targetHints":{"allow":["GET"]}}],"collection":[{"href":"https:\/\/espacetechnologie.ma\/ar\/wp-json\/wp\/v2\/product"}],"about":[{"href":"https:\/\/espacetechnologie.ma\/ar\/wp-json\/wp\/v2\/types\/product"}],"replies":[{"embeddable":true,"href":"https:\/\/espacetechnologie.ma\/ar\/wp-json\/wp\/v2\/comments?post=9323"}],"wp:featuredmedia":[{"embeddable":true,"href":"https:\/\/espacetechnologie.ma\/ar\/wp-json\/wp\/v2\/media\/9322"}],"wp:attachment":[{"href":"https:\/\/espacetechnologie.ma\/ar\/wp-json\/wp\/v2\/media?parent=9323"}],"wp:term":[{"taxonomy":"product_brand","embeddable":true,"href":"https:\/\/espacetechnologie.ma\/ar\/wp-json\/wp\/v2\/product_brand?post=9323"},{"taxonomy":"product_cat","embeddable":true,"href":"https:\/\/espacetechnologie.ma\/ar\/wp-json\/wp\/v2\/product_cat?post=9323"},{"taxonomy":"product_tag","embeddable":true,"href":"https:\/\/espacetechnologie.ma\/ar\/wp-json\/wp\/v2\/product_tag?post=9323"}],"curies":[{"name":"wp","href":"https:\/\/api.w.org\/{rel}","templated":true}]}}