{"id":9309,"date":"2025-07-09T07:57:40","date_gmt":"2025-07-09T06:57:40","guid":{"rendered":"https:\/\/espacetechnologie.ma\/product\/%d9%85%d8%a8%d8%ae%d8%b1%d8%a9-%d8%a5%d9%84%d9%83%d8%aa%d8%b1%d9%88%d9%86%d9%8a%d8%a9-%d8%b9%d8%b1%d8%a8%d9%8a%d8%a9%d8%8c-%d9%85%d8%b9%d8%b7%d8%b1-%d8%ac%d9%88-%d8%a3%d9%88%d8%aa%d9%88%d9%85%d8%a7\/"},"modified":"2025-10-20T17:34:53","modified_gmt":"2025-10-20T16:34:53","slug":"%d9%85%d8%a8%d8%ae%d8%b1%d8%a9-%d8%a5%d9%84%d9%83%d8%aa%d8%b1%d9%88%d9%86%d9%8a%d8%a9-%d8%b9%d8%b1%d8%a8%d9%8a%d8%a9%d8%8c-%d9%85%d8%b9%d8%b7%d8%b1-%d8%ac%d9%88-%d8%a3%d9%88%d8%aa%d9%88%d9%85%d8%a7","status":"publish","type":"product","link":"https:\/\/espacetechnologie.ma\/ar\/product\/%d9%85%d8%a8%d8%ae%d8%b1%d8%a9-%d8%a5%d9%84%d9%83%d8%aa%d8%b1%d9%88%d9%86%d9%8a%d8%a9-%d8%b9%d8%b1%d8%a8%d9%8a%d8%a9%d8%8c-%d9%85%d8%b9%d8%b7%d8%b1-%d8%ac%d9%88-%d8%a3%d9%88%d8%aa%d9%88%d9%85%d8%a7\/","title":{"rendered":"\u0645\u0628\u062e\u0631\u0629 \u0625\u0644\u0643\u062a\u0631\u0648\u0646\u064a\u0629 \u0639\u0631\u0628\u064a\u0629\u060c \u0645\u0639\u0637\u0631 \u062c\u0648 \u0623\u0648\u062a\u0648\u0645\u0627\u062a\u064a\u0643\u064a\u060c \u062d\u0627\u0645\u0644 \u0628\u062e\u0648\u0631"},"content":{"rendered":"<p>Fonction: Br\u00fbleur Bakhoor<br \/>\nConvient: Accueil<br \/>\nType de bois: Bakhour<br \/>\nCaract\u00e9ristique r\u00e9gionale: Moyen-Orient<br \/>\nNom du produit: Br\u00fbleur d&rsquo;encens Bakhoor<br \/>\nFonction: ajout d&rsquo;ar\u00f4me \u00e0 l&rsquo;air et \u00e0 l&rsquo;atmosph\u00e8re<br \/>\nCaract\u00e9ristique: \u00e9cologique et facile \u00e0 utiliser<br \/>\nType d&#8217;emballage: Bo\u00eete cadeau<\/p>","protected":false},"excerpt":{"rendered":"<p>Fonction: Br\u00fbleur Bakhoor Convient: Accueil Type de bois: Bakhour Caract\u00e9ristique r\u00e9gionale: Moyen-Orient Nom du produit: Br\u00fbleur d&rsquo;encens Bakhoor Fonction: ajout d&rsquo;ar\u00f4me \u00e0 l&rsquo;air et \u00e0 l&rsquo;atmosph\u00e8re Caract\u00e9ristique: \u00e9cologique et facile \u00e0 utiliser Type d&#8217;emballage: Bo\u00eete cadeau<\/p>","protected":false},"featured_media":9308,"comment_status":"open","ping_status":"closed","template":"","meta":{"event_title":"","event_details":"","event_timezone":"","event_gmap":"","event_image":"","event_image_url":"","event_calendar_link":"","event_location":"","event_datetime_with_summary":"","event_datetime":"","event_date_type":"","event_rulesummary":"","event_ticket_rsvp":"","_gspb_post_css":""},"product_brand":[],"product_cat":[130],"product_tag":[],"class_list":{"0":"post-9309","1":"product","2":"type-product","3":"status-publish","4":"has-post-thumbnail","6":"product_cat-maison","8":"first","9":"instock","10":"sale","11":"featured","12":"shipping-taxable","13":"purchasable","14":"product-type-simple"},"jetpack_sharing_enabled":true,"_links":{"self":[{"href":"https:\/\/espacetechnologie.ma\/ar\/wp-json\/wp\/v2\/product\/9309","targetHints":{"allow":["GET"]}}],"collection":[{"href":"https:\/\/espacetechnologie.ma\/ar\/wp-json\/wp\/v2\/product"}],"about":[{"href":"https:\/\/espacetechnologie.ma\/ar\/wp-json\/wp\/v2\/types\/product"}],"replies":[{"embeddable":true,"href":"https:\/\/espacetechnologie.ma\/ar\/wp-json\/wp\/v2\/comments?post=9309"}],"wp:featuredmedia":[{"embeddable":true,"href":"https:\/\/espacetechnologie.ma\/ar\/wp-json\/wp\/v2\/media\/9308"}],"wp:attachment":[{"href":"https:\/\/espacetechnologie.ma\/ar\/wp-json\/wp\/v2\/media?parent=9309"}],"wp:term":[{"taxonomy":"product_brand","embeddable":true,"href":"https:\/\/espacetechnologie.ma\/ar\/wp-json\/wp\/v2\/product_brand?post=9309"},{"taxonomy":"product_cat","embeddable":true,"href":"https:\/\/espacetechnologie.ma\/ar\/wp-json\/wp\/v2\/product_cat?post=9309"},{"taxonomy":"product_tag","embeddable":true,"href":"https:\/\/espacetechnologie.ma\/ar\/wp-json\/wp\/v2\/product_tag?post=9309"}],"curies":[{"name":"wp","href":"https:\/\/api.w.org\/{rel}","templated":true}]}}