{"id":9287,"date":"2025-07-09T07:57:35","date_gmt":"2025-07-09T06:57:35","guid":{"rendered":"https:\/\/espacetechnologie.ma\/product\/support-de-telephone-portable-de-voiture-par-gravite-pliable\/"},"modified":"2025-08-03T07:16:55","modified_gmt":"2025-08-03T06:16:55","slug":"support-de-telephone-portable-de-voiture-par-gravite-pliable","status":"publish","type":"product","link":"https:\/\/espacetechnologie.ma\/ar\/product\/support-de-telephone-portable-de-voiture-par-gravite-pliable\/","title":{"rendered":"Support de t\u00e9l\u00e9phone portable de voiture par gravit\u00e9, pliable"},"content":{"rendered":"<p>Capteur de gravit\u00e9 pour saisir votre t\u00e9l\u00e9phone.<br \/>\nLarge Compatible avec les smartphones de 4.7 \u00e0 6.9 poucesdu march\u00e9<br \/>\nMat\u00e9riel: ABS + PC<br \/>\nCouleur: noir\/bleu\/GREYGREY-G2<\/p>","protected":false},"excerpt":{"rendered":"<p>Capteur de gravit\u00e9 pour saisir votre t\u00e9l\u00e9phone. Large Compatible avec les smartphones de 4.7 \u00e0 6.9 poucesdu march\u00e9 Mat\u00e9riel: ABS + PC Couleur: noir\/bleu\/GREYGREY-G2<\/p>","protected":false},"featured_media":9286,"comment_status":"open","ping_status":"closed","template":"","meta":{"event_title":"","event_details":"","event_timezone":"","event_gmap":"","event_image":"","event_image_url":"","event_calendar_link":"","event_location":"","event_datetime_with_summary":"","event_datetime":"","event_date_type":"","event_rulesummary":"","event_ticket_rsvp":"","_gspb_post_css":""},"product_brand":[],"product_cat":[114,90,84,113],"product_tag":[],"class_list":{"0":"post-9287","1":"product","2":"type-product","3":"status-publish","4":"has-post-thumbnail","6":"product_cat-accessoires-voiture","7":"product_cat-autres-accessoires-smartphone","8":"product_cat-smartphone","9":"product_cat-voiture-moto","11":"first","12":"instock","13":"sale","14":"shipping-taxable","15":"purchasable","16":"product-type-simple"},"jetpack_sharing_enabled":true,"_links":{"self":[{"href":"https:\/\/espacetechnologie.ma\/ar\/wp-json\/wp\/v2\/product\/9287","targetHints":{"allow":["GET"]}}],"collection":[{"href":"https:\/\/espacetechnologie.ma\/ar\/wp-json\/wp\/v2\/product"}],"about":[{"href":"https:\/\/espacetechnologie.ma\/ar\/wp-json\/wp\/v2\/types\/product"}],"replies":[{"embeddable":true,"href":"https:\/\/espacetechnologie.ma\/ar\/wp-json\/wp\/v2\/comments?post=9287"}],"wp:featuredmedia":[{"embeddable":true,"href":"https:\/\/espacetechnologie.ma\/ar\/wp-json\/wp\/v2\/media\/9286"}],"wp:attachment":[{"href":"https:\/\/espacetechnologie.ma\/ar\/wp-json\/wp\/v2\/media?parent=9287"}],"wp:term":[{"taxonomy":"product_brand","embeddable":true,"href":"https:\/\/espacetechnologie.ma\/ar\/wp-json\/wp\/v2\/product_brand?post=9287"},{"taxonomy":"product_cat","embeddable":true,"href":"https:\/\/espacetechnologie.ma\/ar\/wp-json\/wp\/v2\/product_cat?post=9287"},{"taxonomy":"product_tag","embeddable":true,"href":"https:\/\/espacetechnologie.ma\/ar\/wp-json\/wp\/v2\/product_tag?post=9287"}],"curies":[{"name":"wp","href":"https:\/\/api.w.org\/{rel}","templated":true}]}}