{"id":9270,"date":"2025-07-09T07:57:32","date_gmt":"2025-07-09T06:57:32","guid":{"rendered":"https:\/\/espacetechnologie.ma\/product\/oneplus-cable-type-c-rapide-chaine-charge\/"},"modified":"2025-08-03T07:17:47","modified_gmt":"2025-08-03T06:17:47","slug":"oneplus-cable-type-c-rapide-chaine-charge","status":"publish","type":"product","link":"https:\/\/espacetechnologie.ma\/ar\/product\/oneplus-cable-type-c-rapide-chaine-charge\/","title":{"rendered":"Oneplus c\u00e2ble type C rapide cha\u00eene Charge"},"content":{"rendered":"<p>Oneplus d&rsquo;origine 7 T 7 T Pro 7 7Pro c\u00e2ble de chargeur de cha\u00eene<br \/>\nPrise en charge de la transmission de donn\u00e9es de charge du tableau de bord 5 V 6A<br \/>\nC\u00e2ble C de Type cha\u00eene 100 cm<br \/>\nC\u00e2ble de chargeur de cha\u00eene pour oneplus 7 T Pro\/7 T\/7\/7pro<br \/>\nC\u00e2ble chargeur de tableau de bord pour oneplus 6 t 6 5 t 5 3 t 3<\/p>","protected":false},"excerpt":{"rendered":"<p>Oneplus 7 T Pro chargeur c\u00e2ble Original 6A rapide cha\u00eene Charge USB type C c\u00e2ble A plus 7 7 t 6 t 5 5 t 3 t 100 cm\/150 cm cha\u00eene USB c\u00e2ble<\/p>","protected":false},"featured_media":9269,"comment_status":"open","ping_status":"closed","template":"","meta":{"event_title":"","event_details":"","event_timezone":"","event_gmap":"","event_image":"","event_image_url":"","event_calendar_link":"","event_location":"","event_datetime_with_summary":"","event_datetime":"","event_date_type":"","event_rulesummary":"","event_ticket_rsvp":"","_gspb_post_css":""},"product_brand":[],"product_cat":[86,84],"product_tag":[],"class_list":{"0":"post-9270","1":"product","2":"type-product","3":"status-publish","4":"has-post-thumbnail","6":"product_cat-cables","7":"product_cat-smartphone","9":"first","10":"instock","11":"sale","12":"shipping-taxable","13":"purchasable","14":"product-type-simple"},"jetpack_sharing_enabled":true,"_links":{"self":[{"href":"https:\/\/espacetechnologie.ma\/ar\/wp-json\/wp\/v2\/product\/9270","targetHints":{"allow":["GET"]}}],"collection":[{"href":"https:\/\/espacetechnologie.ma\/ar\/wp-json\/wp\/v2\/product"}],"about":[{"href":"https:\/\/espacetechnologie.ma\/ar\/wp-json\/wp\/v2\/types\/product"}],"replies":[{"embeddable":true,"href":"https:\/\/espacetechnologie.ma\/ar\/wp-json\/wp\/v2\/comments?post=9270"}],"wp:featuredmedia":[{"embeddable":true,"href":"https:\/\/espacetechnologie.ma\/ar\/wp-json\/wp\/v2\/media\/9269"}],"wp:attachment":[{"href":"https:\/\/espacetechnologie.ma\/ar\/wp-json\/wp\/v2\/media?parent=9270"}],"wp:term":[{"taxonomy":"product_brand","embeddable":true,"href":"https:\/\/espacetechnologie.ma\/ar\/wp-json\/wp\/v2\/product_brand?post=9270"},{"taxonomy":"product_cat","embeddable":true,"href":"https:\/\/espacetechnologie.ma\/ar\/wp-json\/wp\/v2\/product_cat?post=9270"},{"taxonomy":"product_tag","embeddable":true,"href":"https:\/\/espacetechnologie.ma\/ar\/wp-json\/wp\/v2\/product_tag?post=9270"}],"curies":[{"name":"wp","href":"https:\/\/api.w.org\/{rel}","templated":true}]}}