{"id":9256,"date":"2025-07-09T07:57:29","date_gmt":"2025-07-09T06:57:29","guid":{"rendered":"https:\/\/espacetechnologie.ma\/product\/smart-touch-capteurs-led-night-light-led-musique-bluetooth-pot-de-fleur-vase-a-fleur-de-lumiere-jouer-du-piano-decoration-planteur-haut-parleur-2\/"},"modified":"2025-08-03T06:53:08","modified_gmt":"2025-08-03T05:53:08","slug":"smart-touch-capteurs-led-night-light-led-musique-bluetooth-pot-de-fleur-vase-a-fleur-de-lumiere-jouer-du-piano-decoration-planteur-haut-parleur-2","status":"publish","type":"product","link":"https:\/\/espacetechnologie.ma\/ar\/product\/smart-touch-capteurs-led-night-light-led-musique-bluetooth-pot-de-fleur-vase-a-fleur-de-lumiere-jouer-du-piano-decoration-planteur-haut-parleur-2\/","title":{"rendered":"Smart Touch Capteurs LED Night Light LED Musique Bluetooth Pot De Fleur Vase \u00e0 Fleur De Lumi\u00e8re Jouer Du Piano D\u00e9coration Planteur Haut-Parleur"},"content":{"rendered":"<p>C&rsquo;est comme par magie! &#8211; Touchez diff\u00e9rentes parties de la plante et jouez litt\u00e9ralement des notes de piano! Amusez-vous sans fin avec cette fonctionnalit\u00e9 magique.<br \/>\n\u00c9coutez de la musique \u00e0 distance &#8211; Comme pour un haut-parleur Bluetooth, connectez votre t\u00e9l\u00e9phone et profitez de sons graves et graves de votre vase intelligent pendant jusqu&rsquo;\u00e0 12 heures!<br \/>\nAppr\u00e9ciez les couleurs chaudes et ambiantes &#8211; La base du vase s\u2019illumine en bleu, rose et blanc, ajoutant une ambiance suppl\u00e9mentaire \u00e0 votre pi\u00e8ce!<\/p>","protected":false},"excerpt":{"rendered":"<p>C&rsquo;est comme par magie! &#8211; Touchez diff\u00e9rentes parties de la plante et jouez litt\u00e9ralement des notes de piano! Amusez-vous sans fin avec cette fonctionnalit\u00e9 magique. \u00c9coutez de la musique \u00e0 distance &#8211; Comme pour un haut-parleur Bluetooth, connectez votre t\u00e9l\u00e9phone et profitez de sons graves et graves de votre vase intelligent pendant jusqu&rsquo;\u00e0 12 heures! [&hellip;]<\/p>\n","protected":false},"featured_media":9255,"comment_status":"open","ping_status":"closed","template":"","meta":{"event_title":"","event_details":"","event_timezone":"","event_gmap":"","event_image":"","event_image_url":"","event_calendar_link":"","event_location":"","event_datetime_with_summary":"","event_datetime":"","event_date_type":"","event_rulesummary":"","event_ticket_rsvp":"","_gspb_post_css":""},"product_brand":[],"product_cat":[82,130],"product_tag":[],"class_list":{"0":"post-9256","1":"product","2":"type-product","3":"status-publish","4":"has-post-thumbnail","6":"product_cat-gadgets","7":"product_cat-maison","9":"first","10":"instock","11":"sale","12":"shipping-taxable","13":"purchasable","14":"product-type-simple"},"jetpack_sharing_enabled":true,"_links":{"self":[{"href":"https:\/\/espacetechnologie.ma\/ar\/wp-json\/wp\/v2\/product\/9256","targetHints":{"allow":["GET"]}}],"collection":[{"href":"https:\/\/espacetechnologie.ma\/ar\/wp-json\/wp\/v2\/product"}],"about":[{"href":"https:\/\/espacetechnologie.ma\/ar\/wp-json\/wp\/v2\/types\/product"}],"replies":[{"embeddable":true,"href":"https:\/\/espacetechnologie.ma\/ar\/wp-json\/wp\/v2\/comments?post=9256"}],"wp:featuredmedia":[{"embeddable":true,"href":"https:\/\/espacetechnologie.ma\/ar\/wp-json\/wp\/v2\/media\/9255"}],"wp:attachment":[{"href":"https:\/\/espacetechnologie.ma\/ar\/wp-json\/wp\/v2\/media?parent=9256"}],"wp:term":[{"taxonomy":"product_brand","embeddable":true,"href":"https:\/\/espacetechnologie.ma\/ar\/wp-json\/wp\/v2\/product_brand?post=9256"},{"taxonomy":"product_cat","embeddable":true,"href":"https:\/\/espacetechnologie.ma\/ar\/wp-json\/wp\/v2\/product_cat?post=9256"},{"taxonomy":"product_tag","embeddable":true,"href":"https:\/\/espacetechnologie.ma\/ar\/wp-json\/wp\/v2\/product_tag?post=9256"}],"curies":[{"name":"wp","href":"https:\/\/api.w.org\/{rel}","templated":true}]}}