{"id":9248,"date":"2025-07-09T07:57:27","date_gmt":"2025-07-09T06:57:27","guid":{"rendered":"https:\/\/espacetechnologie.ma\/product\/kit-de-boite-a-lumiere-avec-trepied-50x70cm-avec-supportlampe\/"},"modified":"2025-08-02T13:29:35","modified_gmt":"2025-08-02T12:29:35","slug":"kit-de-boite-a-lumiere-avec-trepied-50x70cm-avec-supportlampe","status":"publish","type":"product","link":"https:\/\/espacetechnologie.ma\/ar\/product\/kit-de-boite-a-lumiere-avec-trepied-50x70cm-avec-supportlampe\/","title":{"rendered":"Kit de bo\u00eete \u00e0 lumi\u00e8re avec tr\u00e9pied 50x70cm avec support+lampe"},"content":{"rendered":"<p>1) c&rsquo;est un kit de bo\u00eete \u00e0 lumi\u00e8re d&rsquo;\u00e9clairage photo vid\u00e9o num\u00e9rique parfait.<br \/>\n2) correspond \u00e0 l&rsquo;ampoule de photographie, costume de base E27 pour la plupart des \u00e9quipements d&rsquo;\u00e9clairage.<br \/>\n3) bo\u00eete \u00e0 lumi\u00e8re de t\u00eate de lampe simple de 50x70CM: tissu doux pliable blanc, particule r\u00e9fl\u00e9chissante de haute qualit\u00e9.<br \/>\n4) face interne argent\u00e9e pour minimiser la perte de lumi\u00e8re et maximiser la propagation de la lumi\u00e8re.<br \/>\n5) fibre de polyester s\u00fbre et non toxique, 4 bielles flexibles.<\/p>","protected":false},"excerpt":{"rendered":"<p>Description<br \/>\n1) c&rsquo;est un kit de bo\u00eete \u00e0 lumi\u00e8re d&rsquo;\u00e9clairage photo vid\u00e9o num\u00e9rique parfait.<br \/>\n2) correspond \u00e0 l&rsquo;ampoule de photographie, costume de base E27 pour la plupart des \u00e9quipements d&rsquo;\u00e9clairage.<br \/>\n3) bo\u00eete \u00e0 lumi\u00e8re de t\u00eate de lampe simple de 50x70CM: tissu doux pliable blanc, particule r\u00e9fl\u00e9chissante de haute qualit\u00e9.<br \/>\n4) face interne argent\u00e9e pour minimiser la perte de lumi\u00e8re et maximiser la propagation de la lumi\u00e8re.<br \/>\n5) fibre de polyester s\u00fbre et non toxique, 4 bielles flexibles.<br \/>\nSupport l\u00e9ger: hauteur pli\u00e9e 27 pouces (67cm), hauteur maximale 79 pouces (200cm), hauteur de travail 75 pouces (190cm).<br \/>\nHaute qualit\u00e9, stable et durable, facile \u00e0 installer et \u00e0 utiliser.<\/p>","protected":false},"featured_media":9247,"comment_status":"open","ping_status":"closed","template":"","meta":{"event_title":"","event_details":"","event_timezone":"","event_gmap":"","event_image":"","event_image_url":"","event_calendar_link":"","event_location":"","event_datetime_with_summary":"","event_datetime":"","event_date_type":"","event_rulesummary":"","event_ticket_rsvp":"","_gspb_post_css":""},"product_brand":[],"product_cat":[117,116],"product_tag":[],"class_list":{"0":"post-9248","1":"product","2":"type-product","3":"status-publish","4":"has-post-thumbnail","6":"product_cat-eclairage-et-ring-lights","7":"product_cat-studio","9":"first","10":"instock","11":"sale","12":"shipping-taxable","13":"purchasable","14":"product-type-simple"},"jetpack_sharing_enabled":true,"_links":{"self":[{"href":"https:\/\/espacetechnologie.ma\/ar\/wp-json\/wp\/v2\/product\/9248","targetHints":{"allow":["GET"]}}],"collection":[{"href":"https:\/\/espacetechnologie.ma\/ar\/wp-json\/wp\/v2\/product"}],"about":[{"href":"https:\/\/espacetechnologie.ma\/ar\/wp-json\/wp\/v2\/types\/product"}],"replies":[{"embeddable":true,"href":"https:\/\/espacetechnologie.ma\/ar\/wp-json\/wp\/v2\/comments?post=9248"}],"wp:featuredmedia":[{"embeddable":true,"href":"https:\/\/espacetechnologie.ma\/ar\/wp-json\/wp\/v2\/media\/9247"}],"wp:attachment":[{"href":"https:\/\/espacetechnologie.ma\/ar\/wp-json\/wp\/v2\/media?parent=9248"}],"wp:term":[{"taxonomy":"product_brand","embeddable":true,"href":"https:\/\/espacetechnologie.ma\/ar\/wp-json\/wp\/v2\/product_brand?post=9248"},{"taxonomy":"product_cat","embeddable":true,"href":"https:\/\/espacetechnologie.ma\/ar\/wp-json\/wp\/v2\/product_cat?post=9248"},{"taxonomy":"product_tag","embeddable":true,"href":"https:\/\/espacetechnologie.ma\/ar\/wp-json\/wp\/v2\/product_tag?post=9248"}],"curies":[{"name":"wp","href":"https:\/\/api.w.org\/{rel}","templated":true}]}}