{"id":9242,"date":"2025-07-09T07:57:26","date_gmt":"2025-07-09T06:57:26","guid":{"rendered":"https:\/\/espacetechnologie.ma\/product\/%d8%ac%d8%b1%d8%b3-%d8%a8%d8%a7%d8%a8-%d9%84%d8%a7%d8%b3%d9%84%d9%83%d9%8a-%d8%a8%d9%83%d8%a7%d9%85%d9%8a%d8%b1%d8%a7-%d9%85%d8%b1%d8%a7%d9%82%d8%a8%d8%a9\/"},"modified":"2025-08-02T13:33:04","modified_gmt":"2025-08-02T12:33:04","slug":"%d8%ac%d8%b1%d8%b3-%d8%a8%d8%a7%d8%a8-%d9%84%d8%a7%d8%b3%d9%84%d9%83%d9%8a-%d8%a8%d9%83%d8%a7%d9%85%d9%8a%d8%b1%d8%a7-%d9%85%d8%b1%d8%a7%d9%82%d8%a8%d8%a9","status":"publish","type":"product","link":"https:\/\/espacetechnologie.ma\/ar\/product\/%d8%ac%d8%b1%d8%b3-%d8%a8%d8%a7%d8%a8-%d9%84%d8%a7%d8%b3%d9%84%d9%83%d9%8a-%d8%a8%d9%83%d8%a7%d9%85%d9%8a%d8%b1%d8%a7-%d9%85%d8%b1%d8%a7%d9%82%d8%a8%d8%a9\/","title":{"rendered":"\u062c\u0631\u0633 \u0628\u0627\u0628 \u0644\u0627\u0633\u0644\u0643\u064a \u0628\u0643\u0627\u0645\u064a\u0631\u0627 \u0645\u0631\u0627\u0642\u0628\u0629"},"content":{"rendered":"<p>Vision nocturne:Avec la lumi\u00e8re infrarouge, vous apporte une image de vision nocturne tr\u00e8s claire.<br \/>\nR\u00e9solution HD 720P:Vous apporte une image et une vid\u00e9o claires et cristallines.<br \/>\nH.264 Compression:Technologie de compression vid\u00e9o avanc\u00e9e, d\u00e9bit binaire ultra faible, qualit\u00e9 d&rsquo;image haute d\u00e9finition.<br \/>\nAPPLICATION de Surveillance \u00c0 Distance:Prise en charge du syst\u00e8me Android\/ iOS.<br \/>\nBatterie:3 piles AA (non incluses), longue dur\u00e9e de veille.<br \/>\nD\u00e9tection de mouvement et Notification d&rsquo;alerte:Capteur de mouvement sensible, envoyer une notification d&rsquo;alerte \u00e0 votre t\u00e9l\u00e9phone lorsqu&rsquo;un objet en mouvement est d\u00e9tect\u00e9.<br \/>\nAudio bidirectionnel:Microphone et haut-parleur int\u00e9gr\u00e9s, vous pouvez parler \u00e0 l&rsquo;autre personne devant la sonnette via votre t\u00e9l\u00e9phone portable.<br \/>\nConnexion WiFi sans fil:Ne supporte que la connexion WiFi 2.4GHz, ne supporte pas la connexion WiFi 5GHz<\/p>","protected":false},"excerpt":{"rendered":"<p>19<br \/>\n\u0627\u0644\u0631\u0624\u064a\u0629 \u0627\u0644\u0644\u064a\u0644\u064a\u0629: \u0645\u0639 \u0636\u0648\u0621 \u0627\u0644\u0623\u0634\u0639\u0629 \u062a\u062d\u062a \u0627\u0644\u062d\u0645\u0631\u0627\u0621 \u060c \u062a\u062c\u0644\u0628 \u0644\u0643 \u0635\u0648\u0631\u0629 \u0631\u0624\u064a\u0629 \u0644\u064a\u0644\u064a\u0629 \u0641\u0627\u0626\u0642\u0629 \u0627\u0644\u0648\u0636\u0648\u062d.<br \/>\n\u062f\u0642\u0629 720P HD: \u062a\u062c\u0644\u0628 \u0644\u0643 \u0635\u0648\u0631\u0629 \u0648\u0641\u064a\u062f\u064a\u0648 \u0648\u0627\u0636\u062d\u064a\u0646 \u0644\u0644\u063a\u0627\u064a\u0629.<br \/>\n\u0636\u063a\u0637 H.264: \u062a\u0642\u0646\u064a\u0629 \u0636\u063a\u0637 \u0627\u0644\u0641\u064a\u062f\u064a\u0648 \u0627\u0644\u0645\u062a\u0642\u062f\u0645\u0629 \u060c \u0645\u0639\u062f\u0644 \u0628\u062a \u0645\u0646\u062e\u0641\u0636 \u0644\u0644\u063a\u0627\u064a\u0629 \u060c \u062c\u0648\u062f\u0629 \u0635\u0648\u0631\u0629 \u0639\u0627\u0644\u064a\u0629 \u0627\u0644\u0648\u0636\u0648\u062d.<br \/>\n\u062a\u0637\u0628\u064a\u0642 \u0627\u0644\u0645\u0631\u0627\u0642\u0628\u0629 \u0639\u0646 \u0628\u0639\u062f: \u062f\u0639\u0645 \u0646\u0638\u0627\u0645 Android \/ iOS.<br \/>\n\u0627\u0644\u0628\u0637\u0627\u0631\u064a\u0629: 3 \u0628\u0637\u0627\u0631\u064a\u0627\u062a AA (\u063a\u064a\u0631 \u0645\u062f\u0631\u062c\u0629) \u060c \u0648\u0642\u062a \u0627\u0633\u062a\u0639\u062f\u0627\u062f \u0637\u0648\u064a\u0644.<br \/>\n\u0643\u0634\u0641 \u0627\u0644\u062d\u0631\u0643\u0629 \u0648\u0625\u062e\u0637\u0627\u0631 \u0627\u0644\u062a\u0646\u0628\u064a\u0647: \u0645\u0633\u062a\u0634\u0639\u0631 \u062d\u0631\u0643\u0629 \u062d\u0633\u0627\u0633 \u060c \u0623\u0631\u0633\u0644 \u0625\u0634\u0639\u0627\u0631 \u062a\u0646\u0628\u064a\u0647 \u0625\u0644\u0649 \u0647\u0627\u062a\u0641\u0643 \u0639\u0646\u062f \u0627\u0643\u062a\u0634\u0627\u0641 \u062c\u0633\u0645 \u0645\u062a\u062d\u0631\u0643.<br \/>\n\u0635\u0648\u062a \u062b\u0646\u0627\u0626\u064a \u0627\u0644\u0627\u062a\u062c\u0627\u0647: \u0645\u064a\u0643\u0631\u0648\u0641\u0648\u0646 \u0648\u0645\u0643\u0628\u0631 \u0635\u0648\u062a \u0645\u062f\u0645\u062c\u0627\u0646 \u060c \u064a\u0645\u0643\u0646\u0643 \u0627\u0644\u062a\u062d\u062f\u062b \u0625\u0644\u0649 \u0627\u0644\u0634\u062e\u0635 \u0627\u0644\u0622\u062e\u0631 \u0623\u0645\u0627\u0645 \u062c\u0631\u0633 \u0627\u0644\u0628\u0627\u0628 \u0645\u0646 \u062e\u0644\u0627\u0644 \u0647\u0627\u062a\u0641\u0643 \u0627\u0644\u0645\u062d\u0645\u0648\u0644.<br \/>\n\u0627\u062a\u0635\u0627\u0644 WiFi \u0627\u0644\u0644\u0627\u0633\u0644\u0643\u064a: \u064a\u062f\u0639\u0645 \u0627\u062a\u0635\u0627\u0644 WiFi 2.4 \u062c\u064a\u062c\u0627 \u0647\u0631\u062a\u0632 \u0641\u0642\u0637 \u060c \u0648\u0644\u0627 \u064a\u062f\u0639\u0645 \u0627\u062a\u0635\u0627\u0644 WiFi \u0628\u0633\u0631\u0639\u0629 5 \u062c\u064a\u062c\u0627\u0647\u0631\u062a\u0632<\/p>","protected":false},"featured_media":9241,"comment_status":"open","ping_status":"closed","template":"","meta":{"event_title":"","event_details":"","event_timezone":"","event_gmap":"","event_image":"","event_image_url":"","event_calendar_link":"","event_location":"","event_datetime_with_summary":"","event_datetime":"","event_date_type":"","event_rulesummary":"","event_ticket_rsvp":"","_gspb_post_css":""},"product_brand":[],"product_cat":[131,132,130],"product_tag":[],"class_list":{"0":"post-9242","1":"product","2":"type-product","3":"status-publish","4":"has-post-thumbnail","6":"product_cat-cameras","7":"product_cat-cameras-de-surveillance","8":"product_cat-maison","10":"first","11":"instock","12":"sale","13":"shipping-taxable","14":"purchasable","15":"product-type-simple"},"jetpack_sharing_enabled":true,"_links":{"self":[{"href":"https:\/\/espacetechnologie.ma\/ar\/wp-json\/wp\/v2\/product\/9242","targetHints":{"allow":["GET"]}}],"collection":[{"href":"https:\/\/espacetechnologie.ma\/ar\/wp-json\/wp\/v2\/product"}],"about":[{"href":"https:\/\/espacetechnologie.ma\/ar\/wp-json\/wp\/v2\/types\/product"}],"replies":[{"embeddable":true,"href":"https:\/\/espacetechnologie.ma\/ar\/wp-json\/wp\/v2\/comments?post=9242"}],"wp:featuredmedia":[{"embeddable":true,"href":"https:\/\/espacetechnologie.ma\/ar\/wp-json\/wp\/v2\/media\/9241"}],"wp:attachment":[{"href":"https:\/\/espacetechnologie.ma\/ar\/wp-json\/wp\/v2\/media?parent=9242"}],"wp:term":[{"taxonomy":"product_brand","embeddable":true,"href":"https:\/\/espacetechnologie.ma\/ar\/wp-json\/wp\/v2\/product_brand?post=9242"},{"taxonomy":"product_cat","embeddable":true,"href":"https:\/\/espacetechnologie.ma\/ar\/wp-json\/wp\/v2\/product_cat?post=9242"},{"taxonomy":"product_tag","embeddable":true,"href":"https:\/\/espacetechnologie.ma\/ar\/wp-json\/wp\/v2\/product_tag?post=9242"}],"curies":[{"name":"wp","href":"https:\/\/api.w.org\/{rel}","templated":true}]}}