{"id":9229,"date":"2025-07-09T07:57:23","date_gmt":"2025-07-09T06:57:23","guid":{"rendered":"https:\/\/espacetechnologie.ma\/product\/2-pieces-pointeur-laser-vert-haute-puissance-pour-chat-de-compagnie\/"},"modified":"2025-08-02T12:54:37","modified_gmt":"2025-08-02T11:54:37","slug":"2-pieces-pointeur-laser-vert-haute-puissance-pour-chat-de-compagnie","status":"publish","type":"product","link":"https:\/\/espacetechnologie.ma\/ar\/product\/2-pieces-pointeur-laser-vert-haute-puissance-pour-chat-de-compagnie\/","title":{"rendered":"2 Pi\u00e8ces  Pointeur laser-vert haute puissance pour chat de compagnie"},"content":{"rendered":"<p>Mat\u00e9riau: aluminium dur<br \/>\nTraitement de surface: anodisation<br \/>\nMode de commutation: interrupteur tactile l\u00e9ger<br \/>\nLongueur d&rsquo;onde: 532nm<br \/>\nTension de fonctionnement: DC3.7V avec cl\u00e9<br \/>\nTaille de protection: 22mmX160mm<br \/>\nAlimentation \u00e9lectrique: 1 x batterie<\/p>","protected":false},"excerpt":{"rendered":"<p>Mat\u00e9riau: aluminium dur Traitement de surface: anodisation Mode de commutation: interrupteur tactile l\u00e9ger Longueur d&rsquo;onde: 532nm Tension de fonctionnement: DC3.7V avec cl\u00e9 Taille de protection: 22mmX160mm Alimentation \u00e9lectrique: 1 x batterie<\/p>","protected":false},"featured_media":9228,"comment_status":"open","ping_status":"closed","template":"","meta":{"event_title":"","event_details":"","event_timezone":"","event_gmap":"","event_image":"","event_image_url":"","event_calendar_link":"","event_location":"","event_datetime_with_summary":"","event_datetime":"","event_date_type":"","event_rulesummary":"","event_ticket_rsvp":"","_gspb_post_css":""},"product_brand":[],"product_cat":[82],"product_tag":[],"class_list":{"0":"post-9229","1":"product","2":"type-product","3":"status-publish","4":"has-post-thumbnail","6":"product_cat-gadgets","8":"first","9":"instock","10":"sale","11":"shipping-taxable","12":"purchasable","13":"product-type-simple"},"jetpack_sharing_enabled":true,"_links":{"self":[{"href":"https:\/\/espacetechnologie.ma\/ar\/wp-json\/wp\/v2\/product\/9229","targetHints":{"allow":["GET"]}}],"collection":[{"href":"https:\/\/espacetechnologie.ma\/ar\/wp-json\/wp\/v2\/product"}],"about":[{"href":"https:\/\/espacetechnologie.ma\/ar\/wp-json\/wp\/v2\/types\/product"}],"replies":[{"embeddable":true,"href":"https:\/\/espacetechnologie.ma\/ar\/wp-json\/wp\/v2\/comments?post=9229"}],"wp:featuredmedia":[{"embeddable":true,"href":"https:\/\/espacetechnologie.ma\/ar\/wp-json\/wp\/v2\/media\/9228"}],"wp:attachment":[{"href":"https:\/\/espacetechnologie.ma\/ar\/wp-json\/wp\/v2\/media?parent=9229"}],"wp:term":[{"taxonomy":"product_brand","embeddable":true,"href":"https:\/\/espacetechnologie.ma\/ar\/wp-json\/wp\/v2\/product_brand?post=9229"},{"taxonomy":"product_cat","embeddable":true,"href":"https:\/\/espacetechnologie.ma\/ar\/wp-json\/wp\/v2\/product_cat?post=9229"},{"taxonomy":"product_tag","embeddable":true,"href":"https:\/\/espacetechnologie.ma\/ar\/wp-json\/wp\/v2\/product_tag?post=9229"}],"curies":[{"name":"wp","href":"https:\/\/api.w.org\/{rel}","templated":true}]}}