{"id":9219,"date":"2025-07-09T07:57:21","date_gmt":"2025-07-09T06:57:21","guid":{"rendered":"https:\/\/espacetechnologie.ma\/product\/camera-endoscope-etanche-ip67pour-iphone-et-ipad-3mp-8mm\/"},"modified":"2025-10-23T00:02:19","modified_gmt":"2025-10-22T23:02:19","slug":"camera-endoscope-etanche-ip67pour-iphone-et-ipad-3mp-8mm","status":"publish","type":"product","link":"https:\/\/espacetechnologie.ma\/ar\/product\/camera-endoscope-etanche-ip67pour-iphone-et-ipad-3mp-8mm\/","title":{"rendered":"Cam\u00e9ra endoscope \u00e9tanche IP67pour iPhone, et iPad, 3MP, 8mm"},"content":{"rendered":"<p>1280*720P HD R\u00e9solution<br \/>\nC\u00e2ble semi-rigide et sonde \u00e9tanche<br \/>\nConnexion facile prend en charge lOS IPHONE<br \/>\nPeut prendre des photos et enregistrer des vid\u00e9os<br \/>\n\u00c9quip\u00e9 d&rsquo;accessoires ad\u00e9quats, crochet, aimant, qui peuvent s&rsquo;adapter \u00e0 une vari\u00e9t\u00e9 d&rsquo;environnements.<br \/>\nApplication: comme \u00e0 l&rsquo;int\u00e9rieur de la voiture ou autour moteur, \u00e0 l&rsquo;int\u00e9rieur de l&rsquo;inspection de tuyau, ou du me d&rsquo;inspection de maison, et du c\u00e2blage.<\/p>","protected":false},"excerpt":{"rendered":"<p>Sp\u00e9cification:<br \/>\nDiam\u00e8tre de la sonde de cam\u00e9ra: 8MM<br \/>\nLongueur du c\u00e2ble: 1m\/5m de c\u00e2ble dur<br \/>\nR\u00e9solutions: 1280*720,<br \/>\nCapteur Cosmos: 2.0 m\u00e9gapixels<br \/>\nAngle de vue: 70 degr\u00e9s<br \/>\nMeilleure observation: 3 ~ 10 cm(1.2 ~ 3.93 pouces)<br \/>\nLumi\u00e8re: 6 LED blanches r\u00e9glables Lumi\u00e8re vive<br \/>\nNiveau d&rsquo;\u00e9tancheit\u00e9: IP67<br \/>\nSyst\u00e8me de soutien: Pour IPHONE IOS<br \/>\nCaract\u00e9ristique principale<\/p>","protected":false},"featured_media":9218,"comment_status":"open","ping_status":"closed","template":"","meta":{"event_title":"","event_details":"","event_timezone":"","event_gmap":"","event_image":"","event_image_url":"","event_calendar_link":"","event_location":"","event_datetime_with_summary":"","event_datetime":"","event_date_type":"","event_rulesummary":"","event_ticket_rsvp":"","_gspb_post_css":""},"product_brand":[],"product_cat":[131],"product_tag":[],"class_list":{"0":"post-9219","1":"product","2":"type-product","3":"status-publish","4":"has-post-thumbnail","6":"product_cat-cameras","8":"first","9":"instock","10":"sale","11":"featured","12":"shipping-taxable","13":"purchasable","14":"product-type-simple"},"jetpack_sharing_enabled":true,"_links":{"self":[{"href":"https:\/\/espacetechnologie.ma\/ar\/wp-json\/wp\/v2\/product\/9219","targetHints":{"allow":["GET"]}}],"collection":[{"href":"https:\/\/espacetechnologie.ma\/ar\/wp-json\/wp\/v2\/product"}],"about":[{"href":"https:\/\/espacetechnologie.ma\/ar\/wp-json\/wp\/v2\/types\/product"}],"replies":[{"embeddable":true,"href":"https:\/\/espacetechnologie.ma\/ar\/wp-json\/wp\/v2\/comments?post=9219"}],"wp:featuredmedia":[{"embeddable":true,"href":"https:\/\/espacetechnologie.ma\/ar\/wp-json\/wp\/v2\/media\/9218"}],"wp:attachment":[{"href":"https:\/\/espacetechnologie.ma\/ar\/wp-json\/wp\/v2\/media?parent=9219"}],"wp:term":[{"taxonomy":"product_brand","embeddable":true,"href":"https:\/\/espacetechnologie.ma\/ar\/wp-json\/wp\/v2\/product_brand?post=9219"},{"taxonomy":"product_cat","embeddable":true,"href":"https:\/\/espacetechnologie.ma\/ar\/wp-json\/wp\/v2\/product_cat?post=9219"},{"taxonomy":"product_tag","embeddable":true,"href":"https:\/\/espacetechnologie.ma\/ar\/wp-json\/wp\/v2\/product_tag?post=9219"}],"curies":[{"name":"wp","href":"https:\/\/api.w.org\/{rel}","templated":true}]}}