{"id":9211,"date":"2025-07-09T07:57:19","date_gmt":"2025-07-09T06:57:19","guid":{"rendered":"https:\/\/espacetechnologie.ma\/product\/mini-lampe-de-poche-a-3led-avec-queue-pince-a-stylo-magnetique-2\/"},"modified":"2025-10-27T07:50:55","modified_gmt":"2025-10-27T06:50:55","slug":"mini-lampe-de-poche-a-3led-avec-queue-pince-a-stylo-magnetique-2","status":"publish","type":"product","link":"https:\/\/espacetechnologie.ma\/ar\/product\/mini-lampe-de-poche-a-3led-avec-queue-pince-a-stylo-magnetique-2\/","title":{"rendered":"Mini lampe de poche \u00e0 3LED avec queue, pince \u00e0 stylo magn\u00e9tique"},"content":{"rendered":"<p>Description de l&rsquo;article<br \/>\nLampe de poche MINI Strong 3LED Portable Camping Compass Torch Rechargeable 18350 Battery Flashlights<br \/>\nLamp avec aimant arri\u00e8re et pince \u00e0 stylo<br \/>\nParam\u00e8tres du produit<br \/>\nMod\u00e8le: MINI lampe de poche \u00e0 lumi\u00e8re forte<br \/>\nLED: 3 * XHP360<br \/>\nLuminosit\u00e9: 1500LM<br \/>\nPuissance: 10W<br \/>\nBatterie: batterie au lithium 18350<br \/>\nTemps de travail: 3-8 heures<br \/>\nMat\u00e9riau de la coque: alliage d&rsquo;aluminium<br \/>\n\u00c9quipement: lumi\u00e8re forte, lumi\u00e8re moyenne, lumi\u00e8re faible, flash en rafale Gamme: 300M<br \/>\nGrade \u00e9tanche: niveau de temp\u00eate \u00e9tanche<br \/>\nInterface de charge: Port de charge rapide Type-c<br \/>\nTaille du produit: 24.5*21.5*69mm<br \/>\nTaille du paquet: 37*37*140mm<br \/>\nPoids net: 71.9g<br \/>\nPoids: 110.2g<br \/>\nAccessoires: c\u00e2ble de charge Type-c, batterie au lithium 18350<br \/>\nFonction: activit\u00e9s de plein air, \u00e9clairage, escalade, \u00e9quitation de nuit, auto-d\u00e9fense, urgence, randonn\u00e9e, boussole, pince \u00e0 stylo<br \/>\nListe d&#8217;emballage du produit 1:<br \/>\n1 * lampe de poche W5182 (pas de batterie)<br \/>\n1 * c\u00e2ble de charge de type C<\/p>","protected":false},"excerpt":{"rendered":"<p>Temps de travail: 3-8 heures<br \/>\nMat\u00e9riau de la coque: alliage d&rsquo;aluminium<br \/>\n\u00c9quipement: lumi\u00e8re forte, lumi\u00e8re moyenne, lumi\u00e8re faible, flash en rafale Gamme: 300M<br \/>\nGrade \u00e9tanche: niveau de temp\u00eate \u00e9tanche<br \/>\nInterface de charge: Port de charge rapide Type-c<br \/>\nTaille du produit: 24.5*21.5*69mm<br \/>\nTaille du paquet: 37*37*140mm<br \/>\nPoids net: 71.9g<\/p>","protected":false},"featured_media":9210,"comment_status":"open","ping_status":"closed","template":"","meta":{"event_title":"","event_details":"","event_timezone":"","event_gmap":"","event_image":"","event_image_url":"","event_calendar_link":"","event_location":"","event_datetime_with_summary":"","event_datetime":"","event_date_type":"","event_rulesummary":"","event_ticket_rsvp":"","_gspb_post_css":""},"product_brand":[],"product_cat":[82],"product_tag":[],"class_list":{"0":"post-9211","1":"product","2":"type-product","3":"status-publish","4":"has-post-thumbnail","6":"product_cat-gadgets","8":"first","9":"outofstock","10":"sale","11":"shipping-taxable","12":"purchasable","13":"product-type-simple"},"jetpack_sharing_enabled":true,"_links":{"self":[{"href":"https:\/\/espacetechnologie.ma\/ar\/wp-json\/wp\/v2\/product\/9211","targetHints":{"allow":["GET"]}}],"collection":[{"href":"https:\/\/espacetechnologie.ma\/ar\/wp-json\/wp\/v2\/product"}],"about":[{"href":"https:\/\/espacetechnologie.ma\/ar\/wp-json\/wp\/v2\/types\/product"}],"replies":[{"embeddable":true,"href":"https:\/\/espacetechnologie.ma\/ar\/wp-json\/wp\/v2\/comments?post=9211"}],"wp:featuredmedia":[{"embeddable":true,"href":"https:\/\/espacetechnologie.ma\/ar\/wp-json\/wp\/v2\/media\/9210"}],"wp:attachment":[{"href":"https:\/\/espacetechnologie.ma\/ar\/wp-json\/wp\/v2\/media?parent=9211"}],"wp:term":[{"taxonomy":"product_brand","embeddable":true,"href":"https:\/\/espacetechnologie.ma\/ar\/wp-json\/wp\/v2\/product_brand?post=9211"},{"taxonomy":"product_cat","embeddable":true,"href":"https:\/\/espacetechnologie.ma\/ar\/wp-json\/wp\/v2\/product_cat?post=9211"},{"taxonomy":"product_tag","embeddable":true,"href":"https:\/\/espacetechnologie.ma\/ar\/wp-json\/wp\/v2\/product_tag?post=9211"}],"curies":[{"name":"wp","href":"https:\/\/api.w.org\/{rel}","templated":true}]}}