{"id":9195,"date":"2025-07-09T07:57:16","date_gmt":"2025-07-09T06:57:16","guid":{"rendered":"https:\/\/espacetechnologie.ma\/product\/puluz-support-darriere-plan-2x3m-reglable-pour-photo-avec-3-couleur-vert-rouge-bleu\/"},"modified":"2025-08-02T13:05:52","modified_gmt":"2025-08-02T12:05:52","slug":"puluz-support-darriere-plan-2x3m-reglable-pour-photo-avec-3-couleur-vert-rouge-bleu","status":"publish","type":"product","link":"https:\/\/espacetechnologie.ma\/ar\/product\/puluz-support-darriere-plan-2x3m-reglable-pour-photo-avec-3-couleur-vert-rouge-bleu\/","title":{"rendered":"Puluz Support d&rsquo;arri\u00e8re-plan 2x3m r\u00e9glable pour Photo, avec 3 Couleur vert + rouge + bleu"},"content":{"rendered":"<p>Description du produit<br \/>\n1. Arri\u00e8re-plan de photographie, compl\u00e8tement transparent, offre un bon r\u00e9sultat pour la prise de vue.<br \/>\n2. Il peut \u00eatre utilis\u00e9 des deux c\u00f4t\u00e9s, lavable, repassable, pliable, durable, l\u00e9ger et bonne sensation verticale, facile \u00e0 ranger et \u00e0 transporter. Et il a une poche de tige en haut pour accrocher la toile de fond.<br \/>\n3. Parfait pour la t\u00e9l\u00e9vision, la production vid\u00e9o et la d\u00e9coration de la maison, les mariages, les f\u00eates, les nouveau-n\u00e9s, les enfants ou la photographie de produits. Disponible dans un choix de couleurs, la personnalisation est la bienvenue.<br \/>\n4. Cette toile de fond se nettoie facilement, en utilisant de l&rsquo;eau chaude et un d\u00e9tergent doux, qui aident la toile de fond \u00e0 rester comme neuve. Si n\u00e9cessaire, veuillez repasser la surface avec un fer \u00e0 vapeur mais pas du fer sec.<br \/>\n5. La grande taille de la toile de fond convient \u00e0 la prise de vue de grandes sc\u00e8nes, de nombreuses personnes peuvent \u00e9galement prendre des photos ensemble et un grand nombre d&rsquo;accessoires photographiques peuvent \u00eatre plac\u00e9s autour.<\/p>","protected":false},"excerpt":{"rendered":"<p>1. Arri\u00e8re-plan de photographie, compl\u00e8tement transparent, offre un bon r\u00e9sultat pour la prise de vue.<br \/>\n2. Il peut \u00eatre utilis\u00e9 des deux c\u00f4t\u00e9s, lavable, repassable, pliable, durable, l\u00e9ger et bonne sensation verticale, facile \u00e0 ranger et \u00e0 transporter. Et il a une poche de tige en haut pour accrocher la toile de fond.<br \/>\n3. Parfait pour la t\u00e9l\u00e9vision, la production vid\u00e9o et la d\u00e9coration de la maison, les mariages, les f\u00eates, les nouveau-n\u00e9s, les enfants ou la photographie de produits. Disponible dans un choix de couleurs, la personnalisation est la bienvenue.<br \/>\n4. Cette toile de fond se nettoie facilement, en utilisant de l&rsquo;eau chaude et un d\u00e9tergent doux, qui aident la toile de fond \u00e0 rester comme neuve. Si n\u00e9cessaire, veuillez repasser la surface avec un fer \u00e0 vapeur mais pas du fer sec.<br \/>\n5. La grande taille de la toile de fond convient \u00e0 la prise de vue de grandes sc\u00e8nes, de nombreuses personnes peuvent \u00e9galement prendre des photos ensemble et un grand nombre d&rsquo;accessoires photographiques peuvent \u00eatre plac\u00e9s autour.<\/p>","protected":false},"featured_media":9194,"comment_status":"open","ping_status":"closed","template":"","meta":{"event_title":"","event_details":"","event_timezone":"","event_gmap":"","event_image":"","event_image_url":"","event_calendar_link":"","event_location":"","event_datetime_with_summary":"","event_datetime":"","event_date_type":"","event_rulesummary":"","event_ticket_rsvp":"","_gspb_post_css":""},"product_brand":[],"product_cat":[119,116],"product_tag":[],"class_list":{"0":"post-9195","1":"product","2":"type-product","3":"status-publish","4":"has-post-thumbnail","6":"product_cat-accessoires-studio","7":"product_cat-studio","9":"first","10":"instock","11":"sale","12":"shipping-taxable","13":"purchasable","14":"product-type-simple"},"jetpack_sharing_enabled":true,"_links":{"self":[{"href":"https:\/\/espacetechnologie.ma\/ar\/wp-json\/wp\/v2\/product\/9195","targetHints":{"allow":["GET"]}}],"collection":[{"href":"https:\/\/espacetechnologie.ma\/ar\/wp-json\/wp\/v2\/product"}],"about":[{"href":"https:\/\/espacetechnologie.ma\/ar\/wp-json\/wp\/v2\/types\/product"}],"replies":[{"embeddable":true,"href":"https:\/\/espacetechnologie.ma\/ar\/wp-json\/wp\/v2\/comments?post=9195"}],"wp:featuredmedia":[{"embeddable":true,"href":"https:\/\/espacetechnologie.ma\/ar\/wp-json\/wp\/v2\/media\/9194"}],"wp:attachment":[{"href":"https:\/\/espacetechnologie.ma\/ar\/wp-json\/wp\/v2\/media?parent=9195"}],"wp:term":[{"taxonomy":"product_brand","embeddable":true,"href":"https:\/\/espacetechnologie.ma\/ar\/wp-json\/wp\/v2\/product_brand?post=9195"},{"taxonomy":"product_cat","embeddable":true,"href":"https:\/\/espacetechnologie.ma\/ar\/wp-json\/wp\/v2\/product_cat?post=9195"},{"taxonomy":"product_tag","embeddable":true,"href":"https:\/\/espacetechnologie.ma\/ar\/wp-json\/wp\/v2\/product_tag?post=9195"}],"curies":[{"name":"wp","href":"https:\/\/api.w.org\/{rel}","templated":true}]}}