{"id":9164,"date":"2025-07-09T07:57:10","date_gmt":"2025-07-09T06:57:10","guid":{"rendered":"https:\/\/espacetechnologie.ma\/product\/%d8%ac%d9%87%d8%a7%d8%b2-%d8%aa%d8%ad%d9%83%d9%85-%d8%b9%d9%86-%d8%a8%d8%b9%d8%af-%d9%85%d8%b9-%d8%b2%d8%b1-%d9%83%d8%b1%d8%a9-%d8%a7%d9%84%d9%82%d8%af%d9%85-%d9%88%d9%85%d8%ad%d9%88%d8%b1-%d8%b0\/"},"modified":"2025-08-02T15:59:03","modified_gmt":"2025-08-02T14:59:03","slug":"%d8%ac%d9%87%d8%a7%d8%b2-%d8%aa%d8%ad%d9%83%d9%85-%d8%b9%d9%86-%d8%a8%d8%b9%d8%af-%d9%85%d8%b9-%d8%b2%d8%b1-%d9%83%d8%b1%d8%a9-%d8%a7%d9%84%d9%82%d8%af%d9%85-%d9%88%d9%85%d8%ad%d9%88%d8%b1-%d8%b0","status":"publish","type":"product","link":"https:\/\/espacetechnologie.ma\/ar\/product\/%d8%ac%d9%87%d8%a7%d8%b2-%d8%aa%d8%ad%d9%83%d9%85-%d8%b9%d9%86-%d8%a8%d8%b9%d8%af-%d9%85%d8%b9-%d8%b2%d8%b1-%d9%83%d8%b1%d8%a9-%d8%a7%d9%84%d9%82%d8%af%d9%85-%d9%88%d9%85%d8%ad%d9%88%d8%b1-%d8%b0\/","title":{"rendered":"\u062c\u0647\u0627\u0632 \u062a\u062d\u0643\u0645 \u0639\u0646 \u0628\u0639\u062f \u0645\u0639 \u0632\u0631 \u0643\u0631\u0629 \u0627\u0644\u0642\u062f\u0645 \u0648\u0645\u062d\u0648\u0631 \u0630\u0643\u064a \u0644\u062a\u0644\u0641\u0632\u064a\u0648\u0646 \u0633\u0627\u0645\u0633\u0648\u0646\u062c \u0627\u0644\u0630\u0643\u064a \/ LED \/ LCD \/ HD \u0645\u0639 \u0648\u0638\u064a\u0641\u0629 3D"},"content":{"rendered":"<p>La t\u00e9l\u00e9commande universelle RM-D1078+ avec bouton<br \/>\nfootball est adapt\u00e9e aux t\u00e9l\u00e9viseurs SAMSUNG SMART \/ LED, LCD et HD-TV \u00e0<br \/>\nfonction 3D.<br \/>\nImm\u00e9diatement pr\u00eate \u00e0 l&#8217;emploi : apr\u00e8s y avoir ins\u00e9r\u00e9 les piles<br \/>\nn\u00e9cessaires (2x piles AAA), vous pouvez utiliser la t\u00e9l\u00e9commande<br \/>\nimm\u00e9diatement sans avoir \u00e0 programmer quoi que ce soit au pr\u00e9alable.<br \/>\nPort\u00e9e : plus de 8 m\u00e8tres<br \/>\nContenu de la livraison : 1x RM-D1078<br \/>\nVous trouverez d&rsquo;autres accessoires utiles dans notre boutique world-electro<\/p>","protected":false},"excerpt":{"rendered":"<p>La t\u00e9l\u00e9commande universelle RM-D1078+ avec bouton football est adapt\u00e9e aux t\u00e9l\u00e9viseurs SAMSUNG SMART \/ LED, LCD et HD-TV \u00e0 fonction 3D. Imm\u00e9diatement pr\u00eate \u00e0 l&#8217;emploi : apr\u00e8s y avoir ins\u00e9r\u00e9 les piles n\u00e9cessaires (2x piles AAA), vous pouvez utiliser la t\u00e9l\u00e9commande imm\u00e9diatement sans avoir \u00e0 programmer quoi que ce soit au pr\u00e9alable. Port\u00e9e : plus [&hellip;]<\/p>\n","protected":false},"featured_media":9163,"comment_status":"open","ping_status":"closed","template":"","meta":{"event_title":"","event_details":"","event_timezone":"","event_gmap":"","event_image":"","event_image_url":"","event_calendar_link":"","event_location":"","event_datetime_with_summary":"","event_datetime":"","event_date_type":"","event_rulesummary":"","event_ticket_rsvp":"","_gspb_post_css":""},"product_brand":[],"product_cat":[125,123],"product_tag":[],"class_list":{"0":"post-9164","1":"product","2":"type-product","3":"status-publish","4":"has-post-thumbnail","6":"product_cat-autres-accessoires-tv","7":"product_cat-tv","9":"first","10":"instock","11":"sale","12":"shipping-taxable","13":"purchasable","14":"product-type-simple"},"jetpack_sharing_enabled":true,"_links":{"self":[{"href":"https:\/\/espacetechnologie.ma\/ar\/wp-json\/wp\/v2\/product\/9164","targetHints":{"allow":["GET"]}}],"collection":[{"href":"https:\/\/espacetechnologie.ma\/ar\/wp-json\/wp\/v2\/product"}],"about":[{"href":"https:\/\/espacetechnologie.ma\/ar\/wp-json\/wp\/v2\/types\/product"}],"replies":[{"embeddable":true,"href":"https:\/\/espacetechnologie.ma\/ar\/wp-json\/wp\/v2\/comments?post=9164"}],"wp:featuredmedia":[{"embeddable":true,"href":"https:\/\/espacetechnologie.ma\/ar\/wp-json\/wp\/v2\/media\/9163"}],"wp:attachment":[{"href":"https:\/\/espacetechnologie.ma\/ar\/wp-json\/wp\/v2\/media?parent=9164"}],"wp:term":[{"taxonomy":"product_brand","embeddable":true,"href":"https:\/\/espacetechnologie.ma\/ar\/wp-json\/wp\/v2\/product_brand?post=9164"},{"taxonomy":"product_cat","embeddable":true,"href":"https:\/\/espacetechnologie.ma\/ar\/wp-json\/wp\/v2\/product_cat?post=9164"},{"taxonomy":"product_tag","embeddable":true,"href":"https:\/\/espacetechnologie.ma\/ar\/wp-json\/wp\/v2\/product_tag?post=9164"}],"curies":[{"name":"wp","href":"https:\/\/api.w.org\/{rel}","templated":true}]}}