{"id":9138,"date":"2025-07-09T07:57:04","date_gmt":"2025-07-09T06:57:04","guid":{"rendered":"https:\/\/espacetechnologie.ma\/product\/superieure-pour-ecran-reglable\/"},"modified":"2025-08-03T06:41:16","modified_gmt":"2025-08-03T05:41:16","slug":"superieure-pour-ecran-reglable","status":"publish","type":"product","link":"https:\/\/espacetechnologie.ma\/ar\/product\/superieure-pour-ecran-reglable\/","title":{"rendered":"sup\u00e9rieure pour \u00e9cran r\u00e9glable"},"content":{"rendered":"<p>Informations sur le produit:<br \/>\nPoids:\u00a0Environ 290g<br \/>\nMat\u00e9riel:\u00a0ABS<br \/>\nCouleur:\u00a0Noir<br \/>\nTaille:\u00a033*16*2.5cm<br \/>\nContenu de l&#8217;emballage:\u00a01 x Plateau<br \/>\nCaract\u00e9ristique:<br \/>\n* Tout neuf et de haute qualit\u00e9.<br \/>\n* ABS mat\u00e9riau \u00e9cologique, s\u00fbr et sain, haute r\u00e9sistance \u00e0 la temp\u00e9rature, aucune d\u00e9formation, robuste et durable.<br \/>\n* Design cr\u00e9atif pour maximiser l&rsquo;utilisation de l&rsquo;espace.<br \/>\n* Laisser le bureau en d\u00e9sordre nouveau look et apporter une bonne humeur pour le travail.<br \/>\n* Deux mobile supports sont disponibles pour une vari\u00e9t\u00e9 de \u00e9crans. Le point en relief conception augmente la friction et emp\u00eache les articles de glisser.<br \/>\nNote:\u00a0lumi\u00e8re de tir et diff\u00e9rents \u00e9crans peuvent causer la couleur de l&rsquo;article dans l&rsquo;image un peu diff\u00e9rent de la r\u00e9el chose. La mesure erreur permise est +\/- 1-3cm.<br \/>\nCouleur:\u00a0Noir<br \/>\nTaille:\u00a033*16*2.5cm<br \/>\nContenu de l&#8217;emballage:\u00a01 x Plateau<br \/>\nMat\u00e9riel:\u00a0ABS<\/p>","protected":false},"excerpt":{"rendered":"<p>Couleur:\u00a0Noir<br \/>\nTaille:\u00a033*16*2.5cm<br \/>\nContenu de l&#8217;emballage:\u00a01 x Plateau<br \/>\nPoids:\u00a0Environ 290g<br \/>\nMat\u00e9riel:\u00a0ABS<br \/>\nl&rsquo;organisateur d&rsquo;espace id\u00e9al pour votre maison ou votre bureau<br \/>\nPensez \u00e0 tout l&rsquo;espace inutilis\u00e9 et gaspill\u00e9 au-dessus de vos moniteurs et t\u00e9l\u00e9viseurs<br \/>\nScreen Caddy vous permet de profiter efficacement de la zone au-dessus de tout \u00e9cran plat<br \/>\ncr\u00e9ant instantan\u00e9ment un espace suppl\u00e9mentaire pour stocker et organiser vos articles<br \/>\nCapturez tout l&rsquo;espace suppl\u00e9mentaire et organisez facilement vos fournitures de bureau<br \/>\nvos appareils de streaming, vos haut-parleurs, vos consoles de jeu, vos cadres photo et bien s\u00fbr vos t\u00e9l\u00e9commandes<\/p>","protected":false},"featured_media":9137,"comment_status":"open","ping_status":"closed","template":"","meta":{"event_title":"","event_details":"","event_timezone":"","event_gmap":"","event_image":"","event_image_url":"","event_calendar_link":"","event_location":"","event_datetime_with_summary":"","event_datetime":"","event_date_type":"","event_rulesummary":"","event_ticket_rsvp":"","_gspb_post_css":""},"product_brand":[],"product_cat":[102,125,96,97,123],"product_tag":[],"class_list":{"0":"post-9138","1":"product","2":"type-product","3":"status-publish","4":"has-post-thumbnail","6":"product_cat-autres-accessoires-pc","7":"product_cat-autres-accessoires-tv","8":"product_cat-pc","9":"product_cat-support","10":"product_cat-tv","12":"first","13":"instock","14":"sale","15":"shipping-taxable","16":"purchasable","17":"product-type-simple"},"jetpack_sharing_enabled":true,"_links":{"self":[{"href":"https:\/\/espacetechnologie.ma\/ar\/wp-json\/wp\/v2\/product\/9138","targetHints":{"allow":["GET"]}}],"collection":[{"href":"https:\/\/espacetechnologie.ma\/ar\/wp-json\/wp\/v2\/product"}],"about":[{"href":"https:\/\/espacetechnologie.ma\/ar\/wp-json\/wp\/v2\/types\/product"}],"replies":[{"embeddable":true,"href":"https:\/\/espacetechnologie.ma\/ar\/wp-json\/wp\/v2\/comments?post=9138"}],"wp:featuredmedia":[{"embeddable":true,"href":"https:\/\/espacetechnologie.ma\/ar\/wp-json\/wp\/v2\/media\/9137"}],"wp:attachment":[{"href":"https:\/\/espacetechnologie.ma\/ar\/wp-json\/wp\/v2\/media?parent=9138"}],"wp:term":[{"taxonomy":"product_brand","embeddable":true,"href":"https:\/\/espacetechnologie.ma\/ar\/wp-json\/wp\/v2\/product_brand?post=9138"},{"taxonomy":"product_cat","embeddable":true,"href":"https:\/\/espacetechnologie.ma\/ar\/wp-json\/wp\/v2\/product_cat?post=9138"},{"taxonomy":"product_tag","embeddable":true,"href":"https:\/\/espacetechnologie.ma\/ar\/wp-json\/wp\/v2\/product_tag?post=9138"}],"curies":[{"name":"wp","href":"https:\/\/api.w.org\/{rel}","templated":true}]}}