{"id":9125,"date":"2025-07-09T07:57:00","date_gmt":"2025-07-09T06:57:00","guid":{"rendered":"https:\/\/espacetechnologie.ma\/product\/lampe-led-rechargeable-lampe-multifonction-systeme-de-securite-2\/"},"modified":"2025-08-02T12:54:35","modified_gmt":"2025-08-02T11:54:35","slug":"lampe-led-rechargeable-lampe-multifonction-systeme-de-securite-2","status":"publish","type":"product","link":"https:\/\/espacetechnologie.ma\/ar\/product\/lampe-led-rechargeable-lampe-multifonction-systeme-de-securite-2\/","title":{"rendered":"Lampe LED rechargeable, lampe multifonction, syst\u00e8me de s\u00e9curit\u00e9"},"content":{"rendered":"<p>Description de l&rsquo;article<br \/>\nLampe de poche multifonction 8-en-1, charge solaire, marteau de sauvetage, alarme audio, boussole, lampe de poche d&rsquo;urgence pour v\u00e9hicules<br \/>\nPerle de lampe: T6 + COB<br \/>\nGrade \u00e9tanche: la vie \u00e9tanche<br \/>\nEndurance: 3-8 H<br \/>\nMat\u00e9riau: alliage d&rsquo;aluminium<br \/>\nAlimentation \u00e9lectrique: 18650 batteries<br \/>\nMode de charge: Chargement USB<br \/>\nCapacit\u00e9 de la batterie: 1500mAh<br \/>\nR\u00e9glage de l&rsquo;engrenage: lumi\u00e8re forte lumi\u00e8re faible flash explosif (lumi\u00e8re forte lumi\u00e8re faible rouge bleu alarme de la lampe lat\u00e9rale)<br \/>\nTrois modes et gradation \u00e0 six vitesses<br \/>\nLa lumi\u00e8re forte dure 3-4 heures<br \/>\nL&rsquo;endurance de Zhongguang est de 6-7 heures<br \/>\nEndurance flash d&rsquo;explosion 3-4 heures<br \/>\nPhare: lumi\u00e8re forte\/lumi\u00e8re<br \/>\nFeux lat\u00e9raux: lumineux<br \/>\nFeux d&rsquo;avertissement rouges et bleus: les feux rouges et bleus clignotent alternativement<br \/>\nCliquez pour allumer la lumi\u00e8re forte, puis appuyez pour basculer entre la lumi\u00e8re moyenne et la lumi\u00e8re \u00e9clat\u00e9e<br \/>\nAppuyez et maintenez le mode phare pendant 1.5 secondes pour allumer et appuyez \u00e0 nouveau sur l&rsquo;interrupteur pour changer de luminosit\u00e9<br \/>\nMode d&rsquo;\u00e9clairage lat\u00e9ral: appuyez pendant 1.5 secondes pour allumer et appuyez \u00e0 nouveau sur l&rsquo;interrupteur pour \u00e9teindre le voyant d&rsquo;avertissement<\/p>","protected":false},"excerpt":{"rendered":"<p>Endurance: 3-8 H<br \/>\nMat\u00e9riau: alliage d&rsquo;aluminium<br \/>\nAlimentation \u00e9lectrique: 18650 batteries<br \/>\nMode de charge: Chargement USB<br \/>\nCapacit\u00e9 de la batterie: 1500mAh<br \/>\nR\u00e9glage de l&rsquo;engrenage: lumi\u00e8re forte lumi\u00e8re faible flash explosif (lumi\u00e8re forte lumi\u00e8re faible rouge bleu alarme de la lampe lat\u00e9rale)<br \/>\nTrois modes et gradation \u00e0 six vitesses<br \/>\nLa lumi\u00e8re forte dure 3-4 heures<br \/>\nL&rsquo;endurance de Zhongguang est de 6-7 heures<br \/>\nEndurance flash d&rsquo;explosion 3-4 heures<br \/>\nPhare: lumi\u00e8re forte\/lumi\u00e8re<br \/>\nFeux lat\u00e9raux: lumineux<\/p>","protected":false},"featured_media":9124,"comment_status":"open","ping_status":"closed","template":"","meta":{"event_title":"","event_details":"","event_timezone":"","event_gmap":"","event_image":"","event_image_url":"","event_calendar_link":"","event_location":"","event_datetime_with_summary":"","event_datetime":"","event_date_type":"","event_rulesummary":"","event_ticket_rsvp":"","_gspb_post_css":""},"product_brand":[],"product_cat":[82],"product_tag":[],"class_list":{"0":"post-9125","1":"product","2":"type-product","3":"status-publish","4":"has-post-thumbnail","6":"product_cat-gadgets","8":"first","9":"instock","10":"sale","11":"shipping-taxable","12":"purchasable","13":"product-type-simple"},"jetpack_sharing_enabled":true,"_links":{"self":[{"href":"https:\/\/espacetechnologie.ma\/ar\/wp-json\/wp\/v2\/product\/9125","targetHints":{"allow":["GET"]}}],"collection":[{"href":"https:\/\/espacetechnologie.ma\/ar\/wp-json\/wp\/v2\/product"}],"about":[{"href":"https:\/\/espacetechnologie.ma\/ar\/wp-json\/wp\/v2\/types\/product"}],"replies":[{"embeddable":true,"href":"https:\/\/espacetechnologie.ma\/ar\/wp-json\/wp\/v2\/comments?post=9125"}],"wp:featuredmedia":[{"embeddable":true,"href":"https:\/\/espacetechnologie.ma\/ar\/wp-json\/wp\/v2\/media\/9124"}],"wp:attachment":[{"href":"https:\/\/espacetechnologie.ma\/ar\/wp-json\/wp\/v2\/media?parent=9125"}],"wp:term":[{"taxonomy":"product_brand","embeddable":true,"href":"https:\/\/espacetechnologie.ma\/ar\/wp-json\/wp\/v2\/product_brand?post=9125"},{"taxonomy":"product_cat","embeddable":true,"href":"https:\/\/espacetechnologie.ma\/ar\/wp-json\/wp\/v2\/product_cat?post=9125"},{"taxonomy":"product_tag","embeddable":true,"href":"https:\/\/espacetechnologie.ma\/ar\/wp-json\/wp\/v2\/product_tag?post=9125"}],"curies":[{"name":"wp","href":"https:\/\/api.w.org\/{rel}","templated":true}]}}