{"id":9111,"date":"2025-07-09T07:56:58","date_gmt":"2025-07-09T06:56:58","guid":{"rendered":"https:\/\/espacetechnologie.ma\/product\/photographie-led-selfie-anneau-lumiere-trois-vitesses-en-continu-eclairage-dimmable-30cm\/"},"modified":"2025-08-02T14:54:42","modified_gmt":"2025-08-02T13:54:42","slug":"photographie-led-selfie-anneau-lumiere-trois-vitesses-en-continu-eclairage-dimmable-30cm","status":"publish","type":"product","link":"https:\/\/espacetechnologie.ma\/ar\/product\/photographie-led-selfie-anneau-lumiere-trois-vitesses-en-continu-eclairage-dimmable-30cm\/","title":{"rendered":"Photographie LED Selfie anneau lumi\u00e8re  trois vitesses en continu \u00e9clairage Dimmable 30cm"},"content":{"rendered":"<p>Diam\u00e8tre de la lumi\u00e8re annulaire: 30 cm\/12\u00a0\u00bb<br \/>\n\u2022\u00a0Couleur: Noir et \u00a0Blanc<br \/>\n\u2022\u00a0Plage de r\u00e9glage de la luminosit\u00e9: r\u00e9glage continu<br \/>\nTaille de pince de t\u00e9l\u00e9phone: 6-9 cm<br \/>\n\u2022 Couleur de la lumi\u00e8re: lumi\u00e8re chaude, lumi\u00e8re blanche, lumi\u00e8re blanche chaude<br \/>\n\u2022 \u00a0Alimentation: Port d&rsquo;usb<\/p>","protected":false},"excerpt":{"rendered":"<p>Diam\u00e8tre de la lumi\u00e8re annulaire: 30 cm\/12\u00a0\u00bb \u2022\u00a0Couleur: Noir et \u00a0Blanc \u2022\u00a0Plage de r\u00e9glage de la luminosit\u00e9: r\u00e9glage continu Taille de pince de t\u00e9l\u00e9phone: 6-9 cm \u2022 Couleur de la lumi\u00e8re: lumi\u00e8re chaude, lumi\u00e8re blanche, lumi\u00e8re blanche chaude \u2022 \u00a0Alimentation: Port d&rsquo;usb<\/p>","protected":false},"featured_media":9110,"comment_status":"open","ping_status":"closed","template":"","meta":{"event_title":"","event_details":"","event_timezone":"","event_gmap":"","event_image":"","event_image_url":"","event_calendar_link":"","event_location":"","event_datetime_with_summary":"","event_datetime":"","event_date_type":"","event_rulesummary":"","event_ticket_rsvp":"","_gspb_post_css":""},"product_brand":[],"product_cat":[117,116],"product_tag":[],"class_list":{"0":"post-9111","1":"product","2":"type-product","3":"status-publish","4":"has-post-thumbnail","6":"product_cat-eclairage-et-ring-lights","7":"product_cat-studio","9":"first","10":"instock","11":"sale","12":"shipping-taxable","13":"purchasable","14":"product-type-simple"},"jetpack_sharing_enabled":true,"_links":{"self":[{"href":"https:\/\/espacetechnologie.ma\/ar\/wp-json\/wp\/v2\/product\/9111","targetHints":{"allow":["GET"]}}],"collection":[{"href":"https:\/\/espacetechnologie.ma\/ar\/wp-json\/wp\/v2\/product"}],"about":[{"href":"https:\/\/espacetechnologie.ma\/ar\/wp-json\/wp\/v2\/types\/product"}],"replies":[{"embeddable":true,"href":"https:\/\/espacetechnologie.ma\/ar\/wp-json\/wp\/v2\/comments?post=9111"}],"wp:featuredmedia":[{"embeddable":true,"href":"https:\/\/espacetechnologie.ma\/ar\/wp-json\/wp\/v2\/media\/9110"}],"wp:attachment":[{"href":"https:\/\/espacetechnologie.ma\/ar\/wp-json\/wp\/v2\/media?parent=9111"}],"wp:term":[{"taxonomy":"product_brand","embeddable":true,"href":"https:\/\/espacetechnologie.ma\/ar\/wp-json\/wp\/v2\/product_brand?post=9111"},{"taxonomy":"product_cat","embeddable":true,"href":"https:\/\/espacetechnologie.ma\/ar\/wp-json\/wp\/v2\/product_cat?post=9111"},{"taxonomy":"product_tag","embeddable":true,"href":"https:\/\/espacetechnologie.ma\/ar\/wp-json\/wp\/v2\/product_tag?post=9111"}],"curies":[{"name":"wp","href":"https:\/\/api.w.org\/{rel}","templated":true}]}}