{"id":9105,"date":"2025-07-09T07:56:56","date_gmt":"2025-07-09T06:56:56","guid":{"rendered":"https:\/\/espacetechnologie.ma\/product\/etui-etanche-pour-gopro-12-11-10-9-4\/"},"modified":"2025-08-02T16:00:50","modified_gmt":"2025-08-02T15:00:50","slug":"etui-etanche-pour-gopro-12-11-10-9-4","status":"publish","type":"product","link":"https:\/\/espacetechnologie.ma\/ar\/product\/etui-etanche-pour-gopro-12-11-10-9-4\/","title":{"rendered":"\u00c9tui \u00e9tanche pour GoPro 12, 11, 10, 9,"},"content":{"rendered":"<p>Caract\u00e9ristiques:<br \/>\n1. Utilisez parfaitement l&rsquo;appareil photo 45m sous l&rsquo;eau, id\u00e9al pour la plong\u00e9e sous-marine, la plong\u00e9e en apn\u00e9e, la natation et d&rsquo;autres activit\u00e9s sportives nautiques<br \/>\n2. Corps complet \u00e9tanche pour prot\u00e9ger votre appareil photo de l&rsquo;eau, convient parfaitement \u00e0 la cam\u00e9ra d&rsquo;action noire GoPro Hero 12 11 10 9<br \/>\n3. Mat\u00e9riau en PVC haute r\u00e9sistance, \u00e9tanche \u00e0 l&rsquo;eau sous l&rsquo;eau de 45m, anti-poussi\u00e8re, antichoc<br \/>\n4. Lentille en verre tremp\u00e9 haute transmission de haute qualit\u00e9, double rev\u00eatement AF, AR, facile \u00e0 nettoyer et r\u00e9sistant aux rayures<br \/>\n5. Construit avec un support standard \u00e0 d\u00e9gagement rapide, vis longue, facile \u00e0 attacher d&rsquo;autres accessoires<br \/>\nLe forfait comprend<br \/>\n-Bo\u00eetier \u00e9tanche x 1<br \/>\n-Prise rapide x 1<br \/>\n-Vis longue x 1<br \/>\n-Bo\u00eetier \u00e9tanche x 1<br \/>\n-Prise rapide x 1<br \/>\n-Vis longue x 1<\/p>","protected":false},"excerpt":{"rendered":"<p>1. Utilisez parfaitement l&rsquo;appareil photo 45m sous l&rsquo;eau, id\u00e9al pour la plong\u00e9e sous-marine, la plong\u00e9e en apn\u00e9e, la natation et d&rsquo;autres activit\u00e9s sportives nautiques<br \/>\n2. Corps complet \u00e9tanche pour prot\u00e9ger votre appareil photo de l&rsquo;eau, convient parfaitement \u00e0 la cam\u00e9ra d&rsquo;action noire GoPro Hero 12 11 10 9<br \/>\n3. Mat\u00e9riau en PVC haute r\u00e9sistance, \u00e9tanche \u00e0 l&rsquo;eau sous l&rsquo;eau de 45m, anti-poussi\u00e8re, antichoc<br \/>\n4. Lentille en verre tremp\u00e9 haute transmission de haute qualit\u00e9, double rev\u00eatement AF, AR, facile \u00e0 nettoyer et r\u00e9sistant aux rayures<br \/>\n5. Construit avec un support standard \u00e0 d\u00e9gagement rapide, vis longue, facile \u00e0 attacher d&rsquo;autres accessoires<\/p>","protected":false},"featured_media":9104,"comment_status":"open","ping_status":"closed","template":"","meta":{"event_title":"","event_details":"","event_timezone":"","event_gmap":"","event_image":"","event_image_url":"","event_calendar_link":"","event_location":"","event_datetime_with_summary":"","event_datetime":"","event_date_type":"","event_rulesummary":"","event_ticket_rsvp":"","_gspb_post_css":""},"product_brand":[],"product_cat":[131,82],"product_tag":[],"class_list":{"0":"post-9105","1":"product","2":"type-product","3":"status-publish","4":"has-post-thumbnail","6":"product_cat-cameras","7":"product_cat-gadgets","9":"first","10":"instock","11":"sale","12":"shipping-taxable","13":"purchasable","14":"product-type-simple"},"jetpack_sharing_enabled":true,"_links":{"self":[{"href":"https:\/\/espacetechnologie.ma\/ar\/wp-json\/wp\/v2\/product\/9105","targetHints":{"allow":["GET"]}}],"collection":[{"href":"https:\/\/espacetechnologie.ma\/ar\/wp-json\/wp\/v2\/product"}],"about":[{"href":"https:\/\/espacetechnologie.ma\/ar\/wp-json\/wp\/v2\/types\/product"}],"replies":[{"embeddable":true,"href":"https:\/\/espacetechnologie.ma\/ar\/wp-json\/wp\/v2\/comments?post=9105"}],"wp:featuredmedia":[{"embeddable":true,"href":"https:\/\/espacetechnologie.ma\/ar\/wp-json\/wp\/v2\/media\/9104"}],"wp:attachment":[{"href":"https:\/\/espacetechnologie.ma\/ar\/wp-json\/wp\/v2\/media?parent=9105"}],"wp:term":[{"taxonomy":"product_brand","embeddable":true,"href":"https:\/\/espacetechnologie.ma\/ar\/wp-json\/wp\/v2\/product_brand?post=9105"},{"taxonomy":"product_cat","embeddable":true,"href":"https:\/\/espacetechnologie.ma\/ar\/wp-json\/wp\/v2\/product_cat?post=9105"},{"taxonomy":"product_tag","embeddable":true,"href":"https:\/\/espacetechnologie.ma\/ar\/wp-json\/wp\/v2\/product_tag?post=9105"}],"curies":[{"name":"wp","href":"https:\/\/api.w.org\/{rel}","templated":true}]}}