{"id":9098,"date":"2025-07-09T07:56:55","date_gmt":"2025-07-09T06:56:55","guid":{"rendered":"https:\/\/espacetechnologie.ma\/product\/stabilisateur-de-double-poignee-plaque-forme-denregistrement-tenue\/"},"modified":"2025-08-02T16:01:03","modified_gmt":"2025-08-02T15:01:03","slug":"stabilisateur-de-double-poignee-plaque-forme-denregistrement-tenue","status":"publish","type":"product","link":"https:\/\/espacetechnologie.ma\/ar\/product\/stabilisateur-de-double-poignee-plaque-forme-denregistrement-tenue\/","title":{"rendered":"stabilisateur de double poign\u00e9e plaque-forme d&rsquo;enregistrement tenue"},"content":{"rendered":"<p>Caract\u00e9ristique:<br \/>\nAvec 3 supports de chaussures Standard et 2 fils universels 1\/4<br \/>\nUn outil fantastique pour les vid\u00e9astes mobiles, les cin\u00e9astes d&rsquo;iphone.<br \/>\nObtenez une vid\u00e9o fluide et prenez des photos stables et capturez des exp\u00e9riences uniques de la vie.<br \/>\nAvec le filetage universel du tr\u00e9pied 1\/4<br \/>\nCompatible avec iPhone 8 plus ,iPhone x, Samsung,Huawei la plupart des smartphones avec ou sans \u00e9tui de 2in \u00e0 3.5in de large.<br \/>\nDescription:<br \/>\nType d&rsquo;article: plate-forme vid\u00e9o de Smartphone de u-rig Pro<br \/>\nMod\u00e8le: u-rig Pro<br \/>\nPoids: 0.18KG<br \/>\nVolume: 250*130*40mm<br \/>\nMat\u00e9riau: plastique ABS<br \/>\nLe forfait Comprend:<br \/>\n1X appareil vid\u00e9o pour Smartphone u-rig Pro<br \/>\n1X Manuel<br \/>\nNote:<br \/>\nLa d\u00e9viation des couleurs peut diff\u00e9rer en raison des diff\u00e9rents param\u00e8tres de l&rsquo;\u00e9cran.<br \/>\nNous vous fournissons le meilleur produit et service, si vous avez le moindre probl\u00e8me, veuillez nous le faire savoir, et nous r\u00e9soudrons le probl\u00e8me d\u00e8s que possible. Merci beaucoup.<\/p>","protected":false},"excerpt":{"rendered":"<p>Plate-forme vid\u00e9o professionnelle pour smartphone dont la largeur est comprise entre 2,1 et 3,3 pouces.<br \/>\n3 fixations pour sabots pour le montage d&rsquo;accessoires vid\u00e9o tels que lumi\u00e8re LED, micro, etc.<br \/>\nAvec filetage 1\/4<br \/>\nCorps en plastique l\u00e9ger et durable adapt\u00e9 \u00e0 une tenue de longue dur\u00e9e.<br \/>\nLa pince de protection en silicone pour t\u00e9l\u00e9phone poss\u00e8de 2 verrous de fixation pour assurer la s\u00e9curit\u00e9 de votre smartphone.<br \/>\nId\u00e9al pour le macro-tournage, la diffusion en direct par t\u00e9l\u00e9phone, la prise de vue par t\u00e9l\u00e9phone, etc., soyez plus stable et plus professionnel.<\/p>","protected":false},"featured_media":9097,"comment_status":"open","ping_status":"closed","template":"","meta":{"event_title":"","event_details":"","event_timezone":"","event_gmap":"","event_image":"","event_image_url":"","event_calendar_link":"","event_location":"","event_datetime_with_summary":"","event_datetime":"","event_date_type":"","event_rulesummary":"","event_ticket_rsvp":"","_gspb_post_css":""},"product_brand":[],"product_cat":[118,116],"product_tag":[],"class_list":{"0":"post-9098","1":"product","2":"type-product","3":"status-publish","4":"has-post-thumbnail","6":"product_cat-stabilisateurs","7":"product_cat-studio","9":"first","10":"instock","11":"sale","12":"shipping-taxable","13":"purchasable","14":"product-type-simple"},"jetpack_sharing_enabled":true,"_links":{"self":[{"href":"https:\/\/espacetechnologie.ma\/ar\/wp-json\/wp\/v2\/product\/9098","targetHints":{"allow":["GET"]}}],"collection":[{"href":"https:\/\/espacetechnologie.ma\/ar\/wp-json\/wp\/v2\/product"}],"about":[{"href":"https:\/\/espacetechnologie.ma\/ar\/wp-json\/wp\/v2\/types\/product"}],"replies":[{"embeddable":true,"href":"https:\/\/espacetechnologie.ma\/ar\/wp-json\/wp\/v2\/comments?post=9098"}],"wp:featuredmedia":[{"embeddable":true,"href":"https:\/\/espacetechnologie.ma\/ar\/wp-json\/wp\/v2\/media\/9097"}],"wp:attachment":[{"href":"https:\/\/espacetechnologie.ma\/ar\/wp-json\/wp\/v2\/media?parent=9098"}],"wp:term":[{"taxonomy":"product_brand","embeddable":true,"href":"https:\/\/espacetechnologie.ma\/ar\/wp-json\/wp\/v2\/product_brand?post=9098"},{"taxonomy":"product_cat","embeddable":true,"href":"https:\/\/espacetechnologie.ma\/ar\/wp-json\/wp\/v2\/product_cat?post=9098"},{"taxonomy":"product_tag","embeddable":true,"href":"https:\/\/espacetechnologie.ma\/ar\/wp-json\/wp\/v2\/product_tag?post=9098"}],"curies":[{"name":"wp","href":"https:\/\/api.w.org\/{rel}","templated":true}]}}