{"id":9092,"date":"2025-07-09T07:56:53","date_gmt":"2025-07-09T06:56:53","guid":{"rendered":"https:\/\/espacetechnologie.ma\/product\/camera-de-surveillance-ptz-ip-hd-2mpx2-390\/"},"modified":"2025-08-02T13:11:54","modified_gmt":"2025-08-02T12:11:54","slug":"camera-de-surveillance-ptz-ip-hd-2mpx2-390","status":"publish","type":"product","link":"https:\/\/espacetechnologie.ma\/ar\/product\/camera-de-surveillance-ptz-ip-hd-2mpx2-390\/","title":{"rendered":"Cam\u00e9ra de surveillance PTZ IP HD 2MPx2\/390 \u00b0"},"content":{"rendered":"<p>Visualisation en temps r\u00e9el multiplateforme: prise en charge des t\u00e9l\u00e9phones portables (iOS, Android), des tablettes et des ordinateurs, pouvant \u00eatre surveill\u00e9s \u00e0 tout moment.<br \/>\nDeux lentilles: une rotation, une fixe, facile \u00e0 surveiller plus d&rsquo;espace<br \/>\nDeux m\u00e9thodes de connexion r\u00e9seau:<br \/>\nObjectif: 3.6mm<br \/>\nAngle de visualisation: 390 \u00b0<br \/>\nR\u00e9solution: (2MP + 2\u041c\u0420)<br \/>\n\u00c9clairage min.: 0.01LUX-F1.2<br \/>\nMode jour et nuit: Jour couleur, Nuit B &#038; W, Nuit couleur<br \/>\nStockage vid\u00e9o: stockage en nuage\/stockage sur carte TF (128 Go Max)<br \/>\nType de r\u00e9seau sans fil: 2.4G WIFI et point d&rsquo;acc\u00e8s AP<br \/>\nFlip vid\u00e9o: Support<br \/>\nAudio bidirectionnel: Support<br \/>\nD\u00e9tection de mouvement avec suivi: prise en charge<br \/>\nType d&rsquo;APPLI: Prise en charge Android et IOS<\/p>","protected":false},"excerpt":{"rendered":"<p>Description de l&rsquo;article<br \/>\nCam\u00e9ras de surveillance HD PTZ sans fil Webcam de surveillance Wifi Rotation \u00e0 390 \u00b0 T\u00e9l\u00e9phone portable \u00e0 distance Moniteur pour b\u00e9b\u00e9 \u00e0 domicile avec cam\u00e9ra IP<br \/>\nCaract\u00e9ristiques principales:<br \/>\nPrend en charge les modes WiFi et AP. Choisissez la m\u00e9thode de connexion la plus appropri\u00e9e en fonction des diff\u00e9rentes conditions d&rsquo;utilisation.<br \/>\n4) (2MP + 2MP) Qualit\u00e9 d&rsquo;image haute d\u00e9finition et grand angle de vision:<br \/>\nLa qualit\u00e9 HD r\u00e9elle, pas de fausse \u00e9tiquette, l&rsquo;imagerie haute d\u00e9finition et l&rsquo;enregistrement haute d\u00e9finition peuvent enregistrer clairement la dynamique de chaque instant, et les d\u00e9tails de chaque lieu peuvent \u00eatre vraiment restaur\u00e9s.<br \/>\n5) Deux modes de vision nocturne:<br \/>\nVision nocturne infrarouge claire et vision nocturne en couleur.<br \/>\nLa nuit sans lumi\u00e8re peut \u00e9galement capturer la sc\u00e8ne d&rsquo;une hauteur de 20 m\u00e8tres, rendant la nuit plus myst\u00e9rieuse.<br \/>\n6) Int\u00e9grer l&rsquo;enregistrement, le stockage et l&rsquo;acc\u00e8s r\u00e9seau:<br \/>\nPrise en charge de la carte Micro SD, jusqu&rsquo;\u00e0 250 Go. Les 24 heures de vid\u00e9o en temps r\u00e9el seront stock\u00e9es dans la carte TF, l&rsquo;enregistrement en boucle automatique de la carte m\u00e9moire, ne manquez aucun extrait merveilleux. Et le contenu stock\u00e9 est accessible \u00e0 tout moment via le r\u00e9seau<br \/>\n7) Alarme de d\u00e9tection de mouvement:<br \/>\nPrise en charge de la d\u00e9tection de mouvement et des alertes par e-mail. Capturez des captures d&rsquo;\u00e9cran, des vid\u00e9os et des messages d&rsquo;alerte anormaux sur le t\u00e9l\u00e9phone portable de l&rsquo;utilisateur.<br \/>\n8) Effacer l&rsquo;audio bidirectionnel:<br \/>\nAvec le micro et les haut-parleurs int\u00e9gr\u00e9s, la cam\u00e9ra vous permet de rester connect\u00e9 avec votre famille \u00e0 tout moment.<br \/>\n9) Selon votre pays, \u00e9quip\u00e9 d&rsquo;une alimentation \u00e9lectrique appropri\u00e9e (EU\/AU\/US\/UK).<\/p>","protected":false},"featured_media":9091,"comment_status":"open","ping_status":"closed","template":"","meta":{"event_title":"","event_details":"","event_timezone":"","event_gmap":"","event_image":"","event_image_url":"","event_calendar_link":"","event_location":"","event_datetime_with_summary":"","event_datetime":"","event_date_type":"","event_rulesummary":"","event_ticket_rsvp":"","_gspb_post_css":""},"product_brand":[],"product_cat":[131,132],"product_tag":[],"class_list":{"0":"post-9092","1":"product","2":"type-product","3":"status-publish","4":"has-post-thumbnail","6":"product_cat-cameras","7":"product_cat-cameras-de-surveillance","9":"first","10":"instock","11":"sale","12":"shipping-taxable","13":"purchasable","14":"product-type-simple"},"jetpack_sharing_enabled":true,"_links":{"self":[{"href":"https:\/\/espacetechnologie.ma\/ar\/wp-json\/wp\/v2\/product\/9092","targetHints":{"allow":["GET"]}}],"collection":[{"href":"https:\/\/espacetechnologie.ma\/ar\/wp-json\/wp\/v2\/product"}],"about":[{"href":"https:\/\/espacetechnologie.ma\/ar\/wp-json\/wp\/v2\/types\/product"}],"replies":[{"embeddable":true,"href":"https:\/\/espacetechnologie.ma\/ar\/wp-json\/wp\/v2\/comments?post=9092"}],"wp:featuredmedia":[{"embeddable":true,"href":"https:\/\/espacetechnologie.ma\/ar\/wp-json\/wp\/v2\/media\/9091"}],"wp:attachment":[{"href":"https:\/\/espacetechnologie.ma\/ar\/wp-json\/wp\/v2\/media?parent=9092"}],"wp:term":[{"taxonomy":"product_brand","embeddable":true,"href":"https:\/\/espacetechnologie.ma\/ar\/wp-json\/wp\/v2\/product_brand?post=9092"},{"taxonomy":"product_cat","embeddable":true,"href":"https:\/\/espacetechnologie.ma\/ar\/wp-json\/wp\/v2\/product_cat?post=9092"},{"taxonomy":"product_tag","embeddable":true,"href":"https:\/\/espacetechnologie.ma\/ar\/wp-json\/wp\/v2\/product_tag?post=9092"}],"curies":[{"name":"wp","href":"https:\/\/api.w.org\/{rel}","templated":true}]}}