{"id":9059,"date":"2025-07-09T07:56:44","date_gmt":"2025-07-09T06:56:44","guid":{"rendered":"https:\/\/espacetechnologie.ma\/product\/antenne-hdtv-interieure-amplifiee-noire-pour-vhf-fm-numerique-uhf-power-40-milles\/"},"modified":"2025-08-02T16:01:13","modified_gmt":"2025-08-02T15:01:13","slug":"antenne-hdtv-interieure-amplifiee-noire-pour-vhf-fm-numerique-uhf-power-40-milles","status":"publish","type":"product","link":"https:\/\/espacetechnologie.ma\/ar\/product\/antenne-hdtv-interieure-amplifiee-noire-pour-vhf-fm-numerique-uhf-power-40-milles\/","title":{"rendered":"Antenne HDTV int\u00e9rieure amplifi\u00e9e noire pour VHF FM num\u00e9rique UHF Power 40 milles"},"content":{"rendered":"<p>Mat\u00e9riel: plastique<br \/>\nLa couleur noire<br \/>\nTaille du produit: 295x225cm<br \/>\nR\u00e9ception: 40 miles<br \/>\nLongueur du c\u00e2ble: 3 m\u00e8tres<br \/>\nGamme de fr\u00e9quence: VHF 170-230 MHz, UHF 470-862 MHz<br \/>\nGain: 25-30dB<\/p>","protected":false},"excerpt":{"rendered":"<p>Mat\u00e9riel: plastique La couleur noire Taille du produit: 295x225cm R\u00e9ception: 40 miles Longueur du c\u00e2ble: 3 m\u00e8tres Gamme de fr\u00e9quence: VHF 170-230 MHz, UHF 470-862 MHz Gain: 25-30dB<\/p>","protected":false},"featured_media":9058,"comment_status":"open","ping_status":"closed","template":"","meta":{"event_title":"","event_details":"","event_timezone":"","event_gmap":"","event_image":"","event_image_url":"","event_calendar_link":"","event_location":"","event_datetime_with_summary":"","event_datetime":"","event_date_type":"","event_rulesummary":"","event_ticket_rsvp":"","_gspb_post_css":""},"product_brand":[],"product_cat":[125,123],"product_tag":[],"class_list":{"0":"post-9059","1":"product","2":"type-product","3":"status-publish","4":"has-post-thumbnail","6":"product_cat-autres-accessoires-tv","7":"product_cat-tv","9":"first","10":"instock","11":"sale","12":"shipping-taxable","13":"purchasable","14":"product-type-simple"},"jetpack_sharing_enabled":true,"_links":{"self":[{"href":"https:\/\/espacetechnologie.ma\/ar\/wp-json\/wp\/v2\/product\/9059","targetHints":{"allow":["GET"]}}],"collection":[{"href":"https:\/\/espacetechnologie.ma\/ar\/wp-json\/wp\/v2\/product"}],"about":[{"href":"https:\/\/espacetechnologie.ma\/ar\/wp-json\/wp\/v2\/types\/product"}],"replies":[{"embeddable":true,"href":"https:\/\/espacetechnologie.ma\/ar\/wp-json\/wp\/v2\/comments?post=9059"}],"wp:featuredmedia":[{"embeddable":true,"href":"https:\/\/espacetechnologie.ma\/ar\/wp-json\/wp\/v2\/media\/9058"}],"wp:attachment":[{"href":"https:\/\/espacetechnologie.ma\/ar\/wp-json\/wp\/v2\/media?parent=9059"}],"wp:term":[{"taxonomy":"product_brand","embeddable":true,"href":"https:\/\/espacetechnologie.ma\/ar\/wp-json\/wp\/v2\/product_brand?post=9059"},{"taxonomy":"product_cat","embeddable":true,"href":"https:\/\/espacetechnologie.ma\/ar\/wp-json\/wp\/v2\/product_cat?post=9059"},{"taxonomy":"product_tag","embeddable":true,"href":"https:\/\/espacetechnologie.ma\/ar\/wp-json\/wp\/v2\/product_tag?post=9059"}],"curies":[{"name":"wp","href":"https:\/\/api.w.org\/{rel}","templated":true}]}}