{"id":9046,"date":"2025-07-09T07:56:42","date_gmt":"2025-07-09T06:56:42","guid":{"rendered":"https:\/\/espacetechnologie.ma\/product\/controleur-mobile-pubg-gamepad-3-en-1-version-de-mise-a-niveau-sensitive-shoot-aim-avec-power-bank-et-ventilation-pour-couteaux-out-regles-de-survie\/"},"modified":"2025-08-03T06:42:18","modified_gmt":"2025-08-03T05:42:18","slug":"controleur-mobile-pubg-gamepad-3-en-1-version-de-mise-a-niveau-sensitive-shoot-aim-avec-power-bank-et-ventilation-pour-couteaux-out-regles-de-survie","status":"publish","type":"product","link":"https:\/\/espacetechnologie.ma\/ar\/product\/controleur-mobile-pubg-gamepad-3-en-1-version-de-mise-a-niveau-sensitive-shoot-aim-avec-power-bank-et-ventilation-pour-couteaux-out-regles-de-survie\/","title":{"rendered":"Contr\u00f4leur Mobile PUBG Gamepad 3-en-1 Version de Mise \u00e0 Niveau Sensitive Shoot Aim avec Power Bank et Ventilation pour Couteaux Out R\u00e8gles de Survie"},"content":{"rendered":"<p>Appuyez et tirez: assistance rapide lors<br \/>\nde la manipulation du jeu Vous disposerez de suffisamment de temps de r\u00e9action<br \/>\nlorsque vous tirerez sur votre ennemi. Ce contr\u00f4leur vous aidera \u00e0 am\u00e9liorer<br \/>\nl&rsquo;exp\u00e9rience de jeu.<br \/>\nBoutons haute sensibilit\u00e9: la haute<br \/>\npr\u00e9cision rend votre jeu plus excit\u00e9. Il est tr\u00e8s diff\u00e9rent de votre<br \/>\nutilisation personnelle lorsque vous utilisez ce nouvel outil fonctionnel de<br \/>\nmode.<br \/>\nFonctionne avec les tireurs mobiles qui<br \/>\npermettent aux utilisateurs de personnaliser leurs interfaces.<br \/>\nJeux support\u00e9s mais sans que cela soit<br \/>\nlimitatif: R\u00e8gles de survie, Survivor Royale, Knives Out, PUBG Mobile, Critical<br \/>\nOps.<br \/>\nAppareils pris en charge: Pour la<br \/>\nplupart des appareils \u00e0 \u00e9cran tactile de 4,7 \u00e0 6,5 pouces. tous les jeux sur<br \/>\nles t\u00e9l\u00e9phones et tablettes Android ou IOS.<\/p>","protected":false},"excerpt":{"rendered":"<p>Description:<br \/>\nTactile-sensible vous photographiez \u00e0 gauche main mouvement, main droite but<br \/>\nEn haut \u00e0 gauche tir<br \/>\nIl est recommand\u00e9 d&rsquo;utiliser 4.6-6.5 pouces t\u00e9l\u00e9phone portable<br \/>\nDoigts peut doucement tactile contacter sensibilit\u00e9<br \/>\nPlus \u00e9cran tactile dispositifs<br \/>\nPas limit\u00e9e \u00e0 t\u00e9l\u00e9phones portables et \u00e9paisseur.<\/p>\n<p>Sp\u00e9cifications:<br \/>\nL\u00e9ger et portable<br \/>\nExtensible et r\u00e9glable<br \/>\nPoign\u00e9e de jeu pas inclus<br \/>\nLong temps \u00e0 l&rsquo;aide<\/p>\n<p>Emballage inclus:<br \/>\n1 pc<\/p>","protected":false},"featured_media":9045,"comment_status":"open","ping_status":"closed","template":"","meta":{"event_title":"","event_details":"","event_timezone":"","event_gmap":"","event_image":"","event_image_url":"","event_calendar_link":"","event_location":"","event_datetime_with_summary":"","event_datetime":"","event_date_type":"","event_rulesummary":"","event_ticket_rsvp":"","_gspb_post_css":""},"product_brand":[],"product_cat":[90,129,84],"product_tag":[],"class_list":{"0":"post-9046","1":"product","2":"type-product","3":"status-publish","4":"has-post-thumbnail","6":"product_cat-autres-accessoires-smartphone","7":"product_cat-gaming","8":"product_cat-smartphone","10":"first","11":"instock","12":"sale","13":"shipping-taxable","14":"purchasable","15":"product-type-simple"},"jetpack_sharing_enabled":true,"_links":{"self":[{"href":"https:\/\/espacetechnologie.ma\/ar\/wp-json\/wp\/v2\/product\/9046","targetHints":{"allow":["GET"]}}],"collection":[{"href":"https:\/\/espacetechnologie.ma\/ar\/wp-json\/wp\/v2\/product"}],"about":[{"href":"https:\/\/espacetechnologie.ma\/ar\/wp-json\/wp\/v2\/types\/product"}],"replies":[{"embeddable":true,"href":"https:\/\/espacetechnologie.ma\/ar\/wp-json\/wp\/v2\/comments?post=9046"}],"wp:featuredmedia":[{"embeddable":true,"href":"https:\/\/espacetechnologie.ma\/ar\/wp-json\/wp\/v2\/media\/9045"}],"wp:attachment":[{"href":"https:\/\/espacetechnologie.ma\/ar\/wp-json\/wp\/v2\/media?parent=9046"}],"wp:term":[{"taxonomy":"product_brand","embeddable":true,"href":"https:\/\/espacetechnologie.ma\/ar\/wp-json\/wp\/v2\/product_brand?post=9046"},{"taxonomy":"product_cat","embeddable":true,"href":"https:\/\/espacetechnologie.ma\/ar\/wp-json\/wp\/v2\/product_cat?post=9046"},{"taxonomy":"product_tag","embeddable":true,"href":"https:\/\/espacetechnologie.ma\/ar\/wp-json\/wp\/v2\/product_tag?post=9046"}],"curies":[{"name":"wp","href":"https:\/\/api.w.org\/{rel}","templated":true}]}}