{"id":9019,"date":"2025-07-09T07:56:35","date_gmt":"2025-07-09T06:56:35","guid":{"rendered":"https:\/\/espacetechnologie.ma\/product\/sh-ecouteurs-3-5mm-stereo-filaire\/"},"modified":"2025-08-03T07:30:57","modified_gmt":"2025-08-03T06:30:57","slug":"sh-ecouteurs-3-5mm-stereo-filaire","status":"publish","type":"product","link":"https:\/\/espacetechnologie.ma\/ar\/product\/sh-ecouteurs-3-5mm-stereo-filaire\/","title":{"rendered":"SH \u00e9couteurs 3.5mm st\u00e9r\u00e9o filaire"},"content":{"rendered":"<p>earpods haute qualit\u00e9<br \/>\nBasses plus profondes et plus riches<br \/>\nMeilleure protection contre la transpiration et l&rsquo;eau<br \/>\nContr\u00f4le de la lecture audio et vid\u00e9o<br \/>\nr\u00e9pondre et\u00a0 mettre fin aux appels<\/p>","protected":false},"excerpt":{"rendered":"<p>earpods haute qualit\u00e9 Basses plus profondes et plus riches Meilleure protection contre la transpiration et l&rsquo;eau Contr\u00f4le de la lecture audio et vid\u00e9o r\u00e9pondre et\u00a0 mettre fin aux appels<\/p>","protected":false},"featured_media":9018,"comment_status":"open","ping_status":"closed","template":"","meta":{"event_title":"","event_details":"","event_timezone":"","event_gmap":"","event_image":"","event_image_url":"","event_calendar_link":"","event_location":"","event_datetime_with_summary":"","event_datetime":"","event_date_type":"","event_rulesummary":"","event_ticket_rsvp":"","_gspb_post_css":""},"product_brand":[],"product_cat":[107,108],"product_tag":[],"class_list":{"0":"post-9019","1":"product","2":"type-product","3":"status-publish","4":"has-post-thumbnail","6":"product_cat-audio","7":"product_cat-ecouteurs-filaires","9":"first","10":"instock","11":"sale","12":"shipping-taxable","13":"purchasable","14":"product-type-simple"},"jetpack_sharing_enabled":true,"_links":{"self":[{"href":"https:\/\/espacetechnologie.ma\/ar\/wp-json\/wp\/v2\/product\/9019","targetHints":{"allow":["GET"]}}],"collection":[{"href":"https:\/\/espacetechnologie.ma\/ar\/wp-json\/wp\/v2\/product"}],"about":[{"href":"https:\/\/espacetechnologie.ma\/ar\/wp-json\/wp\/v2\/types\/product"}],"replies":[{"embeddable":true,"href":"https:\/\/espacetechnologie.ma\/ar\/wp-json\/wp\/v2\/comments?post=9019"}],"wp:featuredmedia":[{"embeddable":true,"href":"https:\/\/espacetechnologie.ma\/ar\/wp-json\/wp\/v2\/media\/9018"}],"wp:attachment":[{"href":"https:\/\/espacetechnologie.ma\/ar\/wp-json\/wp\/v2\/media?parent=9019"}],"wp:term":[{"taxonomy":"product_brand","embeddable":true,"href":"https:\/\/espacetechnologie.ma\/ar\/wp-json\/wp\/v2\/product_brand?post=9019"},{"taxonomy":"product_cat","embeddable":true,"href":"https:\/\/espacetechnologie.ma\/ar\/wp-json\/wp\/v2\/product_cat?post=9019"},{"taxonomy":"product_tag","embeddable":true,"href":"https:\/\/espacetechnologie.ma\/ar\/wp-json\/wp\/v2\/product_tag?post=9019"}],"curies":[{"name":"wp","href":"https:\/\/api.w.org\/{rel}","templated":true}]}}